{"id":5265,"date":"2021-10-14T21:37:17","date_gmt":"2021-10-14T21:37:17","guid":{"rendered":"https:\/\/www.berin.fo\/?page_id=5265"},"modified":"2024-07-18T09:21:18","modified_gmt":"2024-07-18T09:21:18","slug":"studul","status":"publish","type":"page","link":"https:\/\/www.berin.fo\/uk\/studla-beranum\/studul\/","title":{"rendered":"Stu\u00f0ul"},"content":{"rendered":"\n<div class=\"wp-block-cover alignfull is-light\"><span aria-hidden=\"true\" class=\"wp-block-cover__background has-background-dim-10 has-background-dim\"><\/span><img loading=\"lazy\" decoding=\"async\" width=\"2048\" height=\"1365\" class=\"wp-block-cover__image-background wp-image-2053\" alt=\"\" src=\"https:\/\/www.berin.fo\/wp-content\/uploads\/2023\/02\/Um-sorg13.jpg\" style=\"object-position:48% 44%\" data-object-fit=\"cover\" data-object-position=\"48% 44%\" srcset=\"https:\/\/www.berin.fo\/wp-content\/uploads\/2023\/02\/Um-sorg13.jpg 2048w, https:\/\/www.berin.fo\/wp-content\/uploads\/2023\/02\/Um-sorg13-800x533.jpg 800w, https:\/\/www.berin.fo\/wp-content\/uploads\/2023\/02\/Um-sorg13-1600x1066.jpg 1600w, https:\/\/www.berin.fo\/wp-content\/uploads\/2023\/02\/Um-sorg13-768x512.jpg 768w, https:\/\/www.berin.fo\/wp-content\/uploads\/2023\/02\/Um-sorg13-200x133.jpg 200w, https:\/\/www.berin.fo\/wp-content\/uploads\/2023\/02\/Um-sorg13-1536x1024.jpg 1536w, https:\/\/www.berin.fo\/wp-content\/uploads\/2023\/02\/Um-sorg13-600x400.jpg 600w\" sizes=\"auto, (max-width: 2048px) 100vw, 2048px\" \/><div class=\"wp-block-cover__inner-container is-layout-flow wp-block-cover-is-layout-flow\">\n<h2 class=\"wp-block-heading has-text-align-center has-white-color has-text-color\">T\u00fa kanst eisini gera mun<\/h2>\n<\/div><\/div>\n\n\n\n<div style=\"height:60px\" aria-hidden=\"true\" class=\"wp-block-spacer\"><\/div>\n\n\n\n<p>Ynskir t\u00fa f\u00edggjarliga at stu\u00f0la arbei\u00f0inum hj\u00e1 Beranum, ert t\u00fa v\u00e6lkomin at geva eina peningaliga stu\u00f0ulsg\u00e1vu ella geva eina minnisg\u00e1vu \u00ed samband vi\u00f0 jar\u00f0arfer\u00f0. Ta\u00f0 ber eisini til at skr\u00e1seta seg sum lim \u00ed Beranum.<\/p>\n\n\n\n<p>Eru n\u00f8kur ivam\u00e1l ert t\u00fa v\u00e6lkomin at seta teg \u00ed samband vi\u00f0 okkum.<\/p>\n\n\n\n<div style=\"height:60px\" aria-hidden=\"true\" class=\"wp-block-spacer\"><\/div>\n\n\n\n<div class=\"wp-block-columns alignwide is-layout-flex wp-container-core-columns-is-layout-9d6595d7 wp-block-columns-is-layout-flex\">\n<div class=\"wp-block-column is-layout-flow wp-block-column-is-layout-flow\">\n<div>\n            <a\n            href=\"\/studla-okkum\/studulsgava\/\"\n        >\n            \n\n<div class=\"wp-block-cover is-light\" style=\"min-height:400px;aspect-ratio:unset;\"><span aria-hidden=\"true\" class=\"wp-block-cover__background has-background-dim-10 has-background-dim\"><\/span><img loading=\"lazy\" decoding=\"async\" width=\"2048\" height=\"1365\" class=\"wp-block-cover__image-background wp-image-1996\" alt=\"\" src=\"https:\/\/www.berin.fo\/wp-content\/uploads\/2023\/02\/Samrodur4.jpg\" data-object-fit=\"cover\" srcset=\"https:\/\/www.berin.fo\/wp-content\/uploads\/2023\/02\/Samrodur4.jpg 2048w, https:\/\/www.berin.fo\/wp-content\/uploads\/2023\/02\/Samrodur4-800x533.jpg 800w, https:\/\/www.berin.fo\/wp-content\/uploads\/2023\/02\/Samrodur4-1600x1066.jpg 1600w, https:\/\/www.berin.fo\/wp-content\/uploads\/2023\/02\/Samrodur4-768x512.jpg 768w, https:\/\/www.berin.fo\/wp-content\/uploads\/2023\/02\/Samrodur4-200x133.jpg 200w, https:\/\/www.berin.fo\/wp-content\/uploads\/2023\/02\/Samrodur4-1536x1024.jpg 1536w, https:\/\/www.berin.fo\/wp-content\/uploads\/2023\/02\/Samrodur4-600x400.jpg 600w\" sizes=\"auto, (max-width: 2048px) 100vw, 2048px\" \/><div class=\"wp-block-cover__inner-container is-layout-flow wp-block-cover-is-layout-flow\">\n<p class=\"has-text-align-center has-white-color has-text-color has-large-font-size\">\u0411\u043b\u0430\u0433\u043e\u0434\u0456\u0439\u043d\u0438\u0439 \u0432\u043d\u0435\u0441\u043e\u043a<\/p>\n<\/div><\/div>\n\n\n        <\/a>\n    <\/div><\/div>\n\n\n\n<div class=\"wp-block-column is-layout-flow wp-block-column-is-layout-flow\">\n<div>\n            <a\n            href=\"\/studla-okkum\/minnisgava\/\"\n        >\n            \n\n<div class=\"wp-block-cover is-light\" style=\"min-height:400px;aspect-ratio:unset;\"><span aria-hidden=\"true\" class=\"wp-block-cover__background has-background-dim-10 has-background-dim\"><\/span><img loading=\"lazy\" decoding=\"async\" width=\"2560\" height=\"1707\" class=\"wp-block-cover__image-background wp-image-4217\" alt=\"\" src=\"https:\/\/www.berin.fo\/wp-content\/uploads\/2023\/08\/Studul2.jpg\" style=\"object-position:34% 50%\" data-object-fit=\"cover\" data-object-position=\"34% 50%\" srcset=\"https:\/\/www.berin.fo\/wp-content\/uploads\/2023\/08\/Studul2.jpg 2560w, https:\/\/www.berin.fo\/wp-content\/uploads\/2023\/08\/Studul2-800x533.jpg 800w, https:\/\/www.berin.fo\/wp-content\/uploads\/2023\/08\/Studul2-1600x1067.jpg 1600w, https:\/\/www.berin.fo\/wp-content\/uploads\/2023\/08\/Studul2-768x512.jpg 768w, https:\/\/www.berin.fo\/wp-content\/uploads\/2023\/08\/Studul2-200x133.jpg 200w, https:\/\/www.berin.fo\/wp-content\/uploads\/2023\/08\/Studul2-1536x1024.jpg 1536w, https:\/\/www.berin.fo\/wp-content\/uploads\/2023\/08\/Studul2-2048x1365.jpg 2048w, https:\/\/www.berin.fo\/wp-content\/uploads\/2023\/08\/Studul2-600x400.jpg 600w\" sizes=\"auto, (max-width: 2560px) 100vw, 2560px\" \/><div class=\"wp-block-cover__inner-container is-layout-flow wp-block-cover-is-layout-flow\">\n<p class=\"has-text-align-center has-white-color has-text-color has-large-font-size\">\u0411\u043b\u0430\u0433\u043e\u0434\u0456\u0439\u043d\u0438\u0439 \u0432\u043d\u0435\u0441\u043e\u043a \u0432 \u043f\u0430\u043c\u2019\u044f\u0442\u044c \u043f\u0440\u043e \u043f\u043e\u043c\u0435\u0440\u043b\u0443 \u043e\u0441\u043e\u0431\u0443<\/p>\n<\/div><\/div>\n\n\n        <\/a>\n    <\/div><\/div>\n\n\n\n<div class=\"wp-block-column is-layout-flow wp-block-column-is-layout-flow\">\n<div>\n            <a\n            href=\"https:\/\/www.minrokning.fo\/portal\/templatePayer\/33G4OHtNjZV7iulBNGtUHIgmD46Ui04ZryVRifAAlCkciM_98EjqKAoGB4kJCX0DD3dnrYE5YZWsrBOdoFfFsw2\"\n        >\n            \n\n<div class=\"wp-block-cover is-light\" style=\"min-height:400px;aspect-ratio:unset;\"><span aria-hidden=\"true\" class=\"wp-block-cover__background has-background-dim-10 has-background-dim\"><\/span><img loading=\"lazy\" decoding=\"async\" width=\"2048\" height=\"1365\" class=\"wp-block-cover__image-background wp-image-3649\" alt=\"\" src=\"https:\/\/www.berin.fo\/wp-content\/uploads\/2023\/06\/Um-sorg8.jpg\" style=\"object-position:99% 100%\" data-object-fit=\"cover\" data-object-position=\"99% 100%\" srcset=\"https:\/\/www.berin.fo\/wp-content\/uploads\/2023\/06\/Um-sorg8.jpg 2048w, https:\/\/www.berin.fo\/wp-content\/uploads\/2023\/06\/Um-sorg8-800x533.jpg 800w, https:\/\/www.berin.fo\/wp-content\/uploads\/2023\/06\/Um-sorg8-1600x1066.jpg 1600w, https:\/\/www.berin.fo\/wp-content\/uploads\/2023\/06\/Um-sorg8-768x512.jpg 768w, https:\/\/www.berin.fo\/wp-content\/uploads\/2023\/06\/Um-sorg8-200x133.jpg 200w, https:\/\/www.berin.fo\/wp-content\/uploads\/2023\/06\/Um-sorg8-1536x1024.jpg 1536w, https:\/\/www.berin.fo\/wp-content\/uploads\/2023\/06\/Um-sorg8-600x400.jpg 600w\" sizes=\"auto, (max-width: 2048px) 100vw, 2048px\" \/><div class=\"wp-block-cover__inner-container is-layout-flow wp-block-cover-is-layout-flow\">\n<p class=\"has-text-align-center has-white-color has-text-color has-large-font-size\">\u0417\u0430\u0440\u0435\u0454\u0441\u0442\u0440\u0443\u0432\u0430\u0442\u0438\u0441\u044f \u0432 Berin<\/p>\n<\/div><\/div>\n\n\n        <\/a>\n    <\/div><\/div>\n<\/div>\n\n\n\n<div style=\"height:100px\" aria-hidden=\"true\" class=\"wp-block-spacer\"><\/div>\n","protected":false},"excerpt":{"rendered":"<p>Ynskir t\u00fa f\u00edggjarliga at stu\u00f0la arbei\u00f0inum hj\u00e1 Beranum, ert t\u00fa v\u00e6lkomin at geva eina peningaliga stu\u00f0ulsg\u00e1vu ella geva eina minnisg\u00e1vu \u00ed samband vi\u00f0 jar\u00f0arfer\u00f0. Ta\u00f0 ber eisini til at skr\u00e1seta seg sum lim \u00ed Beranum. Eru n\u00f8kur ivam\u00e1l ert t\u00fa v\u00e6lkomin at seta teg \u00ed samband vi\u00f0 okkum.<\/p>\n","protected":false},"author":2,"featured_media":0,"parent":5251,"menu_order":21,"comment_status":"closed","ping_status":"closed","template":"","meta":{"_acf_changed":false,"footnotes":"","_links_to":"","_links_to_target":""},"class_list":["post-5265","page","type-page","status-publish","hentry"],"acf":[],"yoast_head":"<!-- This site is optimized with the Yoast SEO plugin v27.5 - https:\/\/yoast.com\/product\/yoast-seo-wordpress\/ -->\n<title>Stu\u00f0ul - Berin<\/title>\n<meta name=\"robots\" content=\"index, follow, max-snippet:-1, max-image-preview:large, max-video-preview:-1\" \/>\n<link rel=\"canonical\" href=\"https:\/\/www.berin.fo\/uk\/studla-beranum\/studul\/\" \/>\n<meta property=\"og:locale\" content=\"uk_UA\" \/>\n<meta property=\"og:type\" content=\"article\" \/>\n<meta property=\"og:title\" content=\"Stu\u00f0ul - Berin\" \/>\n<meta property=\"og:description\" content=\"Ynskir t\u00fa f\u00edggjarliga at stu\u00f0la arbei\u00f0inum hj\u00e1 Beranum, ert t\u00fa v\u00e6lkomin at geva eina peningaliga stu\u00f0ulsg\u00e1vu ella geva eina minnisg\u00e1vu \u00ed samband vi\u00f0 jar\u00f0arfer\u00f0. Ta\u00f0 ber eisini til at skr\u00e1seta seg sum lim \u00ed Beranum. Eru n\u00f8kur ivam\u00e1l ert t\u00fa v\u00e6lkomin at seta teg \u00ed samband vi\u00f0 okkum.\" \/>\n<meta property=\"og:url\" content=\"https:\/\/www.berin.fo\/uk\/studla-beranum\/studul\/\" \/>\n<meta property=\"og:site_name\" content=\"Berin\" \/>\n<meta property=\"article:modified_time\" content=\"2024-07-18T09:21:18+00:00\" \/>\n<meta property=\"og:image\" content=\"https:\/\/www.berin.fo\/wp-content\/uploads\/2023\/02\/Um-sorg13.jpg\" \/>\n<meta name=\"twitter:card\" content=\"summary_large_image\" \/>\n<meta name=\"twitter:label1\" content=\"\u041f\u0440\u0438\u0431\u043b. \u0447\u0430\u0441 \u0447\u0438\u0442\u0430\u043d\u043d\u044f\" \/>\n\t<meta name=\"twitter:data1\" content=\"2 \u0445\u0432\u0438\u043b\u0438\u043d\u0438\" \/>\n<script type=\"application\/ld+json\" class=\"yoast-schema-graph\">{\"@context\":\"https:\\\/\\\/schema.org\",\"@graph\":[{\"@type\":\"WebPage\",\"@id\":\"https:\\\/\\\/www.berin.fo\\\/uk\\\/studla-beranum\\\/studul\\\/\",\"url\":\"https:\\\/\\\/www.berin.fo\\\/uk\\\/studla-beranum\\\/studul\\\/\",\"name\":\"Stu\u00f0ul - Berin\",\"isPartOf\":{\"@id\":\"https:\\\/\\\/www.berin.fo\\\/#website\"},\"primaryImageOfPage\":{\"@id\":\"https:\\\/\\\/www.berin.fo\\\/uk\\\/studla-beranum\\\/studul\\\/#primaryimage\"},\"image\":{\"@id\":\"https:\\\/\\\/www.berin.fo\\\/uk\\\/studla-beranum\\\/studul\\\/#primaryimage\"},\"thumbnailUrl\":\"https:\\\/\\\/www.berin.fo\\\/wp-content\\\/uploads\\\/2023\\\/02\\\/Um-sorg13.jpg\",\"datePublished\":\"2021-10-14T21:37:17+00:00\",\"dateModified\":\"2024-07-18T09:21:18+00:00\",\"breadcrumb\":{\"@id\":\"https:\\\/\\\/www.berin.fo\\\/uk\\\/studla-beranum\\\/studul\\\/#breadcrumb\"},\"inLanguage\":\"uk\",\"potentialAction\":[{\"@type\":\"ReadAction\",\"target\":[\"https:\\\/\\\/www.berin.fo\\\/uk\\\/studla-beranum\\\/studul\\\/\"]}]},{\"@type\":\"ImageObject\",\"inLanguage\":\"uk\",\"@id\":\"https:\\\/\\\/www.berin.fo\\\/uk\\\/studla-beranum\\\/studul\\\/#primaryimage\",\"url\":\"https:\\\/\\\/www.berin.fo\\\/wp-content\\\/uploads\\\/2023\\\/02\\\/Um-sorg13.jpg\",\"contentUrl\":\"https:\\\/\\\/www.berin.fo\\\/wp-content\\\/uploads\\\/2023\\\/02\\\/Um-sorg13.jpg\"},{\"@type\":\"BreadcrumbList\",\"@id\":\"https:\\\/\\\/www.berin.fo\\\/uk\\\/studla-beranum\\\/studul\\\/#breadcrumb\",\"itemListElement\":[{\"@type\":\"ListItem\",\"position\":1,\"name\":\"Home\",\"item\":\"https:\\\/\\\/www.berin.fo\\\/uk\\\/\"},{\"@type\":\"ListItem\",\"position\":2,\"name\":\"Stu\u00f0la Beranum\",\"item\":\"https:\\\/\\\/www.berin.fo\\\/uk\\\/studla-beranum\\\/\"},{\"@type\":\"ListItem\",\"position\":3,\"name\":\"Stu\u00f0ul\"}]},{\"@type\":\"WebSite\",\"@id\":\"https:\\\/\\\/www.berin.fo\\\/#website\",\"url\":\"https:\\\/\\\/www.berin.fo\\\/\",\"name\":\"Berin\",\"description\":\"Berin\",\"potentialAction\":[{\"@type\":\"SearchAction\",\"target\":{\"@type\":\"EntryPoint\",\"urlTemplate\":\"https:\\\/\\\/www.berin.fo\\\/?s={search_term_string}\"},\"query-input\":{\"@type\":\"PropertyValueSpecification\",\"valueRequired\":true,\"valueName\":\"search_term_string\"}}],\"inLanguage\":\"uk\"}]}<\/script>\n<!-- \/ Yoast SEO plugin. -->","yoast_head_json":{"title":"Stu\u00f0ul - Berin","robots":{"index":"index","follow":"follow","max-snippet":"max-snippet:-1","max-image-preview":"max-image-preview:large","max-video-preview":"max-video-preview:-1"},"canonical":"https:\/\/www.berin.fo\/uk\/studla-beranum\/studul\/","og_locale":"uk_UA","og_type":"article","og_title":"Stu\u00f0ul - Berin","og_description":"Ynskir t\u00fa f\u00edggjarliga at stu\u00f0la arbei\u00f0inum hj\u00e1 Beranum, ert t\u00fa v\u00e6lkomin at geva eina peningaliga stu\u00f0ulsg\u00e1vu ella geva eina minnisg\u00e1vu \u00ed samband vi\u00f0 jar\u00f0arfer\u00f0. Ta\u00f0 ber eisini til at skr\u00e1seta seg sum lim \u00ed Beranum. Eru n\u00f8kur ivam\u00e1l ert t\u00fa v\u00e6lkomin at seta teg \u00ed samband vi\u00f0 okkum.","og_url":"https:\/\/www.berin.fo\/uk\/studla-beranum\/studul\/","og_site_name":"Berin","article_modified_time":"2024-07-18T09:21:18+00:00","og_image":[{"url":"https:\/\/www.berin.fo\/wp-content\/uploads\/2023\/02\/Um-sorg13.jpg","type":"","width":"","height":""}],"twitter_card":"summary_large_image","twitter_misc":{"\u041f\u0440\u0438\u0431\u043b. \u0447\u0430\u0441 \u0447\u0438\u0442\u0430\u043d\u043d\u044f":"2 \u0445\u0432\u0438\u043b\u0438\u043d\u0438"},"schema":{"@context":"https:\/\/schema.org","@graph":[{"@type":"WebPage","@id":"https:\/\/www.berin.fo\/uk\/studla-beranum\/studul\/","url":"https:\/\/www.berin.fo\/uk\/studla-beranum\/studul\/","name":"Stu\u00f0ul - Berin","isPartOf":{"@id":"https:\/\/www.berin.fo\/#website"},"primaryImageOfPage":{"@id":"https:\/\/www.berin.fo\/uk\/studla-beranum\/studul\/#primaryimage"},"image":{"@id":"https:\/\/www.berin.fo\/uk\/studla-beranum\/studul\/#primaryimage"},"thumbnailUrl":"https:\/\/www.berin.fo\/wp-content\/uploads\/2023\/02\/Um-sorg13.jpg","datePublished":"2021-10-14T21:37:17+00:00","dateModified":"2024-07-18T09:21:18+00:00","breadcrumb":{"@id":"https:\/\/www.berin.fo\/uk\/studla-beranum\/studul\/#breadcrumb"},"inLanguage":"uk","potentialAction":[{"@type":"ReadAction","target":["https:\/\/www.berin.fo\/uk\/studla-beranum\/studul\/"]}]},{"@type":"ImageObject","inLanguage":"uk","@id":"https:\/\/www.berin.fo\/uk\/studla-beranum\/studul\/#primaryimage","url":"https:\/\/www.berin.fo\/wp-content\/uploads\/2023\/02\/Um-sorg13.jpg","contentUrl":"https:\/\/www.berin.fo\/wp-content\/uploads\/2023\/02\/Um-sorg13.jpg"},{"@type":"BreadcrumbList","@id":"https:\/\/www.berin.fo\/uk\/studla-beranum\/studul\/#breadcrumb","itemListElement":[{"@type":"ListItem","position":1,"name":"Home","item":"https:\/\/www.berin.fo\/uk\/"},{"@type":"ListItem","position":2,"name":"Stu\u00f0la Beranum","item":"https:\/\/www.berin.fo\/uk\/studla-beranum\/"},{"@type":"ListItem","position":3,"name":"Stu\u00f0ul"}]},{"@type":"WebSite","@id":"https:\/\/www.berin.fo\/#website","url":"https:\/\/www.berin.fo\/","name":"Berin","description":"Berin","potentialAction":[{"@type":"SearchAction","target":{"@type":"EntryPoint","urlTemplate":"https:\/\/www.berin.fo\/?s={search_term_string}"},"query-input":{"@type":"PropertyValueSpecification","valueRequired":true,"valueName":"search_term_string"}}],"inLanguage":"uk"}]}},"_links":{"self":[{"href":"https:\/\/www.berin.fo\/uk\/wp-json\/wp\/v2\/pages\/5265","targetHints":{"allow":["GET"]}}],"collection":[{"href":"https:\/\/www.berin.fo\/uk\/wp-json\/wp\/v2\/pages"}],"about":[{"href":"https:\/\/www.berin.fo\/uk\/wp-json\/wp\/v2\/types\/page"}],"author":[{"embeddable":true,"href":"https:\/\/www.berin.fo\/uk\/wp-json\/wp\/v2\/users\/2"}],"replies":[{"embeddable":true,"href":"https:\/\/www.berin.fo\/uk\/wp-json\/wp\/v2\/comments?post=5265"}],"version-history":[{"count":1,"href":"https:\/\/www.berin.fo\/uk\/wp-json\/wp\/v2\/pages\/5265\/revisions"}],"predecessor-version":[{"id":5266,"href":"https:\/\/www.berin.fo\/uk\/wp-json\/wp\/v2\/pages\/5265\/revisions\/5266"}],"up":[{"embeddable":true,"href":"https:\/\/www.berin.fo\/uk\/wp-json\/wp\/v2\/pages\/5251"}],"wp:attachment":[{"href":"https:\/\/www.berin.fo\/uk\/wp-json\/wp\/v2\/media?parent=5265"}],"curies":[{"name":"wp","href":"https:\/\/api.w.org\/{rel}","templated":true}]}}