{"id":5249,"date":"2023-02-24T13:43:34","date_gmt":"2023-02-24T13:43:34","guid":{"rendered":"https:\/\/www.berin.fo\/?page_id=5249"},"modified":"2024-07-18T09:07:03","modified_gmt":"2024-07-18T09:07:03","slug":"tidindabraev","status":"publish","type":"page","link":"https:\/\/www.berin.fo\/uk\/tidindabraev\/","title":{"rendered":"T\u00ed\u00f0indabr\u00e6v"},"content":{"rendered":"\n<div class=\"wp-block-cover alignfull is-light\"><span aria-hidden=\"true\" class=\"wp-block-cover__background has-background-dim-10 has-background-dim\"><\/span><img loading=\"lazy\" decoding=\"async\" width=\"2048\" height=\"1365\" class=\"wp-block-cover__image-background wp-image-4237\" alt=\"\" src=\"https:\/\/www.berin.fo\/wp-content\/uploads\/2023\/08\/Tidindabraev.jpg\" data-object-fit=\"cover\" srcset=\"https:\/\/www.berin.fo\/wp-content\/uploads\/2023\/08\/Tidindabraev.jpg 2048w, https:\/\/www.berin.fo\/wp-content\/uploads\/2023\/08\/Tidindabraev-800x533.jpg 800w, https:\/\/www.berin.fo\/wp-content\/uploads\/2023\/08\/Tidindabraev-1600x1066.jpg 1600w, https:\/\/www.berin.fo\/wp-content\/uploads\/2023\/08\/Tidindabraev-768x512.jpg 768w, https:\/\/www.berin.fo\/wp-content\/uploads\/2023\/08\/Tidindabraev-200x133.jpg 200w, https:\/\/www.berin.fo\/wp-content\/uploads\/2023\/08\/Tidindabraev-1536x1024.jpg 1536w, https:\/\/www.berin.fo\/wp-content\/uploads\/2023\/08\/Tidindabraev-600x400.jpg 600w\" sizes=\"auto, (max-width: 2048px) 100vw, 2048px\" \/><div class=\"wp-block-cover__inner-container is-layout-flow wp-block-cover-is-layout-flow\">\n<h2 class=\"wp-block-heading has-text-align-center has-white-color has-text-color has-large-font-size\">\u0420\u043e\u0437\u0441\u0438\u043b\u043a\u0430 \u043d\u043e\u0432\u0438\u043d<\/h2>\n<\/div><\/div>\n\n\n\n<div style=\"height:40px\" aria-hidden=\"true\" class=\"wp-block-spacer\"><\/div>\n\n\n\n<p>Her ber til at melda seg til t\u00ed\u00f0indabr\u00e6v fr\u00e1 Beranum.<\/p>\n\n\n\n<div style=\"height:40px\" aria-hidden=\"true\" class=\"wp-block-spacer\"><\/div>\n\n\n<noscript class=\"ninja-forms-noscript-message\">\n\t\u041f\u0430\u043c\u2019\u044f\u0442\u0430\u0439\u0442\u0435: \u0434\u043b\u044f \u0446\u044c\u043e\u0433\u043e \u0432\u043c\u0456\u0441\u0442\u0443 \u043f\u043e\u0442\u0440\u0456\u0431\u0435\u043d JavaScript.<\/noscript>\n<div id=\"nf-form-2-cont\" class=\"nf-form-cont\" aria-live=\"polite\" aria-labelledby=\"nf-form-title-2\" aria-describedby=\"nf-form-errors-2\" role=\"form\">\n\n    <div class=\"nf-loading-spinner\"><\/div>\n\n<\/div>\n        <!-- That data is being printed as a workaround to page builders reordering the order of the scripts loaded-->\n        <script>var formDisplay=1;var nfForms=nfForms||[];var form=[];form.id='2';form.settings={\"objectType\":\"Form Setting\",\"editActive\":true,\"title\":\"T\\u00ed\\u00f0indabr\\u00e6v\",\"show_title\":0,\"allow_public_link\":0,\"embed_form\":\"\",\"clear_complete\":1,\"hide_complete\":1,\"default_label_pos\":\"above\",\"wrapper_class\":\"\",\"element_class\":\"\",\"form_title_heading_level\":\"3\",\"key\":\"\",\"add_submit\":0,\"currency\":\"\",\"unique_field_error\":\"A form with this value has already been submitted.\",\"logged_in\":false,\"not_logged_in_msg\":\"\",\"sub_limit_msg\":\"The form has reached its submission limit.\",\"calculations\":[],\"formContentData\":[\"navn_name_1695898636581\",\"teldupostbustadur_email_1695898643203\",\"eg_vil_gjarna_mottaka_tidindabraev_i_want_to_receive_the_newsletter_1695898665133\",\"send_1677246163418\"],\"changeEmailErrorMsg\":\"\\u0412\\u0432\\u0435\\u0434\\u0456\\u0442\\u044c \\u0434\\u0456\\u0439\\u0441\\u043d\\u0443 \\u0430\\u0434\\u0440\\u0435\\u0441\\u0443 \\u0435\\u043b\\u0435\\u043a\\u0442\\u0440\\u043e\\u043d\\u043d\\u043e\\u0457 \\u043f\\u043e\\u0448\\u0442\\u0438!\",\"changeDateErrorMsg\":\"Please enter a valid date!\",\"confirmFieldErrorMsg\":\"\\u0412\\u043c\\u0456\\u0441\\u0442 \\u0446\\u0438\\u0445 \\u043f\\u043e\\u043b\\u0456\\u0432 \\u043c\\u0430\\u0454 \\u0437\\u0431\\u0456\\u0433\\u0430\\u0442\\u0438\\u0441\\u044f!\",\"fieldNumberNumMinError\":\"\\u041c\\u0456\\u043d. \\u043d\\u043e\\u043c\\u0435\\u0440 \\u043f\\u043e\\u043c\\u0438\\u043b\\u043a\\u0438\",\"fieldNumberNumMaxError\":\"\\u041c\\u0430\\u043a\\u0441. \\u043d\\u043e\\u043c\\u0435\\u0440 \\u043f\\u043e\\u043c\\u0438\\u043b\\u043a\\u0438\",\"fieldNumberIncrementBy\":\"\\u0417\\u0431\\u0456\\u043b\\u044c\\u0448\\u0443\\u0439\\u0442\\u0435 \\u0437 \\u043a\\u0440\\u043e\\u043a\\u043e\\u043c \",\"formErrorsCorrectErrors\":\"\\u0412\\u0438\\u043f\\u0440\\u0430\\u0432\\u0442\\u0435 \\u043f\\u043e\\u043c\\u0438\\u043b\\u043a\\u0438 \\u043f\\u0435\\u0440\\u0435\\u0434 \\u0442\\u0438\\u043c, \\u044f\\u043a \\u043d\\u0430\\u0434\\u0441\\u0438\\u043b\\u0430\\u0442\\u0438 \\u0446\\u044e \\u0444\\u043e\\u0440\\u043c\\u0443.\",\"validateRequiredField\":\"\\u0426\\u0435 \\u043e\\u0431\\u043e\\u0432&#039;\\u044f\\u0437\\u043a\\u043e\\u0432\\u0435 \\u0434\\u043b\\u044f \\u0437\\u0430\\u043f\\u043e\\u0432\\u043d\\u0435\\u043d\\u043d\\u044f \\u043f\\u043e\\u043b\\u0435.\",\"honeypotHoneypotError\":\"\\u041f\\u043e\\u043c\\u0438\\u043b\\u043a\\u0430 Honeypot\",\"fieldsMarkedRequired\":\"\\u041f\\u043e\\u043b\\u044f, \\u043f\\u043e\\u0437\\u043d\\u0430\\u0447\\u0435\\u043d\\u0456 \\u0437\\u0456\\u0440\\u043e\\u0447\\u043a\\u043e\\u044e (<span class=\\\"ninja-forms-req-symbol\\\">*<\\\/span>), \\u043e\\u0431\\u043e\\u0432&#039;\\u044f\\u0437\\u043a\\u043e\\u0432\\u0456 \\u0434\\u043e \\u0437\\u0430\\u043f\\u043e\\u0432\\u043d\\u0435\\u043d\\u043d\\u044f\",\"drawerDisabled\":false,\"ninjaForms\":\"Ninja Forms\",\"fieldTextareaRTEInsertLink\":\"\\u0412\\u0441\\u0442\\u0430\\u0432\\u0438\\u0442\\u0438 \\u043f\\u043e\\u0441\\u0438\\u043b\\u0430\\u043d\\u043d\\u044f\",\"fieldTextareaRTEInsertMedia\":\"\\u0412\\u0441\\u0442\\u0430\\u0432\\u0438\\u0442\\u0438 \\u043c\\u0435\\u0434\\u0456\\u0430\\u0444\\u0430\\u0439\\u043b\",\"fieldTextareaRTESelectAFile\":\"\\u0412\\u0438\\u0431\\u0435\\u0440\\u0456\\u0442\\u044c \\u0444\\u0430\\u0439\\u043b\",\"formHoneypot\":\"\\u042f\\u043a\\u0449\\u043e \\u0432\\u0438 \\u043b\\u044e\\u0434\\u0438\\u043d\\u0430, \\u043d\\u0435 \\u0432\\u0432\\u043e\\u0434\\u044c\\u0442\\u0435 \\u0434\\u0430\\u043d\\u0456 \\u0432 \\u0446\\u0435 \\u043f\\u043e\\u043b\\u0435.\",\"fileUploadOldCodeFileUploadInProgress\":\"\\u0422\\u0440\\u0438\\u0432\\u0430\\u0454 \\u043f\\u0435\\u0440\\u0435\\u0434\\u0430\\u0432\\u0430\\u043d\\u043d\\u044f \\u0444\\u0430\\u0439\\u043b\\u0443.\",\"fileUploadOldCodeFileUpload\":\"\\u041f\\u0415\\u0420\\u0415\\u0414\\u0410\\u0412\\u0410\\u041d\\u041d\\u042f \\u0424\\u0410\\u0419\\u041b\\u0423\",\"currencySymbol\":false,\"thousands_sep\":\"&nbsp;\",\"decimal_point\":\",\",\"siteLocale\":\"uk\",\"dateFormat\":\"m\\\/d\\\/Y\",\"startOfWeek\":\"1\",\"of\":\"\\u0437\",\"previousMonth\":\"Previous Month\",\"nextMonth\":\"Next Month\",\"months\":[\"January\",\"February\",\"March\",\"April\",\"May\",\"June\",\"July\",\"August\",\"September\",\"October\",\"November\",\"December\"],\"monthsShort\":[\"Jan\",\"Feb\",\"Mar\",\"Apr\",\"May\",\"Jun\",\"Jul\",\"Aug\",\"Sep\",\"Oct\",\"Nov\",\"Dec\"],\"weekdays\":[\"Sunday\",\"Monday\",\"Tuesday\",\"Wednesday\",\"Thursday\",\"Friday\",\"Saturday\"],\"weekdaysShort\":[\"Sun\",\"Mon\",\"Tue\",\"Wed\",\"Thu\",\"Fri\",\"Sat\"],\"weekdaysMin\":[\"Su\",\"Mo\",\"Tu\",\"We\",\"Th\",\"Fr\",\"Sa\"],\"recaptchaConsentMissing\":\"reCaptcha validation couldn&#039;t load.\",\"recaptchaMissingCookie\":\"reCaptcha v3 validation couldn&#039;t load the cookie needed to submit the form.\",\"recaptchaConsentEvent\":\"Accept reCaptcha cookies before sending the form.\",\"currency_symbol\":\"\",\"beforeForm\":\"\",\"beforeFields\":\"\",\"afterFields\":\"\",\"afterForm\":\"\"};form.fields=[{\"objectType\":\"Field\",\"objectDomain\":\"fields\",\"editActive\":false,\"order\":1,\"idAttribute\":\"id\",\"type\":\"textbox\",\"label\":\"Navn \\\/ Name\",\"key\":\"navn_name_1695898636581\",\"label_pos\":\"above\",\"required\":false,\"default\":\"\",\"placeholder\":\"\",\"container_class\":\"\",\"element_class\":\"\",\"input_limit\":\"\",\"input_limit_type\":\"characters\",\"input_limit_msg\":\"Character(s) left\",\"manual_key\":false,\"admin_label\":\"\",\"help_text\":\"\",\"mask\":\"\",\"custom_mask\":\"\",\"custom_name_attribute\":\"\",\"personally_identifiable\":\"\",\"value\":\"\",\"id\":5,\"beforeField\":\"\",\"afterField\":\"\",\"parentType\":\"textbox\",\"element_templates\":[\"textbox\",\"input\"],\"old_classname\":\"\",\"wrap_template\":\"wrap\"},{\"objectType\":\"Field\",\"objectDomain\":\"fields\",\"editActive\":false,\"order\":2,\"idAttribute\":\"id\",\"type\":\"email\",\"label\":\"Teldupostb\\u00fasta\\u00f0ur \\\/ Email\",\"key\":\"teldupostbustadur_email_1695898643203\",\"label_pos\":\"above\",\"required\":1,\"default\":\"\",\"placeholder\":\"\",\"container_class\":\"\",\"element_class\":\"\",\"admin_label\":\"\",\"help_text\":\"\",\"custom_name_attribute\":\"email\",\"personally_identifiable\":1,\"value\":\"\",\"id\":6,\"beforeField\":\"\",\"afterField\":\"\",\"parentType\":\"email\",\"element_templates\":[\"email\",\"input\"],\"old_classname\":\"\",\"wrap_template\":\"wrap\"},{\"objectType\":\"Field\",\"objectDomain\":\"fields\",\"editActive\":false,\"order\":4,\"idAttribute\":\"id\",\"type\":\"checkbox\",\"label\":\"Eg vil gjarna m\\u00f3ttaka t\\u00ed\\u00f0indabr\\u00e6v \\\/ I want to receive the newsletter\",\"key\":\"eg_vil_gjarna_mottaka_tidindabraev_i_want_to_receive_the_newsletter_1695898665133\",\"label_pos\":\"right\",\"required\":1,\"container_class\":\"\",\"element_class\":\"\",\"manual_key\":false,\"admin_label\":\"\",\"help_text\":\"\",\"default_value\":\"unchecked\",\"checked_value\":\"Checked\",\"unchecked_value\":\"Unchecked\",\"checked_calc_value\":\"\",\"unchecked_calc_value\":\"\",\"drawerDisabled\":false,\"id\":9,\"beforeField\":\"\",\"afterField\":\"\",\"value\":\"\",\"parentType\":\"checkbox\",\"element_templates\":[\"checkbox\",\"input\"],\"old_classname\":\"\",\"wrap_template\":\"wrap\"},{\"objectType\":\"Field\",\"objectDomain\":\"fields\",\"editActive\":false,\"order\":5,\"idAttribute\":\"id\",\"type\":\"submit\",\"label\":\"Send\",\"processing_label\":\"B\\u00ed\\u00f0a vi\\u00f0\",\"container_class\":\"\",\"element_class\":\"\",\"key\":\"send_1677246163418\",\"drawerDisabled\":false,\"id\":8,\"beforeField\":\"\",\"afterField\":\"\",\"value\":\"\",\"label_pos\":\"above\",\"parentType\":\"textbox\",\"element_templates\":[\"submit\",\"button\",\"input\"],\"old_classname\":\"\",\"wrap_template\":\"wrap-no-label\"}];nfForms.push(form);<\/script>\n        \n\n\n<div style=\"height:60px\" aria-hidden=\"true\" class=\"wp-block-spacer\"><\/div>\n","protected":false},"excerpt":{"rendered":"<p>Her ber til at melda seg til t\u00ed\u00f0indabr\u00e6v fr\u00e1 Beranum.<\/p>\n","protected":false},"author":2,"featured_media":0,"parent":0,"menu_order":15,"comment_status":"closed","ping_status":"closed","template":"","meta":{"_acf_changed":false,"footnotes":"","_links_to":"","_links_to_target":""},"class_list":["post-5249","page","type-page","status-publish","hentry"],"acf":[],"yoast_head":"<!-- This site is optimized with the Yoast SEO plugin v27.4 - https:\/\/yoast.com\/product\/yoast-seo-wordpress\/ -->\n<title>T\u00ed\u00f0indabr\u00e6v - Berin<\/title>\n<meta name=\"robots\" content=\"index, follow, max-snippet:-1, max-image-preview:large, max-video-preview:-1\" \/>\n<link rel=\"canonical\" href=\"https:\/\/www.berin.fo\/uk\/tidindabraev\/\" \/>\n<meta property=\"og:locale\" content=\"uk_UA\" \/>\n<meta property=\"og:type\" content=\"article\" \/>\n<meta property=\"og:title\" content=\"T\u00ed\u00f0indabr\u00e6v - Berin\" \/>\n<meta property=\"og:description\" content=\"Her ber til at melda seg til t\u00ed\u00f0indabr\u00e6v fr\u00e1 Beranum.\" \/>\n<meta property=\"og:url\" content=\"https:\/\/www.berin.fo\/uk\/tidindabraev\/\" \/>\n<meta property=\"og:site_name\" content=\"Berin\" \/>\n<meta property=\"article:modified_time\" content=\"2024-07-18T09:07:03+00:00\" \/>\n<meta property=\"og:image\" content=\"https:\/\/www.berin.fo\/wp-content\/uploads\/2023\/08\/Tidindabraev.jpg\" \/>\n<meta name=\"twitter:card\" content=\"summary_large_image\" \/>\n<meta name=\"twitter:label1\" content=\"\u041f\u0440\u0438\u0431\u043b. \u0447\u0430\u0441 \u0447\u0438\u0442\u0430\u043d\u043d\u044f\" \/>\n\t<meta name=\"twitter:data1\" content=\"1 \u0445\u0432\u0438\u043b\u0438\u043d\u0430\" \/>\n<script type=\"application\/ld+json\" class=\"yoast-schema-graph\">{\"@context\":\"https:\\\/\\\/schema.org\",\"@graph\":[{\"@type\":\"WebPage\",\"@id\":\"https:\\\/\\\/www.berin.fo\\\/uk\\\/tidindabraev\\\/\",\"url\":\"https:\\\/\\\/www.berin.fo\\\/uk\\\/tidindabraev\\\/\",\"name\":\"T\u00ed\u00f0indabr\u00e6v - Berin\",\"isPartOf\":{\"@id\":\"https:\\\/\\\/www.berin.fo\\\/#website\"},\"primaryImageOfPage\":{\"@id\":\"https:\\\/\\\/www.berin.fo\\\/uk\\\/tidindabraev\\\/#primaryimage\"},\"image\":{\"@id\":\"https:\\\/\\\/www.berin.fo\\\/uk\\\/tidindabraev\\\/#primaryimage\"},\"thumbnailUrl\":\"https:\\\/\\\/www.berin.fo\\\/wp-content\\\/uploads\\\/2023\\\/08\\\/Tidindabraev.jpg\",\"datePublished\":\"2023-02-24T13:43:34+00:00\",\"dateModified\":\"2024-07-18T09:07:03+00:00\",\"breadcrumb\":{\"@id\":\"https:\\\/\\\/www.berin.fo\\\/uk\\\/tidindabraev\\\/#breadcrumb\"},\"inLanguage\":\"uk\",\"potentialAction\":[{\"@type\":\"ReadAction\",\"target\":[\"https:\\\/\\\/www.berin.fo\\\/uk\\\/tidindabraev\\\/\"]}]},{\"@type\":\"ImageObject\",\"inLanguage\":\"uk\",\"@id\":\"https:\\\/\\\/www.berin.fo\\\/uk\\\/tidindabraev\\\/#primaryimage\",\"url\":\"https:\\\/\\\/www.berin.fo\\\/wp-content\\\/uploads\\\/2023\\\/08\\\/Tidindabraev.jpg\",\"contentUrl\":\"https:\\\/\\\/www.berin.fo\\\/wp-content\\\/uploads\\\/2023\\\/08\\\/Tidindabraev.jpg\"},{\"@type\":\"BreadcrumbList\",\"@id\":\"https:\\\/\\\/www.berin.fo\\\/uk\\\/tidindabraev\\\/#breadcrumb\",\"itemListElement\":[{\"@type\":\"ListItem\",\"position\":1,\"name\":\"Home\",\"item\":\"https:\\\/\\\/www.berin.fo\\\/uk\\\/\"},{\"@type\":\"ListItem\",\"position\":2,\"name\":\"T\u00ed\u00f0indabr\u00e6v\"}]},{\"@type\":\"WebSite\",\"@id\":\"https:\\\/\\\/www.berin.fo\\\/#website\",\"url\":\"https:\\\/\\\/www.berin.fo\\\/\",\"name\":\"Berin\",\"description\":\"Berin\",\"potentialAction\":[{\"@type\":\"SearchAction\",\"target\":{\"@type\":\"EntryPoint\",\"urlTemplate\":\"https:\\\/\\\/www.berin.fo\\\/?s={search_term_string}\"},\"query-input\":{\"@type\":\"PropertyValueSpecification\",\"valueRequired\":true,\"valueName\":\"search_term_string\"}}],\"inLanguage\":\"uk\"}]}<\/script>\n<!-- \/ Yoast SEO plugin. -->","yoast_head_json":{"title":"T\u00ed\u00f0indabr\u00e6v - Berin","robots":{"index":"index","follow":"follow","max-snippet":"max-snippet:-1","max-image-preview":"max-image-preview:large","max-video-preview":"max-video-preview:-1"},"canonical":"https:\/\/www.berin.fo\/uk\/tidindabraev\/","og_locale":"uk_UA","og_type":"article","og_title":"T\u00ed\u00f0indabr\u00e6v - Berin","og_description":"Her ber til at melda seg til t\u00ed\u00f0indabr\u00e6v fr\u00e1 Beranum.","og_url":"https:\/\/www.berin.fo\/uk\/tidindabraev\/","og_site_name":"Berin","article_modified_time":"2024-07-18T09:07:03+00:00","og_image":[{"url":"https:\/\/www.berin.fo\/wp-content\/uploads\/2023\/08\/Tidindabraev.jpg","type":"","width":"","height":""}],"twitter_card":"summary_large_image","twitter_misc":{"\u041f\u0440\u0438\u0431\u043b. \u0447\u0430\u0441 \u0447\u0438\u0442\u0430\u043d\u043d\u044f":"1 \u0445\u0432\u0438\u043b\u0438\u043d\u0430"},"schema":{"@context":"https:\/\/schema.org","@graph":[{"@type":"WebPage","@id":"https:\/\/www.berin.fo\/uk\/tidindabraev\/","url":"https:\/\/www.berin.fo\/uk\/tidindabraev\/","name":"T\u00ed\u00f0indabr\u00e6v - Berin","isPartOf":{"@id":"https:\/\/www.berin.fo\/#website"},"primaryImageOfPage":{"@id":"https:\/\/www.berin.fo\/uk\/tidindabraev\/#primaryimage"},"image":{"@id":"https:\/\/www.berin.fo\/uk\/tidindabraev\/#primaryimage"},"thumbnailUrl":"https:\/\/www.berin.fo\/wp-content\/uploads\/2023\/08\/Tidindabraev.jpg","datePublished":"2023-02-24T13:43:34+00:00","dateModified":"2024-07-18T09:07:03+00:00","breadcrumb":{"@id":"https:\/\/www.berin.fo\/uk\/tidindabraev\/#breadcrumb"},"inLanguage":"uk","potentialAction":[{"@type":"ReadAction","target":["https:\/\/www.berin.fo\/uk\/tidindabraev\/"]}]},{"@type":"ImageObject","inLanguage":"uk","@id":"https:\/\/www.berin.fo\/uk\/tidindabraev\/#primaryimage","url":"https:\/\/www.berin.fo\/wp-content\/uploads\/2023\/08\/Tidindabraev.jpg","contentUrl":"https:\/\/www.berin.fo\/wp-content\/uploads\/2023\/08\/Tidindabraev.jpg"},{"@type":"BreadcrumbList","@id":"https:\/\/www.berin.fo\/uk\/tidindabraev\/#breadcrumb","itemListElement":[{"@type":"ListItem","position":1,"name":"Home","item":"https:\/\/www.berin.fo\/uk\/"},{"@type":"ListItem","position":2,"name":"T\u00ed\u00f0indabr\u00e6v"}]},{"@type":"WebSite","@id":"https:\/\/www.berin.fo\/#website","url":"https:\/\/www.berin.fo\/","name":"Berin","description":"Berin","potentialAction":[{"@type":"SearchAction","target":{"@type":"EntryPoint","urlTemplate":"https:\/\/www.berin.fo\/?s={search_term_string}"},"query-input":{"@type":"PropertyValueSpecification","valueRequired":true,"valueName":"search_term_string"}}],"inLanguage":"uk"}]}},"_links":{"self":[{"href":"https:\/\/www.berin.fo\/uk\/wp-json\/wp\/v2\/pages\/5249","targetHints":{"allow":["GET"]}}],"collection":[{"href":"https:\/\/www.berin.fo\/uk\/wp-json\/wp\/v2\/pages"}],"about":[{"href":"https:\/\/www.berin.fo\/uk\/wp-json\/wp\/v2\/types\/page"}],"author":[{"embeddable":true,"href":"https:\/\/www.berin.fo\/uk\/wp-json\/wp\/v2\/users\/2"}],"replies":[{"embeddable":true,"href":"https:\/\/www.berin.fo\/uk\/wp-json\/wp\/v2\/comments?post=5249"}],"version-history":[{"count":1,"href":"https:\/\/www.berin.fo\/uk\/wp-json\/wp\/v2\/pages\/5249\/revisions"}],"predecessor-version":[{"id":5250,"href":"https:\/\/www.berin.fo\/uk\/wp-json\/wp\/v2\/pages\/5249\/revisions\/5250"}],"wp:attachment":[{"href":"https:\/\/www.berin.fo\/uk\/wp-json\/wp\/v2\/media?parent=5249"}],"curies":[{"name":"wp","href":"https:\/\/api.w.org\/{rel}","templated":true}]}}