{"id":5148,"date":"2021-10-14T21:37:17","date_gmt":"2021-10-14T21:37:17","guid":{"rendered":"https:\/\/www.berin.fo\/?page_id=5148"},"modified":"2024-07-17T13:44:47","modified_gmt":"2024-07-17T13:44:47","slug":"filmsbrot","status":"publish","type":"page","link":"https:\/\/www.berin.fo\/uk\/filmsbrot\/","title":{"rendered":"Filmsbrot"},"content":{"rendered":"\n<div class=\"wp-block-cover alignfull is-light\"><span aria-hidden=\"true\" class=\"wp-block-cover__background has-background-dim-10 has-background-dim\"><\/span><img loading=\"lazy\" decoding=\"async\" width=\"1600\" height=\"1066\" class=\"wp-block-cover__image-background wp-image-1692\" alt=\"\" src=\"https:\/\/www.berin.fo\/wp-content\/uploads\/2023\/02\/Eingil-1-1600x1066.jpg\" data-object-fit=\"cover\" srcset=\"https:\/\/www.berin.fo\/wp-content\/uploads\/2023\/02\/Eingil-1-1600x1066.jpg 1600w, https:\/\/www.berin.fo\/wp-content\/uploads\/2023\/02\/Eingil-1-800x533.jpg 800w, https:\/\/www.berin.fo\/wp-content\/uploads\/2023\/02\/Eingil-1-768x512.jpg 768w, https:\/\/www.berin.fo\/wp-content\/uploads\/2023\/02\/Eingil-1-200x133.jpg 200w, https:\/\/www.berin.fo\/wp-content\/uploads\/2023\/02\/Eingil-1-1536x1024.jpg 1536w, https:\/\/www.berin.fo\/wp-content\/uploads\/2023\/02\/Eingil-1-600x400.jpg 600w, https:\/\/www.berin.fo\/wp-content\/uploads\/2023\/02\/Eingil-1.jpg 2048w\" sizes=\"auto, (max-width: 1600px) 100vw, 1600px\" \/><div class=\"wp-block-cover__inner-container is-layout-flow wp-block-cover-is-layout-flow\">\n<h2 class=\"wp-block-heading has-text-align-center has-white-color has-text-color has-large-font-size\">\u0412\u0456\u0434\u0435\u043e\u0440\u043e\u043b\u0438\u043a\u0438<\/h2>\n\n\n\n<p><\/p>\n<\/div><\/div>\n\n\n\n<div style=\"height:60px\" aria-hidden=\"true\" class=\"wp-block-spacer\"><\/div>\n\n\n\n<p class=\"has-text-align-left\">\u0426\u0435 \u0432\u0456\u0434\u0435\u043e\u0440\u043e\u043b\u0438\u043a\u0438, \u044f\u043a\u0456 \u0437 \u0440\u0456\u0437\u043d\u0438\u0445 \u0441\u0442\u043e\u0440\u0456\u043d \u043e\u043f\u0438\u0441\u0443\u044e\u0442\u044c \u0434\u0456\u044f\u043b\u044c\u043d\u0456\u0441\u0442\u044c Berin.<\/p>\n\n\n\n<div style=\"height:40px\" aria-hidden=\"true\" class=\"wp-block-spacer\"><\/div>\n\n\n\n<div class=\"wp-block-columns is-layout-flex wp-container-core-columns-is-layout-9d6595d7 wp-block-columns-is-layout-flex\">\n<div class=\"wp-block-column is-layout-flow wp-block-column-is-layout-flow\">\n<div style=\"height:70px\" aria-hidden=\"true\" class=\"wp-block-spacer\"><\/div>\n\n\n\n<div>\n            <a\n            href=\"https:\/\/kvf.fo\/node\/153592?sid=153570\"\n        >\n            \n\n<h2 class=\"wp-block-heading has-green-color has-text-color\">\u0417\u0431\u0456\u0440 \u043a\u043e\u0448\u0442\u0456\u0432 \u0434\u043b\u044f Berin<\/h2>\n\n\n\n<div class=\"wp-block-cover is-light\" style=\"min-height:400px;aspect-ratio:unset;\"><span aria-hidden=\"true\" class=\"wp-block-cover__background has-background-dim-10 has-background-dim\"><\/span><img loading=\"lazy\" decoding=\"async\" width=\"648\" height=\"720\" class=\"wp-block-cover__image-background wp-image-3018\" alt=\"\" src=\"https:\/\/www.berin.fo\/wp-content\/uploads\/2023\/03\/Skaermbillede-2023-03-07-100606.png\" style=\"object-position:50% 17%\" data-object-fit=\"cover\" data-object-position=\"50% 17%\" srcset=\"https:\/\/www.berin.fo\/wp-content\/uploads\/2023\/03\/Skaermbillede-2023-03-07-100606.png 648w, https:\/\/www.berin.fo\/wp-content\/uploads\/2023\/03\/Skaermbillede-2023-03-07-100606-180x200.png 180w, https:\/\/www.berin.fo\/wp-content\/uploads\/2023\/03\/Skaermbillede-2023-03-07-100606-600x667.png 600w\" sizes=\"auto, (max-width: 648px) 100vw, 648px\" \/><div class=\"wp-block-cover__inner-container is-layout-flow wp-block-cover-is-layout-flow\">\n<p class=\"has-text-align-center has-white-color has-text-color has-large-font-size\">\u0414\u0438\u0432\u0438\u0442\u0438\u0441\u044f<\/p>\n<\/div><\/div>\n\n\n        <\/a>\n    <\/div><\/div>\n\n\n\n<div class=\"wp-block-column is-layout-flow wp-block-column-is-layout-flow\">\n<div>\n            <a\n            href=\"https:\/\/kvf.fo\/dokumentarurin?sid=33098#.Vm6PKErJwdU\"\n        >\n            \n\n<h2 class=\"wp-block-heading has-green-color has-text-color\">\u0414\u043e\u043a\u0443\u043c\u0435\u043d\u0442\u0430\u043b\u044c\u043d\u0438\u0439 \u0444\u0456\u043b\u044c\u043c: T\u00e1 i\u00f0 tey ungu gr\u00e1ta (\u00ab\u041a\u043e\u043b\u0438 \u043c\u043e\u043b\u043e\u0434\u0456 \u043b\u044e\u0434\u0438 \u043f\u043b\u0430\u0447\u0443\u0442\u044c\u00bb)<\/h2>\n\n\n\n<div class=\"wp-block-cover\" style=\"min-height:400px;aspect-ratio:unset;\"><span aria-hidden=\"true\" class=\"wp-block-cover__background has-background-dim-10 has-background-dim\"><\/span><img loading=\"lazy\" decoding=\"async\" width=\"678\" height=\"675\" class=\"wp-block-cover__image-background wp-image-3020\" alt=\"\" src=\"https:\/\/www.berin.fo\/wp-content\/uploads\/2023\/03\/Skaermbillede-2023-03-07-101421.png\" style=\"object-position:50% 33%\" data-object-fit=\"cover\" data-object-position=\"50% 33%\" srcset=\"https:\/\/www.berin.fo\/wp-content\/uploads\/2023\/03\/Skaermbillede-2023-03-07-101421.png 678w, https:\/\/www.berin.fo\/wp-content\/uploads\/2023\/03\/Skaermbillede-2023-03-07-101421-300x300.png 300w, https:\/\/www.berin.fo\/wp-content\/uploads\/2023\/03\/Skaermbillede-2023-03-07-101421-200x200.png 200w, https:\/\/www.berin.fo\/wp-content\/uploads\/2023\/03\/Skaermbillede-2023-03-07-101421-600x597.png 600w, https:\/\/www.berin.fo\/wp-content\/uploads\/2023\/03\/Skaermbillede-2023-03-07-101421-100x100.png 100w\" sizes=\"auto, (max-width: 678px) 100vw, 678px\" \/><div class=\"wp-block-cover__inner-container is-layout-flow wp-block-cover-is-layout-flow\">\n<p class=\"has-text-align-center has-white-color has-text-color has-large-font-size\">\u0414\u0438\u0432\u0438\u0442\u0438\u0441\u044f<\/p>\n<\/div><\/div>\n\n\n        <\/a>\n    <\/div><\/div>\n<\/div>\n\n\n\n<div style=\"height:60px\" aria-hidden=\"true\" class=\"wp-block-spacer\"><\/div>\n\n\n\n<div class=\"wp-block-columns is-layout-flex wp-container-core-columns-is-layout-9d6595d7 wp-block-columns-is-layout-flex\">\n<div class=\"wp-block-column is-layout-flow wp-block-column-is-layout-flow\">\n<div>\n            <a\n            href=\"https:\/\/www.youtube.com\/watch?v=O4oHS_NT2gE\"\n        >\n            \n\n<h2 class=\"wp-block-heading has-green-color has-text-color\">\u0420\u0435\u043a\u043b\u0430\u043c\u043d\u0438\u0439 \u0440\u043e\u043b\u0438\u043a \u043f\u0440\u043e Berin<\/h2>\n\n\n\n<div class=\"wp-block-cover\" style=\"min-height:400px;aspect-ratio:unset;\"><span aria-hidden=\"true\" class=\"wp-block-cover__background has-background-dim\"><\/span><img loading=\"lazy\" decoding=\"async\" width=\"1059\" height=\"616\" class=\"wp-block-cover__image-background wp-image-3058\" alt=\"\" src=\"https:\/\/www.berin.fo\/wp-content\/uploads\/2023\/03\/Skaermbillede-2023-03-27-1135221.png\" style=\"object-position:40% 43%\" data-object-fit=\"cover\" data-object-position=\"40% 43%\" srcset=\"https:\/\/www.berin.fo\/wp-content\/uploads\/2023\/03\/Skaermbillede-2023-03-27-1135221.png 1059w, https:\/\/www.berin.fo\/wp-content\/uploads\/2023\/03\/Skaermbillede-2023-03-27-1135221-800x465.png 800w, https:\/\/www.berin.fo\/wp-content\/uploads\/2023\/03\/Skaermbillede-2023-03-27-1135221-768x447.png 768w, https:\/\/www.berin.fo\/wp-content\/uploads\/2023\/03\/Skaermbillede-2023-03-27-1135221-200x116.png 200w, https:\/\/www.berin.fo\/wp-content\/uploads\/2023\/03\/Skaermbillede-2023-03-27-1135221-600x349.png 600w\" sizes=\"auto, (max-width: 1059px) 100vw, 1059px\" \/><div class=\"wp-block-cover__inner-container is-layout-flow wp-block-cover-is-layout-flow\">\n<p class=\"has-text-align-center has-white-color has-text-color has-large-font-size\">\u0414\u0438\u0432\u0438\u0442\u0438\u0441\u044f<\/p>\n<\/div><\/div>\n\n\n        <\/a>\n    <\/div><\/div>\n\n\n\n<div class=\"wp-block-column is-layout-flow wp-block-column-is-layout-flow\"><\/div>\n<\/div>\n\n\n\n<div style=\"height:100px\" aria-hidden=\"true\" class=\"wp-block-spacer\"><\/div>\n","protected":false},"excerpt":{"rendered":"<p>\u0426\u0435 \u0432\u0456\u0434\u0435\u043e\u0440\u043e\u043b\u0438\u043a\u0438, \u044f\u043a\u0456 \u0437 \u0440\u0456\u0437\u043d\u0438\u0445 \u0441\u0442\u043e\u0440\u0456\u043d \u043e\u043f\u0438\u0441\u0443\u044e\u0442\u044c \u0434\u0456\u044f\u043b\u044c\u043d\u0456\u0441\u0442\u044c Berin.<\/p>\n","protected":false},"author":2,"featured_media":0,"parent":0,"menu_order":11,"comment_status":"closed","ping_status":"closed","template":"","meta":{"_acf_changed":false,"footnotes":"","_links_to":"","_links_to_target":""},"class_list":["post-5148","page","type-page","status-publish","hentry"],"acf":[],"yoast_head":"<!-- This site is optimized with the Yoast SEO plugin v27.5 - https:\/\/yoast.com\/product\/yoast-seo-wordpress\/ -->\n<title>Filmsbrot - Berin<\/title>\n<meta name=\"robots\" content=\"index, follow, max-snippet:-1, max-image-preview:large, max-video-preview:-1\" \/>\n<link rel=\"canonical\" href=\"https:\/\/www.berin.fo\/uk\/filmsbrot\/\" \/>\n<meta property=\"og:locale\" content=\"uk_UA\" \/>\n<meta property=\"og:type\" content=\"article\" \/>\n<meta property=\"og:title\" content=\"Filmsbrot - Berin\" \/>\n<meta property=\"og:description\" content=\"\u0426\u0435 \u0432\u0456\u0434\u0435\u043e\u0440\u043e\u043b\u0438\u043a\u0438, \u044f\u043a\u0456 \u0437 \u0440\u0456\u0437\u043d\u0438\u0445 \u0441\u0442\u043e\u0440\u0456\u043d \u043e\u043f\u0438\u0441\u0443\u044e\u0442\u044c \u0434\u0456\u044f\u043b\u044c\u043d\u0456\u0441\u0442\u044c Berin.\" \/>\n<meta property=\"og:url\" content=\"https:\/\/www.berin.fo\/uk\/filmsbrot\/\" \/>\n<meta property=\"og:site_name\" content=\"Berin\" \/>\n<meta property=\"article:modified_time\" content=\"2024-07-17T13:44:47+00:00\" \/>\n<meta property=\"og:image\" content=\"https:\/\/www.berin.fo\/wp-content\/uploads\/2023\/02\/Eingil-1-1600x1066.jpg\" \/>\n<meta name=\"twitter:card\" content=\"summary_large_image\" \/>\n<meta name=\"twitter:label1\" content=\"\u041f\u0440\u0438\u0431\u043b. \u0447\u0430\u0441 \u0447\u0438\u0442\u0430\u043d\u043d\u044f\" \/>\n\t<meta name=\"twitter:data1\" content=\"1 \u0445\u0432\u0438\u043b\u0438\u043d\u0430\" \/>\n<script type=\"application\/ld+json\" class=\"yoast-schema-graph\">{\"@context\":\"https:\\\/\\\/schema.org\",\"@graph\":[{\"@type\":\"WebPage\",\"@id\":\"https:\\\/\\\/www.berin.fo\\\/uk\\\/filmsbrot\\\/\",\"url\":\"https:\\\/\\\/www.berin.fo\\\/uk\\\/filmsbrot\\\/\",\"name\":\"Filmsbrot - Berin\",\"isPartOf\":{\"@id\":\"https:\\\/\\\/www.berin.fo\\\/#website\"},\"primaryImageOfPage\":{\"@id\":\"https:\\\/\\\/www.berin.fo\\\/uk\\\/filmsbrot\\\/#primaryimage\"},\"image\":{\"@id\":\"https:\\\/\\\/www.berin.fo\\\/uk\\\/filmsbrot\\\/#primaryimage\"},\"thumbnailUrl\":\"https:\\\/\\\/www.berin.fo\\\/wp-content\\\/uploads\\\/2023\\\/02\\\/Eingil-1-1600x1066.jpg\",\"datePublished\":\"2021-10-14T21:37:17+00:00\",\"dateModified\":\"2024-07-17T13:44:47+00:00\",\"breadcrumb\":{\"@id\":\"https:\\\/\\\/www.berin.fo\\\/uk\\\/filmsbrot\\\/#breadcrumb\"},\"inLanguage\":\"uk\",\"potentialAction\":[{\"@type\":\"ReadAction\",\"target\":[\"https:\\\/\\\/www.berin.fo\\\/uk\\\/filmsbrot\\\/\"]}]},{\"@type\":\"ImageObject\",\"inLanguage\":\"uk\",\"@id\":\"https:\\\/\\\/www.berin.fo\\\/uk\\\/filmsbrot\\\/#primaryimage\",\"url\":\"https:\\\/\\\/www.berin.fo\\\/wp-content\\\/uploads\\\/2023\\\/02\\\/Eingil-1-1600x1066.jpg\",\"contentUrl\":\"https:\\\/\\\/www.berin.fo\\\/wp-content\\\/uploads\\\/2023\\\/02\\\/Eingil-1-1600x1066.jpg\"},{\"@type\":\"BreadcrumbList\",\"@id\":\"https:\\\/\\\/www.berin.fo\\\/uk\\\/filmsbrot\\\/#breadcrumb\",\"itemListElement\":[{\"@type\":\"ListItem\",\"position\":1,\"name\":\"Home\",\"item\":\"https:\\\/\\\/www.berin.fo\\\/uk\\\/\"},{\"@type\":\"ListItem\",\"position\":2,\"name\":\"Filmsbrot\"}]},{\"@type\":\"WebSite\",\"@id\":\"https:\\\/\\\/www.berin.fo\\\/#website\",\"url\":\"https:\\\/\\\/www.berin.fo\\\/\",\"name\":\"Berin\",\"description\":\"Berin\",\"potentialAction\":[{\"@type\":\"SearchAction\",\"target\":{\"@type\":\"EntryPoint\",\"urlTemplate\":\"https:\\\/\\\/www.berin.fo\\\/?s={search_term_string}\"},\"query-input\":{\"@type\":\"PropertyValueSpecification\",\"valueRequired\":true,\"valueName\":\"search_term_string\"}}],\"inLanguage\":\"uk\"}]}<\/script>\n<!-- \/ Yoast SEO plugin. -->","yoast_head_json":{"title":"Filmsbrot - Berin","robots":{"index":"index","follow":"follow","max-snippet":"max-snippet:-1","max-image-preview":"max-image-preview:large","max-video-preview":"max-video-preview:-1"},"canonical":"https:\/\/www.berin.fo\/uk\/filmsbrot\/","og_locale":"uk_UA","og_type":"article","og_title":"Filmsbrot - Berin","og_description":"\u0426\u0435 \u0432\u0456\u0434\u0435\u043e\u0440\u043e\u043b\u0438\u043a\u0438, \u044f\u043a\u0456 \u0437 \u0440\u0456\u0437\u043d\u0438\u0445 \u0441\u0442\u043e\u0440\u0456\u043d \u043e\u043f\u0438\u0441\u0443\u044e\u0442\u044c \u0434\u0456\u044f\u043b\u044c\u043d\u0456\u0441\u0442\u044c Berin.","og_url":"https:\/\/www.berin.fo\/uk\/filmsbrot\/","og_site_name":"Berin","article_modified_time":"2024-07-17T13:44:47+00:00","og_image":[{"url":"https:\/\/www.berin.fo\/wp-content\/uploads\/2023\/02\/Eingil-1-1600x1066.jpg","type":"","width":"","height":""}],"twitter_card":"summary_large_image","twitter_misc":{"\u041f\u0440\u0438\u0431\u043b. \u0447\u0430\u0441 \u0447\u0438\u0442\u0430\u043d\u043d\u044f":"1 \u0445\u0432\u0438\u043b\u0438\u043d\u0430"},"schema":{"@context":"https:\/\/schema.org","@graph":[{"@type":"WebPage","@id":"https:\/\/www.berin.fo\/uk\/filmsbrot\/","url":"https:\/\/www.berin.fo\/uk\/filmsbrot\/","name":"Filmsbrot - Berin","isPartOf":{"@id":"https:\/\/www.berin.fo\/#website"},"primaryImageOfPage":{"@id":"https:\/\/www.berin.fo\/uk\/filmsbrot\/#primaryimage"},"image":{"@id":"https:\/\/www.berin.fo\/uk\/filmsbrot\/#primaryimage"},"thumbnailUrl":"https:\/\/www.berin.fo\/wp-content\/uploads\/2023\/02\/Eingil-1-1600x1066.jpg","datePublished":"2021-10-14T21:37:17+00:00","dateModified":"2024-07-17T13:44:47+00:00","breadcrumb":{"@id":"https:\/\/www.berin.fo\/uk\/filmsbrot\/#breadcrumb"},"inLanguage":"uk","potentialAction":[{"@type":"ReadAction","target":["https:\/\/www.berin.fo\/uk\/filmsbrot\/"]}]},{"@type":"ImageObject","inLanguage":"uk","@id":"https:\/\/www.berin.fo\/uk\/filmsbrot\/#primaryimage","url":"https:\/\/www.berin.fo\/wp-content\/uploads\/2023\/02\/Eingil-1-1600x1066.jpg","contentUrl":"https:\/\/www.berin.fo\/wp-content\/uploads\/2023\/02\/Eingil-1-1600x1066.jpg"},{"@type":"BreadcrumbList","@id":"https:\/\/www.berin.fo\/uk\/filmsbrot\/#breadcrumb","itemListElement":[{"@type":"ListItem","position":1,"name":"Home","item":"https:\/\/www.berin.fo\/uk\/"},{"@type":"ListItem","position":2,"name":"Filmsbrot"}]},{"@type":"WebSite","@id":"https:\/\/www.berin.fo\/#website","url":"https:\/\/www.berin.fo\/","name":"Berin","description":"Berin","potentialAction":[{"@type":"SearchAction","target":{"@type":"EntryPoint","urlTemplate":"https:\/\/www.berin.fo\/?s={search_term_string}"},"query-input":{"@type":"PropertyValueSpecification","valueRequired":true,"valueName":"search_term_string"}}],"inLanguage":"uk"}]}},"_links":{"self":[{"href":"https:\/\/www.berin.fo\/uk\/wp-json\/wp\/v2\/pages\/5148","targetHints":{"allow":["GET"]}}],"collection":[{"href":"https:\/\/www.berin.fo\/uk\/wp-json\/wp\/v2\/pages"}],"about":[{"href":"https:\/\/www.berin.fo\/uk\/wp-json\/wp\/v2\/types\/page"}],"author":[{"embeddable":true,"href":"https:\/\/www.berin.fo\/uk\/wp-json\/wp\/v2\/users\/2"}],"replies":[{"embeddable":true,"href":"https:\/\/www.berin.fo\/uk\/wp-json\/wp\/v2\/comments?post=5148"}],"version-history":[{"count":9,"href":"https:\/\/www.berin.fo\/uk\/wp-json\/wp\/v2\/pages\/5148\/revisions"}],"predecessor-version":[{"id":5164,"href":"https:\/\/www.berin.fo\/uk\/wp-json\/wp\/v2\/pages\/5148\/revisions\/5164"}],"wp:attachment":[{"href":"https:\/\/www.berin.fo\/uk\/wp-json\/wp\/v2\/media?parent=5148"}],"curies":[{"name":"wp","href":"https:\/\/api.w.org\/{rel}","templated":true}]}}