{"id":5146,"date":"2021-10-14T21:37:17","date_gmt":"2021-10-14T21:37:17","guid":{"rendered":"https:\/\/www.berin.fo\/?page_id=5146"},"modified":"2024-07-17T13:39:41","modified_gmt":"2024-07-17T13:39:41","slug":"partur-3","status":"publish","type":"page","link":"https:\/\/www.berin.fo\/uk\/poddvarp\/partur-3\/","title":{"rendered":"Partur 3"},"content":{"rendered":"\n<h2 class=\"wp-block-heading has-black-color has-text-color\">\u0415\u043f\u0456\u0437\u043e\u0434 III: Oddfr\u00ed\u00f0a \u0456 Bent Johnny \u2013 \u201cBarnavognurin skiftur um vi\u00f0 eina kistu\u201d (\u00ab\u0414\u0438\u0442\u044f\u0447\u0438\u0439 \u0432\u0456\u0437\u043e\u043a \u043e\u0431\u043c\u0456\u043d\u044f\u043b\u0438 \u043d\u0430 \u0442\u0440\u0443\u043d\u0443\u00bb)<\/h2>\n\n\n\n<p><em>&#8220;At bera sonin \u00fat \u00ed ein bil og koyra hann \u00far kirkjuni eru tey tyngstu fetini, eg nakrant\u00ed\u00f0 havi tiki\u00f0. Vit kl\u00e1ra\u00f0u ikki at siga farv\u00e6l. Ta\u00f0 bleiv meira til, vit s\u00edggjast aftur.\u201d &#8211; Bent Johnny Olsen, partur III.<\/em><\/p>\n\n\n\n<figure class=\"wp-block-image size-large\"><img loading=\"lazy\" decoding=\"async\" width=\"1600\" height=\"1066\" src=\"https:\/\/www.berin.fo\/wp-content\/uploads\/2022\/10\/DSC_0287-1-1600x1066.jpg\" alt=\"\" class=\"wp-image-1166\" srcset=\"https:\/\/www.berin.fo\/wp-content\/uploads\/2022\/10\/DSC_0287-1-1600x1066.jpg 1600w, https:\/\/www.berin.fo\/wp-content\/uploads\/2022\/10\/DSC_0287-1-800x533.jpg 800w, https:\/\/www.berin.fo\/wp-content\/uploads\/2022\/10\/DSC_0287-1-768x512.jpg 768w, https:\/\/www.berin.fo\/wp-content\/uploads\/2022\/10\/DSC_0287-1-200x133.jpg 200w, https:\/\/www.berin.fo\/wp-content\/uploads\/2022\/10\/DSC_0287-1-1536x1024.jpg 1536w, https:\/\/www.berin.fo\/wp-content\/uploads\/2022\/10\/DSC_0287-1-600x400.jpg 600w, https:\/\/www.berin.fo\/wp-content\/uploads\/2022\/10\/DSC_0287-1.jpg 2048w\" sizes=\"auto, (max-width: 1600px) 100vw, 1600px\" \/><\/figure>\n\n\n\n<p>\u00cd tri\u00f0ja partinum \u00ed okkara poddvarpsr\u00f8\u00f0 hoyra vit um, hvussu ta\u00f0 kann upplivast at missa eitt pinkubarn.<\/p>\n\n\n\n<p>Oddfr\u00ed\u00f0a Weihe og Bent Johnny Olsen mistu \u00e1 sumri \u00ed 2020 p\u00fara \u00f3v\u00e6nta\u00f0 l\u00edtla sonin Marna. Hvussu \u00e1virka\u00f0i ta\u00f0 tey sum familju at missa Marna? Og hvussu royna tey at liva v\u00ed\u00f0ari vi\u00f0 sorgini sum ein part av gerandisdegnum?<\/p>\n\n\n\n<p>\u00cd sendingini l\u00fdsa tey eisini st\u00f3ra k\u00e6rleikan til sonin og sorgina um at missa hann so t\u00ed\u00f0liga. Tey fortelja somulei\u00f0is bers\u00f8gi\u00f0 um, hvussu ta\u00f0 var at fara \u00fat aftur \u00ed gerandisl\u00edvi\u00f0 og at gerast vi\u00f0 barn aftur.<\/p>\n\n\n\n<p>Vit spyrja herumframt Fridu Poulsen, s\u00e1larfr\u00f8\u00f0ing \u00ed Beranum, um, hvussu man sum par kann stu\u00f0la hv\u00f8rjum \u00f8\u00f0rum \u00ed einari so sv\u00e1rari st\u00f8\u00f0u, og um ta\u00f0 ber til at finna v\u00f3n \u00ed n\u00f8krum so meiningsleysum sum at missa eitt pinkubarn.<\/p>\n\n\n\n<iframe style=\"border-radius:12px\" src=\"https:\/\/open.spotify.com\/embed\/episode\/1d696cuaPDzKgMvRgtyqyZ?utm_source=generator\" width=\"100%\" height=\"152\" frameborder=\"0\" allowfullscreen=\"\" allow=\"autoplay; clipboard-write; encrypted-media; fullscreen; picture-in-picture\" loading=\"lazy\"><\/iframe>\n\n\n\n<div style=\"height:100px\" aria-hidden=\"true\" class=\"wp-block-spacer\"><\/div>\n\n\n\n<p><\/p>\n","protected":false},"excerpt":{"rendered":"<p>\u0415\u043f\u0456\u0437\u043e\u0434 III: Oddfr\u00ed\u00f0a \u0456 Bent Johnny \u2013 \u201cBarnavognurin skiftur um vi\u00f0 eina kistu\u201d (\u00ab\u0414\u0438\u0442\u044f\u0447\u0438\u0439 \u0432\u0456\u0437\u043e\u043a \u043e\u0431\u043c\u0456\u043d\u044f\u043b\u0438 \u043d\u0430 \u0442\u0440\u0443\u043d\u0443\u00bb) &#8220;At bera sonin \u00fat \u00ed ein bil og koyra hann \u00far kirkjuni eru tey tyngstu fetini, eg nakrant\u00ed\u00f0 havi tiki\u00f0. Vit kl\u00e1ra\u00f0u ikki at siga farv\u00e6l. Ta\u00f0 bleiv meira til, vit s\u00edggjast aftur.\u201d &#8211; Bent Johnny Olsen, [&hellip;]<\/p>\n","protected":false},"author":2,"featured_media":0,"parent":5137,"menu_order":12,"comment_status":"closed","ping_status":"closed","template":"","meta":{"_acf_changed":false,"footnotes":"","_links_to":"","_links_to_target":""},"class_list":["post-5146","page","type-page","status-publish","hentry"],"acf":[],"yoast_head":"<!-- This site is optimized with the Yoast SEO plugin v27.5 - https:\/\/yoast.com\/product\/yoast-seo-wordpress\/ -->\n<title>Partur 3 - Berin<\/title>\n<meta name=\"robots\" content=\"index, follow, max-snippet:-1, max-image-preview:large, max-video-preview:-1\" \/>\n<link rel=\"canonical\" href=\"https:\/\/www.berin.fo\/uk\/poddvarp\/partur-3\/\" \/>\n<meta property=\"og:locale\" content=\"uk_UA\" \/>\n<meta property=\"og:type\" content=\"article\" \/>\n<meta property=\"og:title\" content=\"Partur 3 - Berin\" \/>\n<meta property=\"og:description\" content=\"\u0415\u043f\u0456\u0437\u043e\u0434 III: Oddfr\u00ed\u00f0a \u0456 Bent Johnny \u2013 \u201cBarnavognurin skiftur um vi\u00f0 eina kistu\u201d (\u00ab\u0414\u0438\u0442\u044f\u0447\u0438\u0439 \u0432\u0456\u0437\u043e\u043a \u043e\u0431\u043c\u0456\u043d\u044f\u043b\u0438 \u043d\u0430 \u0442\u0440\u0443\u043d\u0443\u00bb) &#8220;At bera sonin \u00fat \u00ed ein bil og koyra hann \u00far kirkjuni eru tey tyngstu fetini, eg nakrant\u00ed\u00f0 havi tiki\u00f0. Vit kl\u00e1ra\u00f0u ikki at siga farv\u00e6l. Ta\u00f0 bleiv meira til, vit s\u00edggjast aftur.\u201d &#8211; Bent Johnny Olsen, [&hellip;]\" \/>\n<meta property=\"og:url\" content=\"https:\/\/www.berin.fo\/uk\/poddvarp\/partur-3\/\" \/>\n<meta property=\"og:site_name\" content=\"Berin\" \/>\n<meta property=\"article:modified_time\" content=\"2024-07-17T13:39:41+00:00\" \/>\n<meta property=\"og:image\" content=\"https:\/\/www.berin.fo\/wp-content\/uploads\/2022\/10\/DSC_0287-1-1600x1066.jpg\" \/>\n<meta name=\"twitter:card\" content=\"summary_large_image\" \/>\n<meta name=\"twitter:label1\" content=\"\u041f\u0440\u0438\u0431\u043b. \u0447\u0430\u0441 \u0447\u0438\u0442\u0430\u043d\u043d\u044f\" \/>\n\t<meta name=\"twitter:data1\" content=\"2 \u0445\u0432\u0438\u043b\u0438\u043d\u0438\" \/>\n<script type=\"application\/ld+json\" class=\"yoast-schema-graph\">{\"@context\":\"https:\\\/\\\/schema.org\",\"@graph\":[{\"@type\":\"WebPage\",\"@id\":\"https:\\\/\\\/www.berin.fo\\\/uk\\\/poddvarp\\\/partur-3\\\/\",\"url\":\"https:\\\/\\\/www.berin.fo\\\/uk\\\/poddvarp\\\/partur-3\\\/\",\"name\":\"Partur 3 - Berin\",\"isPartOf\":{\"@id\":\"https:\\\/\\\/www.berin.fo\\\/#website\"},\"primaryImageOfPage\":{\"@id\":\"https:\\\/\\\/www.berin.fo\\\/uk\\\/poddvarp\\\/partur-3\\\/#primaryimage\"},\"image\":{\"@id\":\"https:\\\/\\\/www.berin.fo\\\/uk\\\/poddvarp\\\/partur-3\\\/#primaryimage\"},\"thumbnailUrl\":\"https:\\\/\\\/www.berin.fo\\\/wp-content\\\/uploads\\\/2022\\\/10\\\/DSC_0287-1-1600x1066.jpg\",\"datePublished\":\"2021-10-14T21:37:17+00:00\",\"dateModified\":\"2024-07-17T13:39:41+00:00\",\"breadcrumb\":{\"@id\":\"https:\\\/\\\/www.berin.fo\\\/uk\\\/poddvarp\\\/partur-3\\\/#breadcrumb\"},\"inLanguage\":\"uk\",\"potentialAction\":[{\"@type\":\"ReadAction\",\"target\":[\"https:\\\/\\\/www.berin.fo\\\/uk\\\/poddvarp\\\/partur-3\\\/\"]}]},{\"@type\":\"ImageObject\",\"inLanguage\":\"uk\",\"@id\":\"https:\\\/\\\/www.berin.fo\\\/uk\\\/poddvarp\\\/partur-3\\\/#primaryimage\",\"url\":\"https:\\\/\\\/www.berin.fo\\\/wp-content\\\/uploads\\\/2022\\\/10\\\/DSC_0287-1-1600x1066.jpg\",\"contentUrl\":\"https:\\\/\\\/www.berin.fo\\\/wp-content\\\/uploads\\\/2022\\\/10\\\/DSC_0287-1-1600x1066.jpg\"},{\"@type\":\"BreadcrumbList\",\"@id\":\"https:\\\/\\\/www.berin.fo\\\/uk\\\/poddvarp\\\/partur-3\\\/#breadcrumb\",\"itemListElement\":[{\"@type\":\"ListItem\",\"position\":1,\"name\":\"Home\",\"item\":\"https:\\\/\\\/www.berin.fo\\\/uk\\\/\"},{\"@type\":\"ListItem\",\"position\":2,\"name\":\"Poddvarp\",\"item\":\"https:\\\/\\\/www.berin.fo\\\/uk\\\/poddvarp\\\/\"},{\"@type\":\"ListItem\",\"position\":3,\"name\":\"Partur 3\"}]},{\"@type\":\"WebSite\",\"@id\":\"https:\\\/\\\/www.berin.fo\\\/#website\",\"url\":\"https:\\\/\\\/www.berin.fo\\\/\",\"name\":\"Berin\",\"description\":\"Berin\",\"potentialAction\":[{\"@type\":\"SearchAction\",\"target\":{\"@type\":\"EntryPoint\",\"urlTemplate\":\"https:\\\/\\\/www.berin.fo\\\/?s={search_term_string}\"},\"query-input\":{\"@type\":\"PropertyValueSpecification\",\"valueRequired\":true,\"valueName\":\"search_term_string\"}}],\"inLanguage\":\"uk\"}]}<\/script>\n<!-- \/ Yoast SEO plugin. -->","yoast_head_json":{"title":"Partur 3 - Berin","robots":{"index":"index","follow":"follow","max-snippet":"max-snippet:-1","max-image-preview":"max-image-preview:large","max-video-preview":"max-video-preview:-1"},"canonical":"https:\/\/www.berin.fo\/uk\/poddvarp\/partur-3\/","og_locale":"uk_UA","og_type":"article","og_title":"Partur 3 - Berin","og_description":"\u0415\u043f\u0456\u0437\u043e\u0434 III: Oddfr\u00ed\u00f0a \u0456 Bent Johnny \u2013 \u201cBarnavognurin skiftur um vi\u00f0 eina kistu\u201d (\u00ab\u0414\u0438\u0442\u044f\u0447\u0438\u0439 \u0432\u0456\u0437\u043e\u043a \u043e\u0431\u043c\u0456\u043d\u044f\u043b\u0438 \u043d\u0430 \u0442\u0440\u0443\u043d\u0443\u00bb) &#8220;At bera sonin \u00fat \u00ed ein bil og koyra hann \u00far kirkjuni eru tey tyngstu fetini, eg nakrant\u00ed\u00f0 havi tiki\u00f0. Vit kl\u00e1ra\u00f0u ikki at siga farv\u00e6l. Ta\u00f0 bleiv meira til, vit s\u00edggjast aftur.\u201d &#8211; Bent Johnny Olsen, [&hellip;]","og_url":"https:\/\/www.berin.fo\/uk\/poddvarp\/partur-3\/","og_site_name":"Berin","article_modified_time":"2024-07-17T13:39:41+00:00","og_image":[{"url":"https:\/\/www.berin.fo\/wp-content\/uploads\/2022\/10\/DSC_0287-1-1600x1066.jpg","type":"","width":"","height":""}],"twitter_card":"summary_large_image","twitter_misc":{"\u041f\u0440\u0438\u0431\u043b. \u0447\u0430\u0441 \u0447\u0438\u0442\u0430\u043d\u043d\u044f":"2 \u0445\u0432\u0438\u043b\u0438\u043d\u0438"},"schema":{"@context":"https:\/\/schema.org","@graph":[{"@type":"WebPage","@id":"https:\/\/www.berin.fo\/uk\/poddvarp\/partur-3\/","url":"https:\/\/www.berin.fo\/uk\/poddvarp\/partur-3\/","name":"Partur 3 - Berin","isPartOf":{"@id":"https:\/\/www.berin.fo\/#website"},"primaryImageOfPage":{"@id":"https:\/\/www.berin.fo\/uk\/poddvarp\/partur-3\/#primaryimage"},"image":{"@id":"https:\/\/www.berin.fo\/uk\/poddvarp\/partur-3\/#primaryimage"},"thumbnailUrl":"https:\/\/www.berin.fo\/wp-content\/uploads\/2022\/10\/DSC_0287-1-1600x1066.jpg","datePublished":"2021-10-14T21:37:17+00:00","dateModified":"2024-07-17T13:39:41+00:00","breadcrumb":{"@id":"https:\/\/www.berin.fo\/uk\/poddvarp\/partur-3\/#breadcrumb"},"inLanguage":"uk","potentialAction":[{"@type":"ReadAction","target":["https:\/\/www.berin.fo\/uk\/poddvarp\/partur-3\/"]}]},{"@type":"ImageObject","inLanguage":"uk","@id":"https:\/\/www.berin.fo\/uk\/poddvarp\/partur-3\/#primaryimage","url":"https:\/\/www.berin.fo\/wp-content\/uploads\/2022\/10\/DSC_0287-1-1600x1066.jpg","contentUrl":"https:\/\/www.berin.fo\/wp-content\/uploads\/2022\/10\/DSC_0287-1-1600x1066.jpg"},{"@type":"BreadcrumbList","@id":"https:\/\/www.berin.fo\/uk\/poddvarp\/partur-3\/#breadcrumb","itemListElement":[{"@type":"ListItem","position":1,"name":"Home","item":"https:\/\/www.berin.fo\/uk\/"},{"@type":"ListItem","position":2,"name":"Poddvarp","item":"https:\/\/www.berin.fo\/uk\/poddvarp\/"},{"@type":"ListItem","position":3,"name":"Partur 3"}]},{"@type":"WebSite","@id":"https:\/\/www.berin.fo\/#website","url":"https:\/\/www.berin.fo\/","name":"Berin","description":"Berin","potentialAction":[{"@type":"SearchAction","target":{"@type":"EntryPoint","urlTemplate":"https:\/\/www.berin.fo\/?s={search_term_string}"},"query-input":{"@type":"PropertyValueSpecification","valueRequired":true,"valueName":"search_term_string"}}],"inLanguage":"uk"}]}},"_links":{"self":[{"href":"https:\/\/www.berin.fo\/uk\/wp-json\/wp\/v2\/pages\/5146","targetHints":{"allow":["GET"]}}],"collection":[{"href":"https:\/\/www.berin.fo\/uk\/wp-json\/wp\/v2\/pages"}],"about":[{"href":"https:\/\/www.berin.fo\/uk\/wp-json\/wp\/v2\/types\/page"}],"author":[{"embeddable":true,"href":"https:\/\/www.berin.fo\/uk\/wp-json\/wp\/v2\/users\/2"}],"replies":[{"embeddable":true,"href":"https:\/\/www.berin.fo\/uk\/wp-json\/wp\/v2\/comments?post=5146"}],"version-history":[{"count":1,"href":"https:\/\/www.berin.fo\/uk\/wp-json\/wp\/v2\/pages\/5146\/revisions"}],"predecessor-version":[{"id":5147,"href":"https:\/\/www.berin.fo\/uk\/wp-json\/wp\/v2\/pages\/5146\/revisions\/5147"}],"up":[{"embeddable":true,"href":"https:\/\/www.berin.fo\/uk\/wp-json\/wp\/v2\/pages\/5137"}],"wp:attachment":[{"href":"https:\/\/www.berin.fo\/uk\/wp-json\/wp\/v2\/media?parent=5146"}],"curies":[{"name":"wp","href":"https:\/\/api.w.org\/{rel}","templated":true}]}}