{"id":5144,"date":"2021-10-14T21:37:17","date_gmt":"2021-10-14T21:37:17","guid":{"rendered":"https:\/\/www.berin.fo\/?page_id=5144"},"modified":"2024-07-17T13:38:17","modified_gmt":"2024-07-17T13:38:17","slug":"partur2","status":"publish","type":"page","link":"https:\/\/www.berin.fo\/uk\/poddvarp\/partur2\/","title":{"rendered":"Partur2"},"content":{"rendered":"\n<div style=\"height:60px\" aria-hidden=\"true\" class=\"wp-block-spacer\"><\/div>\n\n\n\n<h2 class=\"wp-block-heading has-black-color has-text-color has-link-color wp-elements-13bade05e7bb94f5182fb1416bfe08d3\">\u0415\u043f\u0456\u0437\u043e\u0434 II: J\u00f3run \u2013 \u201c Eg sakni babba hv\u00f8nn dag \u201d (\u00ab\u042f \u0441\u0443\u043c\u0443\u044e \u0437\u0430 \u0442\u0430\u0442\u043e\u043c \u0449\u043e\u0434\u043d\u044f\u00bb)<\/h2>\n\n\n\n<p class=\"has-medium-font-size\">&#8220;<em>At byrja vi\u00f0 t\u00edmdi eg illa at tosa vi\u00f0 nakran um ta\u00f0, i\u00f0 var hent. Eg var vekk og k\u00f8ld. Eg var ikki eg\u2026 men n\u00fa havi eg funni\u00f0 meg sj\u00e1lva aftur og vil gjarna tosa um p\u00e1pa m\u00edn og ta\u00f0, i\u00f0 er hent.&#8221;<\/em><br><em><em>&#8211; J\u00f3run M\u00f9ller Jacobsen, partur II<\/em><\/em><\/p>\n\n\n\n<div style=\"height:40px\" aria-hidden=\"true\" class=\"wp-block-spacer\"><\/div>\n\n\n\n<figure class=\"wp-block-image size-large\"><img loading=\"lazy\" decoding=\"async\" width=\"1600\" height=\"1066\" src=\"https:\/\/www.berin.fo\/wp-content\/uploads\/2023\/02\/Poddvarp4-1600x1066.jpg\" alt=\"\" class=\"wp-image-2121\" srcset=\"https:\/\/www.berin.fo\/wp-content\/uploads\/2023\/02\/Poddvarp4-1600x1066.jpg 1600w, https:\/\/www.berin.fo\/wp-content\/uploads\/2023\/02\/Poddvarp4-800x533.jpg 800w, https:\/\/www.berin.fo\/wp-content\/uploads\/2023\/02\/Poddvarp4-768x512.jpg 768w, https:\/\/www.berin.fo\/wp-content\/uploads\/2023\/02\/Poddvarp4-200x133.jpg 200w, https:\/\/www.berin.fo\/wp-content\/uploads\/2023\/02\/Poddvarp4-1536x1024.jpg 1536w, https:\/\/www.berin.fo\/wp-content\/uploads\/2023\/02\/Poddvarp4-600x400.jpg 600w, https:\/\/www.berin.fo\/wp-content\/uploads\/2023\/02\/Poddvarp4.jpg 2048w\" sizes=\"auto, (max-width: 1600px) 100vw, 1600px\" \/><\/figure>\n\n\n\n<div style=\"height:40px\" aria-hidden=\"true\" class=\"wp-block-spacer\"><\/div>\n\n\n\n<p>\u00cd hesum n\u00e6sta partinum \u00ed okkara poddvarpsr\u00f8\u00f0 hoyra vit um, hvussu ta\u00f0 sum tann\u00e1ringur kann upplivast at missa eitt foreldur. J\u00f3run M\u00faller Jacobsen misti br\u00e1dliga p\u00e1pa s\u00edn \u00ed einari arbei\u00f0svanlukku \u00ed 2016. Hvussu upplivdi hon at missa p\u00e1pa s\u00edn, og hvussu hevur hon l\u00e6rt seg at liva v\u00ed\u00f0ari vi\u00f0 sorgini?<\/p>\n\n\n\n<p>\u00cd sendingini seta vit eisini fokus \u00e1, hvat sorg er fyri naka\u00f0, og hvussu ymiskt vit menniskju reagera, t\u00e1 vit missa. Harumframt vitja vit \u00ed Beranum og tosa vi\u00f0 Oddv\u00f8r Poulsen, lei\u00f0ara, um, hvat Berin er fyri naka\u00f0, og hvat b\u00f8rnini og tey ungu f\u00e1a burtur\u00far, t\u00e1 tey koma her.<\/p>\n\n\n\n<div style=\"height:41px\" aria-hidden=\"true\" class=\"wp-block-spacer\"><\/div>\n\n\n\n<iframe style=\"border-radius:12px\" src=\"https:\/\/open.spotify.com\/embed\/episode\/65xRjDUEJt7W2qKca2OXDM?utm_source=generator\" width=\"100%\" height=\"152\" frameborder=\"0\" allowfullscreen=\"\" allow=\"autoplay; clipboard-write; encrypted-media; fullscreen; picture-in-picture\" loading=\"lazy\"><\/iframe>\n\n\n\n<div style=\"height:100px\" aria-hidden=\"true\" class=\"wp-block-spacer\"><\/div>\n","protected":false},"excerpt":{"rendered":"<p>\u0415\u043f\u0456\u0437\u043e\u0434 II: J\u00f3run \u2013 \u201c Eg sakni babba hv\u00f8nn dag \u201d (\u00ab\u042f \u0441\u0443\u043c\u0443\u044e \u0437\u0430 \u0442\u0430\u0442\u043e\u043c \u0449\u043e\u0434\u043d\u044f\u00bb) &#8220;At byrja vi\u00f0 t\u00edmdi eg illa at tosa vi\u00f0 nakran um ta\u00f0, i\u00f0 var hent. Eg var vekk og k\u00f8ld. Eg var ikki eg\u2026 men n\u00fa havi eg funni\u00f0 meg sj\u00e1lva aftur og vil gjarna tosa um p\u00e1pa m\u00edn [&hellip;]<\/p>\n","protected":false},"author":2,"featured_media":0,"parent":5137,"menu_order":1,"comment_status":"closed","ping_status":"closed","template":"","meta":{"_acf_changed":false,"footnotes":"","_links_to":"","_links_to_target":""},"class_list":["post-5144","page","type-page","status-publish","hentry"],"acf":[],"yoast_head":"<!-- This site is optimized with the Yoast SEO plugin v27.5 - https:\/\/yoast.com\/product\/yoast-seo-wordpress\/ -->\n<title>Partur2 - Berin<\/title>\n<meta name=\"robots\" content=\"index, follow, max-snippet:-1, max-image-preview:large, max-video-preview:-1\" \/>\n<link rel=\"canonical\" href=\"https:\/\/www.berin.fo\/uk\/poddvarp\/partur2\/\" \/>\n<meta property=\"og:locale\" content=\"uk_UA\" \/>\n<meta property=\"og:type\" content=\"article\" \/>\n<meta property=\"og:title\" content=\"Partur2 - Berin\" \/>\n<meta property=\"og:description\" content=\"\u0415\u043f\u0456\u0437\u043e\u0434 II: J\u00f3run \u2013 \u201c Eg sakni babba hv\u00f8nn dag \u201d (\u00ab\u042f \u0441\u0443\u043c\u0443\u044e \u0437\u0430 \u0442\u0430\u0442\u043e\u043c \u0449\u043e\u0434\u043d\u044f\u00bb) &#8220;At byrja vi\u00f0 t\u00edmdi eg illa at tosa vi\u00f0 nakran um ta\u00f0, i\u00f0 var hent. Eg var vekk og k\u00f8ld. Eg var ikki eg\u2026 men n\u00fa havi eg funni\u00f0 meg sj\u00e1lva aftur og vil gjarna tosa um p\u00e1pa m\u00edn [&hellip;]\" \/>\n<meta property=\"og:url\" content=\"https:\/\/www.berin.fo\/uk\/poddvarp\/partur2\/\" \/>\n<meta property=\"og:site_name\" content=\"Berin\" \/>\n<meta property=\"article:modified_time\" content=\"2024-07-17T13:38:17+00:00\" \/>\n<meta property=\"og:image\" content=\"https:\/\/www.berin.fo\/wp-content\/uploads\/2023\/02\/Poddvarp4-1600x1066.jpg\" \/>\n<meta name=\"twitter:card\" content=\"summary_large_image\" \/>\n<meta name=\"twitter:label1\" content=\"\u041f\u0440\u0438\u0431\u043b. \u0447\u0430\u0441 \u0447\u0438\u0442\u0430\u043d\u043d\u044f\" \/>\n\t<meta name=\"twitter:data1\" content=\"2 \u0445\u0432\u0438\u043b\u0438\u043d\u0438\" \/>\n<script type=\"application\/ld+json\" class=\"yoast-schema-graph\">{\"@context\":\"https:\\\/\\\/schema.org\",\"@graph\":[{\"@type\":\"WebPage\",\"@id\":\"https:\\\/\\\/www.berin.fo\\\/uk\\\/poddvarp\\\/partur2\\\/\",\"url\":\"https:\\\/\\\/www.berin.fo\\\/uk\\\/poddvarp\\\/partur2\\\/\",\"name\":\"Partur2 - Berin\",\"isPartOf\":{\"@id\":\"https:\\\/\\\/www.berin.fo\\\/#website\"},\"primaryImageOfPage\":{\"@id\":\"https:\\\/\\\/www.berin.fo\\\/uk\\\/poddvarp\\\/partur2\\\/#primaryimage\"},\"image\":{\"@id\":\"https:\\\/\\\/www.berin.fo\\\/uk\\\/poddvarp\\\/partur2\\\/#primaryimage\"},\"thumbnailUrl\":\"https:\\\/\\\/www.berin.fo\\\/wp-content\\\/uploads\\\/2023\\\/02\\\/Poddvarp4-1600x1066.jpg\",\"datePublished\":\"2021-10-14T21:37:17+00:00\",\"dateModified\":\"2024-07-17T13:38:17+00:00\",\"breadcrumb\":{\"@id\":\"https:\\\/\\\/www.berin.fo\\\/uk\\\/poddvarp\\\/partur2\\\/#breadcrumb\"},\"inLanguage\":\"uk\",\"potentialAction\":[{\"@type\":\"ReadAction\",\"target\":[\"https:\\\/\\\/www.berin.fo\\\/uk\\\/poddvarp\\\/partur2\\\/\"]}]},{\"@type\":\"ImageObject\",\"inLanguage\":\"uk\",\"@id\":\"https:\\\/\\\/www.berin.fo\\\/uk\\\/poddvarp\\\/partur2\\\/#primaryimage\",\"url\":\"https:\\\/\\\/www.berin.fo\\\/wp-content\\\/uploads\\\/2023\\\/02\\\/Poddvarp4-1600x1066.jpg\",\"contentUrl\":\"https:\\\/\\\/www.berin.fo\\\/wp-content\\\/uploads\\\/2023\\\/02\\\/Poddvarp4-1600x1066.jpg\"},{\"@type\":\"BreadcrumbList\",\"@id\":\"https:\\\/\\\/www.berin.fo\\\/uk\\\/poddvarp\\\/partur2\\\/#breadcrumb\",\"itemListElement\":[{\"@type\":\"ListItem\",\"position\":1,\"name\":\"Home\",\"item\":\"https:\\\/\\\/www.berin.fo\\\/uk\\\/\"},{\"@type\":\"ListItem\",\"position\":2,\"name\":\"Poddvarp\",\"item\":\"https:\\\/\\\/www.berin.fo\\\/uk\\\/poddvarp\\\/\"},{\"@type\":\"ListItem\",\"position\":3,\"name\":\"Partur2\"}]},{\"@type\":\"WebSite\",\"@id\":\"https:\\\/\\\/www.berin.fo\\\/#website\",\"url\":\"https:\\\/\\\/www.berin.fo\\\/\",\"name\":\"Berin\",\"description\":\"Berin\",\"potentialAction\":[{\"@type\":\"SearchAction\",\"target\":{\"@type\":\"EntryPoint\",\"urlTemplate\":\"https:\\\/\\\/www.berin.fo\\\/?s={search_term_string}\"},\"query-input\":{\"@type\":\"PropertyValueSpecification\",\"valueRequired\":true,\"valueName\":\"search_term_string\"}}],\"inLanguage\":\"uk\"}]}<\/script>\n<!-- \/ Yoast SEO plugin. -->","yoast_head_json":{"title":"Partur2 - Berin","robots":{"index":"index","follow":"follow","max-snippet":"max-snippet:-1","max-image-preview":"max-image-preview:large","max-video-preview":"max-video-preview:-1"},"canonical":"https:\/\/www.berin.fo\/uk\/poddvarp\/partur2\/","og_locale":"uk_UA","og_type":"article","og_title":"Partur2 - Berin","og_description":"\u0415\u043f\u0456\u0437\u043e\u0434 II: J\u00f3run \u2013 \u201c Eg sakni babba hv\u00f8nn dag \u201d (\u00ab\u042f \u0441\u0443\u043c\u0443\u044e \u0437\u0430 \u0442\u0430\u0442\u043e\u043c \u0449\u043e\u0434\u043d\u044f\u00bb) &#8220;At byrja vi\u00f0 t\u00edmdi eg illa at tosa vi\u00f0 nakran um ta\u00f0, i\u00f0 var hent. Eg var vekk og k\u00f8ld. Eg var ikki eg\u2026 men n\u00fa havi eg funni\u00f0 meg sj\u00e1lva aftur og vil gjarna tosa um p\u00e1pa m\u00edn [&hellip;]","og_url":"https:\/\/www.berin.fo\/uk\/poddvarp\/partur2\/","og_site_name":"Berin","article_modified_time":"2024-07-17T13:38:17+00:00","og_image":[{"url":"https:\/\/www.berin.fo\/wp-content\/uploads\/2023\/02\/Poddvarp4-1600x1066.jpg","type":"","width":"","height":""}],"twitter_card":"summary_large_image","twitter_misc":{"\u041f\u0440\u0438\u0431\u043b. \u0447\u0430\u0441 \u0447\u0438\u0442\u0430\u043d\u043d\u044f":"2 \u0445\u0432\u0438\u043b\u0438\u043d\u0438"},"schema":{"@context":"https:\/\/schema.org","@graph":[{"@type":"WebPage","@id":"https:\/\/www.berin.fo\/uk\/poddvarp\/partur2\/","url":"https:\/\/www.berin.fo\/uk\/poddvarp\/partur2\/","name":"Partur2 - Berin","isPartOf":{"@id":"https:\/\/www.berin.fo\/#website"},"primaryImageOfPage":{"@id":"https:\/\/www.berin.fo\/uk\/poddvarp\/partur2\/#primaryimage"},"image":{"@id":"https:\/\/www.berin.fo\/uk\/poddvarp\/partur2\/#primaryimage"},"thumbnailUrl":"https:\/\/www.berin.fo\/wp-content\/uploads\/2023\/02\/Poddvarp4-1600x1066.jpg","datePublished":"2021-10-14T21:37:17+00:00","dateModified":"2024-07-17T13:38:17+00:00","breadcrumb":{"@id":"https:\/\/www.berin.fo\/uk\/poddvarp\/partur2\/#breadcrumb"},"inLanguage":"uk","potentialAction":[{"@type":"ReadAction","target":["https:\/\/www.berin.fo\/uk\/poddvarp\/partur2\/"]}]},{"@type":"ImageObject","inLanguage":"uk","@id":"https:\/\/www.berin.fo\/uk\/poddvarp\/partur2\/#primaryimage","url":"https:\/\/www.berin.fo\/wp-content\/uploads\/2023\/02\/Poddvarp4-1600x1066.jpg","contentUrl":"https:\/\/www.berin.fo\/wp-content\/uploads\/2023\/02\/Poddvarp4-1600x1066.jpg"},{"@type":"BreadcrumbList","@id":"https:\/\/www.berin.fo\/uk\/poddvarp\/partur2\/#breadcrumb","itemListElement":[{"@type":"ListItem","position":1,"name":"Home","item":"https:\/\/www.berin.fo\/uk\/"},{"@type":"ListItem","position":2,"name":"Poddvarp","item":"https:\/\/www.berin.fo\/uk\/poddvarp\/"},{"@type":"ListItem","position":3,"name":"Partur2"}]},{"@type":"WebSite","@id":"https:\/\/www.berin.fo\/#website","url":"https:\/\/www.berin.fo\/","name":"Berin","description":"Berin","potentialAction":[{"@type":"SearchAction","target":{"@type":"EntryPoint","urlTemplate":"https:\/\/www.berin.fo\/?s={search_term_string}"},"query-input":{"@type":"PropertyValueSpecification","valueRequired":true,"valueName":"search_term_string"}}],"inLanguage":"uk"}]}},"_links":{"self":[{"href":"https:\/\/www.berin.fo\/uk\/wp-json\/wp\/v2\/pages\/5144","targetHints":{"allow":["GET"]}}],"collection":[{"href":"https:\/\/www.berin.fo\/uk\/wp-json\/wp\/v2\/pages"}],"about":[{"href":"https:\/\/www.berin.fo\/uk\/wp-json\/wp\/v2\/types\/page"}],"author":[{"embeddable":true,"href":"https:\/\/www.berin.fo\/uk\/wp-json\/wp\/v2\/users\/2"}],"replies":[{"embeddable":true,"href":"https:\/\/www.berin.fo\/uk\/wp-json\/wp\/v2\/comments?post=5144"}],"version-history":[{"count":1,"href":"https:\/\/www.berin.fo\/uk\/wp-json\/wp\/v2\/pages\/5144\/revisions"}],"predecessor-version":[{"id":5145,"href":"https:\/\/www.berin.fo\/uk\/wp-json\/wp\/v2\/pages\/5144\/revisions\/5145"}],"up":[{"embeddable":true,"href":"https:\/\/www.berin.fo\/uk\/wp-json\/wp\/v2\/pages\/5137"}],"wp:attachment":[{"href":"https:\/\/www.berin.fo\/uk\/wp-json\/wp\/v2\/media?parent=5144"}],"curies":[{"name":"wp","href":"https:\/\/api.w.org\/{rel}","templated":true}]}}