{"id":5139,"date":"2021-10-14T21:37:17","date_gmt":"2021-10-14T21:37:17","guid":{"rendered":"https:\/\/www.berin.fo\/?page_id=5139"},"modified":"2024-07-18T09:08:17","modified_gmt":"2024-07-18T09:08:17","slug":"partur-1","status":"publish","type":"page","link":"https:\/\/www.berin.fo\/uk\/poddvarp\/partur-1\/","title":{"rendered":"Partur 1"},"content":{"rendered":"\n<div style=\"height:60px\" aria-hidden=\"true\" class=\"wp-block-spacer\"><\/div>\n\n\n\n<h2 class=\"wp-block-heading has-green-color has-text-color has-link-color wp-elements-ee6c8b4ad069e84cb204b38992f15918\">\u0415\u043f\u0456\u0437\u043e\u0434 I: S\u00f3lv\u00e1 \u2013 \u201cSorgin byrja\u00f0i, t\u00e1 babba bleiv sj\u00fakur\u201d (\u00ab\u0413\u043e\u0440\u0435 \u043f\u043e\u0447\u0430\u043b\u043e\u0441\u044f, \u043a\u043e\u043b\u0438 \u0437\u0430\u0445\u0432\u043e\u0440\u0456\u0432 \u0442\u0430\u0442\u043e\u00bb)<\/h2>\n\n\n\n<p>&#8220;<em>T\u00e1 sj\u00fakan var\u00f0 sta\u00f0fest kom ta\u00f0 p\u00fara greitt fram, at hetta var ein sj\u00faka, babba f\u00f3r at doyggja av. Ta\u00f0 skapti st\u00f3ra \u00f3vissu, st\u00faranir og hj\u00e1lparloysi. Eingin av okkum hev\u00f0i eitt svar upp\u00e1 naka\u00f0, men ta\u00f0 var t\u00fddningarmiki\u00f0 fyri okkum sum familja at royna at vera saman um \u00f3vissuna.<\/em>&#8220;<br><em>&#8211; S\u00f3lv\u00e1 Hjaltalin Olsen, partur I <\/em><\/p>\n\n\n\n<div style=\"height:40px\" aria-hidden=\"true\" class=\"wp-block-spacer\"><\/div>\n\n\n\n<figure class=\"wp-block-image size-large\"><img loading=\"lazy\" decoding=\"async\" width=\"1600\" height=\"1066\" src=\"https:\/\/www.berin.fo\/wp-content\/uploads\/2023\/02\/Poddvarp3-1-1600x1066.jpg\" alt=\"\" class=\"wp-image-2102\" srcset=\"https:\/\/www.berin.fo\/wp-content\/uploads\/2023\/02\/Poddvarp3-1-1600x1066.jpg 1600w, https:\/\/www.berin.fo\/wp-content\/uploads\/2023\/02\/Poddvarp3-1-800x533.jpg 800w, https:\/\/www.berin.fo\/wp-content\/uploads\/2023\/02\/Poddvarp3-1-768x512.jpg 768w, https:\/\/www.berin.fo\/wp-content\/uploads\/2023\/02\/Poddvarp3-1-200x133.jpg 200w, https:\/\/www.berin.fo\/wp-content\/uploads\/2023\/02\/Poddvarp3-1-1536x1024.jpg 1536w, https:\/\/www.berin.fo\/wp-content\/uploads\/2023\/02\/Poddvarp3-1-600x400.jpg 600w, https:\/\/www.berin.fo\/wp-content\/uploads\/2023\/02\/Poddvarp3-1.jpg 2048w\" sizes=\"auto, (max-width: 1600px) 100vw, 1600px\" \/><\/figure>\n\n\n\n<div style=\"height:40px\" aria-hidden=\"true\" class=\"wp-block-spacer\"><\/div>\n\n\n\n<p><mark style=\"background-color:rgba(0, 0, 0, 0)\" class=\"has-inline-color has-black-color\">\u00cd hesum fyrsta partinum \u00ed okkara poddvarpsr\u00f8\u00f0 um sorg hoyra vit um, hvussu ta\u00f0 er at vera barn og ungur vi\u00f0 einum \u00e1lvarsama sj\u00fakum foreldri. Vit hoyra S\u00f3lv\u00e1 Hjaltalin Olsen grei\u00f0a fr\u00e1, hvussu ta\u00f0 \u00e1virka\u00f0i hennara l\u00edv, t\u00e1 p\u00e1pi hennara br\u00e1dliga var\u00f0 \u00e1lvarsama sj\u00fakur. Hvussu tey sum familja royndu at vera um hv\u00f8nn annan \u00ed hesum sv\u00e1ra og avbj\u00f3\u00f0andi t\u00ed\u00f0arskei\u00f0num, i\u00f0 var merkt av st\u00f3rari \u00f3vissu, st\u00faranum og hj\u00e1lparloysi.<\/mark><\/p>\n\n\n\n<div style=\"height:40px\" aria-hidden=\"true\" class=\"wp-block-spacer\"><\/div>\n\n\n\n<iframe style=\"border-radius:12px\" src=\"https:\/\/open.spotify.com\/embed\/episode\/2mAneBdkf9eui8HyZb8mwO?utm_source=generator\" width=\"100%\" height=\"152\" frameborder=\"0\" allowfullscreen=\"\" allow=\"autoplay; clipboard-write; encrypted-media; fullscreen; picture-in-picture\" loading=\"lazy\"><\/iframe>\n\n\n\n<div style=\"height:100px\" aria-hidden=\"true\" class=\"wp-block-spacer\"><\/div>\n","protected":false},"excerpt":{"rendered":"<p>\u0415\u043f\u0456\u0437\u043e\u0434 I: S\u00f3lv\u00e1 \u2013 \u201cSorgin byrja\u00f0i, t\u00e1 babba bleiv sj\u00fakur\u201d (\u00ab\u0413\u043e\u0440\u0435 \u043f\u043e\u0447\u0430\u043b\u043e\u0441\u044f, \u043a\u043e\u043b\u0438 \u0437\u0430\u0445\u0432\u043e\u0440\u0456\u0432 \u0442\u0430\u0442\u043e\u00bb) &#8220;T\u00e1 sj\u00fakan var\u00f0 sta\u00f0fest kom ta\u00f0 p\u00fara greitt fram, at hetta var ein sj\u00faka, babba f\u00f3r at doyggja av. Ta\u00f0 skapti st\u00f3ra \u00f3vissu, st\u00faranir og hj\u00e1lparloysi. Eingin av okkum hev\u00f0i eitt svar upp\u00e1 naka\u00f0, men ta\u00f0 var t\u00fddningarmiki\u00f0 fyri okkum [&hellip;]<\/p>\n","protected":false},"author":2,"featured_media":0,"parent":5137,"menu_order":0,"comment_status":"closed","ping_status":"closed","template":"","meta":{"_acf_changed":false,"footnotes":"","_links_to":"","_links_to_target":""},"class_list":["post-5139","page","type-page","status-publish","hentry"],"acf":[],"yoast_head":"<!-- This site is optimized with the Yoast SEO plugin v27.5 - https:\/\/yoast.com\/product\/yoast-seo-wordpress\/ -->\n<title>Partur 1 - Berin<\/title>\n<meta name=\"robots\" content=\"index, follow, max-snippet:-1, max-image-preview:large, max-video-preview:-1\" \/>\n<link rel=\"canonical\" href=\"https:\/\/www.berin.fo\/uk\/poddvarp\/partur-1\/\" \/>\n<meta property=\"og:locale\" content=\"uk_UA\" \/>\n<meta property=\"og:type\" content=\"article\" \/>\n<meta property=\"og:title\" content=\"Partur 1 - Berin\" \/>\n<meta property=\"og:description\" content=\"\u0415\u043f\u0456\u0437\u043e\u0434 I: S\u00f3lv\u00e1 \u2013 \u201cSorgin byrja\u00f0i, t\u00e1 babba bleiv sj\u00fakur\u201d (\u00ab\u0413\u043e\u0440\u0435 \u043f\u043e\u0447\u0430\u043b\u043e\u0441\u044f, \u043a\u043e\u043b\u0438 \u0437\u0430\u0445\u0432\u043e\u0440\u0456\u0432 \u0442\u0430\u0442\u043e\u00bb) &#8220;T\u00e1 sj\u00fakan var\u00f0 sta\u00f0fest kom ta\u00f0 p\u00fara greitt fram, at hetta var ein sj\u00faka, babba f\u00f3r at doyggja av. Ta\u00f0 skapti st\u00f3ra \u00f3vissu, st\u00faranir og hj\u00e1lparloysi. Eingin av okkum hev\u00f0i eitt svar upp\u00e1 naka\u00f0, men ta\u00f0 var t\u00fddningarmiki\u00f0 fyri okkum [&hellip;]\" \/>\n<meta property=\"og:url\" content=\"https:\/\/www.berin.fo\/uk\/poddvarp\/partur-1\/\" \/>\n<meta property=\"og:site_name\" content=\"Berin\" \/>\n<meta property=\"article:modified_time\" content=\"2024-07-18T09:08:17+00:00\" \/>\n<meta property=\"og:image\" content=\"https:\/\/www.berin.fo\/wp-content\/uploads\/2023\/02\/Poddvarp3-1-1600x1066.jpg\" \/>\n<meta name=\"twitter:card\" content=\"summary_large_image\" \/>\n<meta name=\"twitter:label1\" content=\"\u041f\u0440\u0438\u0431\u043b. \u0447\u0430\u0441 \u0447\u0438\u0442\u0430\u043d\u043d\u044f\" \/>\n\t<meta name=\"twitter:data1\" content=\"1 \u0445\u0432\u0438\u043b\u0438\u043d\u0430\" \/>\n<script type=\"application\/ld+json\" class=\"yoast-schema-graph\">{\"@context\":\"https:\\\/\\\/schema.org\",\"@graph\":[{\"@type\":\"WebPage\",\"@id\":\"https:\\\/\\\/www.berin.fo\\\/uk\\\/poddvarp\\\/partur-1\\\/\",\"url\":\"https:\\\/\\\/www.berin.fo\\\/uk\\\/poddvarp\\\/partur-1\\\/\",\"name\":\"Partur 1 - Berin\",\"isPartOf\":{\"@id\":\"https:\\\/\\\/www.berin.fo\\\/#website\"},\"primaryImageOfPage\":{\"@id\":\"https:\\\/\\\/www.berin.fo\\\/uk\\\/poddvarp\\\/partur-1\\\/#primaryimage\"},\"image\":{\"@id\":\"https:\\\/\\\/www.berin.fo\\\/uk\\\/poddvarp\\\/partur-1\\\/#primaryimage\"},\"thumbnailUrl\":\"https:\\\/\\\/www.berin.fo\\\/wp-content\\\/uploads\\\/2023\\\/02\\\/Poddvarp3-1-1600x1066.jpg\",\"datePublished\":\"2021-10-14T21:37:17+00:00\",\"dateModified\":\"2024-07-18T09:08:17+00:00\",\"breadcrumb\":{\"@id\":\"https:\\\/\\\/www.berin.fo\\\/uk\\\/poddvarp\\\/partur-1\\\/#breadcrumb\"},\"inLanguage\":\"uk\",\"potentialAction\":[{\"@type\":\"ReadAction\",\"target\":[\"https:\\\/\\\/www.berin.fo\\\/uk\\\/poddvarp\\\/partur-1\\\/\"]}]},{\"@type\":\"ImageObject\",\"inLanguage\":\"uk\",\"@id\":\"https:\\\/\\\/www.berin.fo\\\/uk\\\/poddvarp\\\/partur-1\\\/#primaryimage\",\"url\":\"https:\\\/\\\/www.berin.fo\\\/wp-content\\\/uploads\\\/2023\\\/02\\\/Poddvarp3-1-1600x1066.jpg\",\"contentUrl\":\"https:\\\/\\\/www.berin.fo\\\/wp-content\\\/uploads\\\/2023\\\/02\\\/Poddvarp3-1-1600x1066.jpg\"},{\"@type\":\"BreadcrumbList\",\"@id\":\"https:\\\/\\\/www.berin.fo\\\/uk\\\/poddvarp\\\/partur-1\\\/#breadcrumb\",\"itemListElement\":[{\"@type\":\"ListItem\",\"position\":1,\"name\":\"Home\",\"item\":\"https:\\\/\\\/www.berin.fo\\\/uk\\\/\"},{\"@type\":\"ListItem\",\"position\":2,\"name\":\"Poddvarp\",\"item\":\"https:\\\/\\\/www.berin.fo\\\/uk\\\/poddvarp\\\/\"},{\"@type\":\"ListItem\",\"position\":3,\"name\":\"Partur 1\"}]},{\"@type\":\"WebSite\",\"@id\":\"https:\\\/\\\/www.berin.fo\\\/#website\",\"url\":\"https:\\\/\\\/www.berin.fo\\\/\",\"name\":\"Berin\",\"description\":\"Berin\",\"potentialAction\":[{\"@type\":\"SearchAction\",\"target\":{\"@type\":\"EntryPoint\",\"urlTemplate\":\"https:\\\/\\\/www.berin.fo\\\/?s={search_term_string}\"},\"query-input\":{\"@type\":\"PropertyValueSpecification\",\"valueRequired\":true,\"valueName\":\"search_term_string\"}}],\"inLanguage\":\"uk\"}]}<\/script>\n<!-- \/ Yoast SEO plugin. -->","yoast_head_json":{"title":"Partur 1 - Berin","robots":{"index":"index","follow":"follow","max-snippet":"max-snippet:-1","max-image-preview":"max-image-preview:large","max-video-preview":"max-video-preview:-1"},"canonical":"https:\/\/www.berin.fo\/uk\/poddvarp\/partur-1\/","og_locale":"uk_UA","og_type":"article","og_title":"Partur 1 - Berin","og_description":"\u0415\u043f\u0456\u0437\u043e\u0434 I: S\u00f3lv\u00e1 \u2013 \u201cSorgin byrja\u00f0i, t\u00e1 babba bleiv sj\u00fakur\u201d (\u00ab\u0413\u043e\u0440\u0435 \u043f\u043e\u0447\u0430\u043b\u043e\u0441\u044f, \u043a\u043e\u043b\u0438 \u0437\u0430\u0445\u0432\u043e\u0440\u0456\u0432 \u0442\u0430\u0442\u043e\u00bb) &#8220;T\u00e1 sj\u00fakan var\u00f0 sta\u00f0fest kom ta\u00f0 p\u00fara greitt fram, at hetta var ein sj\u00faka, babba f\u00f3r at doyggja av. Ta\u00f0 skapti st\u00f3ra \u00f3vissu, st\u00faranir og hj\u00e1lparloysi. Eingin av okkum hev\u00f0i eitt svar upp\u00e1 naka\u00f0, men ta\u00f0 var t\u00fddningarmiki\u00f0 fyri okkum [&hellip;]","og_url":"https:\/\/www.berin.fo\/uk\/poddvarp\/partur-1\/","og_site_name":"Berin","article_modified_time":"2024-07-18T09:08:17+00:00","og_image":[{"url":"https:\/\/www.berin.fo\/wp-content\/uploads\/2023\/02\/Poddvarp3-1-1600x1066.jpg","type":"","width":"","height":""}],"twitter_card":"summary_large_image","twitter_misc":{"\u041f\u0440\u0438\u0431\u043b. \u0447\u0430\u0441 \u0447\u0438\u0442\u0430\u043d\u043d\u044f":"1 \u0445\u0432\u0438\u043b\u0438\u043d\u0430"},"schema":{"@context":"https:\/\/schema.org","@graph":[{"@type":"WebPage","@id":"https:\/\/www.berin.fo\/uk\/poddvarp\/partur-1\/","url":"https:\/\/www.berin.fo\/uk\/poddvarp\/partur-1\/","name":"Partur 1 - Berin","isPartOf":{"@id":"https:\/\/www.berin.fo\/#website"},"primaryImageOfPage":{"@id":"https:\/\/www.berin.fo\/uk\/poddvarp\/partur-1\/#primaryimage"},"image":{"@id":"https:\/\/www.berin.fo\/uk\/poddvarp\/partur-1\/#primaryimage"},"thumbnailUrl":"https:\/\/www.berin.fo\/wp-content\/uploads\/2023\/02\/Poddvarp3-1-1600x1066.jpg","datePublished":"2021-10-14T21:37:17+00:00","dateModified":"2024-07-18T09:08:17+00:00","breadcrumb":{"@id":"https:\/\/www.berin.fo\/uk\/poddvarp\/partur-1\/#breadcrumb"},"inLanguage":"uk","potentialAction":[{"@type":"ReadAction","target":["https:\/\/www.berin.fo\/uk\/poddvarp\/partur-1\/"]}]},{"@type":"ImageObject","inLanguage":"uk","@id":"https:\/\/www.berin.fo\/uk\/poddvarp\/partur-1\/#primaryimage","url":"https:\/\/www.berin.fo\/wp-content\/uploads\/2023\/02\/Poddvarp3-1-1600x1066.jpg","contentUrl":"https:\/\/www.berin.fo\/wp-content\/uploads\/2023\/02\/Poddvarp3-1-1600x1066.jpg"},{"@type":"BreadcrumbList","@id":"https:\/\/www.berin.fo\/uk\/poddvarp\/partur-1\/#breadcrumb","itemListElement":[{"@type":"ListItem","position":1,"name":"Home","item":"https:\/\/www.berin.fo\/uk\/"},{"@type":"ListItem","position":2,"name":"Poddvarp","item":"https:\/\/www.berin.fo\/uk\/poddvarp\/"},{"@type":"ListItem","position":3,"name":"Partur 1"}]},{"@type":"WebSite","@id":"https:\/\/www.berin.fo\/#website","url":"https:\/\/www.berin.fo\/","name":"Berin","description":"Berin","potentialAction":[{"@type":"SearchAction","target":{"@type":"EntryPoint","urlTemplate":"https:\/\/www.berin.fo\/?s={search_term_string}"},"query-input":{"@type":"PropertyValueSpecification","valueRequired":true,"valueName":"search_term_string"}}],"inLanguage":"uk"}]}},"_links":{"self":[{"href":"https:\/\/www.berin.fo\/uk\/wp-json\/wp\/v2\/pages\/5139","targetHints":{"allow":["GET"]}}],"collection":[{"href":"https:\/\/www.berin.fo\/uk\/wp-json\/wp\/v2\/pages"}],"about":[{"href":"https:\/\/www.berin.fo\/uk\/wp-json\/wp\/v2\/types\/page"}],"author":[{"embeddable":true,"href":"https:\/\/www.berin.fo\/uk\/wp-json\/wp\/v2\/users\/2"}],"replies":[{"embeddable":true,"href":"https:\/\/www.berin.fo\/uk\/wp-json\/wp\/v2\/comments?post=5139"}],"version-history":[{"count":1,"href":"https:\/\/www.berin.fo\/uk\/wp-json\/wp\/v2\/pages\/5139\/revisions"}],"predecessor-version":[{"id":5140,"href":"https:\/\/www.berin.fo\/uk\/wp-json\/wp\/v2\/pages\/5139\/revisions\/5140"}],"up":[{"embeddable":true,"href":"https:\/\/www.berin.fo\/uk\/wp-json\/wp\/v2\/pages\/5137"}],"wp:attachment":[{"href":"https:\/\/www.berin.fo\/uk\/wp-json\/wp\/v2\/media?parent=5139"}],"curies":[{"name":"wp","href":"https:\/\/api.w.org\/{rel}","templated":true}]}}