{"id":5109,"date":"2021-10-14T21:37:17","date_gmt":"2021-10-14T21:37:17","guid":{"rendered":"https:\/\/www.berin.fo\/?page_id=5109"},"modified":"2024-07-17T12:04:36","modified_gmt":"2024-07-17T12:04:36","slug":"samrodur-til-tin-sum-hevur-mist-foreldur-ella-systkin","status":"publish","type":"page","link":"https:\/\/www.berin.fo\/uk\/berin-kann-hjalpa-taer-sum-hevur\/mist-foreldur-ella-systkin\/samrodur-til-tin-sum-hevur-mist-foreldur-ella-systkin\/","title":{"rendered":"Samr\u00f8\u00f0ur til t\u00edn, sum hevur mist foreldur ella systkin"},"content":{"rendered":"\n<div class=\"wp-block-cover alignfull is-light\"><span aria-hidden=\"true\" class=\"wp-block-cover__background has-background-dim-10 has-background-dim\"><\/span><img loading=\"lazy\" decoding=\"async\" width=\"1600\" height=\"1066\" class=\"wp-block-cover__image-background wp-image-1817\" alt=\"\" src=\"https:\/\/www.berin.fo\/wp-content\/uploads\/2023\/02\/Samrodur-1600x1066.jpg\" style=\"object-position:51% 73%\" data-object-fit=\"cover\" data-object-position=\"51% 73%\" srcset=\"https:\/\/www.berin.fo\/wp-content\/uploads\/2023\/02\/Samrodur-1600x1066.jpg 1600w, https:\/\/www.berin.fo\/wp-content\/uploads\/2023\/02\/Samrodur-800x533.jpg 800w, https:\/\/www.berin.fo\/wp-content\/uploads\/2023\/02\/Samrodur-768x512.jpg 768w, https:\/\/www.berin.fo\/wp-content\/uploads\/2023\/02\/Samrodur-200x133.jpg 200w, https:\/\/www.berin.fo\/wp-content\/uploads\/2023\/02\/Samrodur-1536x1024.jpg 1536w, https:\/\/www.berin.fo\/wp-content\/uploads\/2023\/02\/Samrodur-600x400.jpg 600w, https:\/\/www.berin.fo\/wp-content\/uploads\/2023\/02\/Samrodur.jpg 2048w\" sizes=\"auto, (max-width: 1600px) 100vw, 1600px\" \/><div class=\"wp-block-cover__inner-container is-layout-flow wp-block-cover-is-layout-flow\">\n<h1 class=\"wp-block-heading has-text-align-center has-white-color has-text-color\">\u041a\u043e\u043d\u0441\u0443\u043b\u044c\u0442\u0430\u0446\u0456\u0457<\/h1>\n<\/div><\/div>\n\n\n\n<div style=\"height:40px\" aria-hidden=\"true\" class=\"wp-block-spacer\"><\/div>\n\n\n\n<h2 class=\"wp-block-heading has-green-color has-text-color\">\u042f\u043a \u043f\u0440\u043e\u0445\u043e\u0434\u044f\u0442\u044c \u043a\u043e\u043d\u0441\u0443\u043b\u044c\u0442\u0430\u0446\u0456\u0457?<\/h2>\n\n\n\n<p>Berin \u043f\u0440\u043e\u043f\u043e\u043d\u0443\u0454 \u044f\u043a \u043a\u043e\u043d\u0441\u0443\u043b\u044c\u0442\u0430\u0446\u0456\u0457 \u0434\u043b\u044f \u043d\u0430\u0434\u0430\u043d\u043d\u044f \u043f\u0456\u0434\u0442\u0440\u0438\u043c\u043a\u0438 \u0442\u0430 \u043f\u043e\u0440\u0430\u0434, \u0442\u0430\u043a \u0456 \u0442\u0435\u0440\u0430\u043f\u0456\u044e. \u041a\u043e\u043d\u0441\u0443\u043b\u044c\u0442\u0430\u0446\u0456\u0457 \u043f\u0440\u043e\u0432\u043e\u0434\u044f\u0442\u044c \u043f\u0441\u0438\u0445\u043e\u043b\u043e\u0433\u0438, \u044f\u043a\u0456 \u043f\u0440\u0430\u0446\u044e\u044e\u0442\u044c \u0443 Berin. \u041d\u0430 \u043f\u043e\u0447\u0430\u0442\u043a\u0443 \u043c\u0438 \u043f\u0440\u043e\u043f\u043e\u043d\u0443\u0454\u043c\u043e 10 \u043a\u043e\u043d\u0441\u0443\u043b\u044c\u0442\u0430\u0446\u0456\u0439, \u0456 \u043f\u043e\u0442\u0456\u043c \u043e\u0446\u0456\u043d\u044e\u0454\u043c\u043e, \u0447\u0438 \u043f\u043e\u0442\u0440\u0456\u0431\u043d\u043e \u0431\u0456\u043b\u044c\u0448\u0435. \u041d\u0430 \u043a\u043e\u0436\u043d\u0443 \u043a\u043e\u043d\u0441\u0443\u043b\u044c\u0442\u0430\u0446\u0456\u044e \u0432\u0456\u0434\u0432\u043e\u0434\u0438\u0442\u044c\u0441\u044f \u043e\u0434\u043d\u0430 \u0433\u043e\u0434\u0438\u043d\u0430. \u042f\u043a\u0449\u043e \u0432\u0430\u043c \u043d\u0435 \u0432\u0438\u043f\u043e\u0432\u043d\u0438\u043b\u043e\u0441\u044f 18 \u0440\u043e\u043a\u0456\u0432, \u043a\u043e\u043d\u0441\u0443\u043b\u044c\u0442\u0430\u0446\u0456\u0457 \u0437\u0430\u0437\u0432\u0438\u0447\u0430\u0439 \u0432\u0456\u0434\u0431\u0443\u0432\u0430\u044e\u0442\u044c\u0441\u044f \u0432 \u043f\u0440\u0438\u0441\u0443\u0442\u043d\u043e\u0441\u0442\u0456 \u043e\u0434\u043d\u043e\u0433\u043e \u0456\u0437 \u0432\u0430\u0448\u0438\u0445 \u043d\u0430\u0439\u0431\u043b\u0438\u0436\u0447\u0438\u0445 \u0440\u043e\u0434\u0438\u0447\u0456\u0432, \u0430\u043b\u0435 \u0443 \u0431\u0443\u0434\u044c-\u044f\u043a\u043e\u043c\u0443 \u0440\u0430\u0437\u0456 \u0442\u0456\u043b\u044c\u043a\u0438 \u0437\u0430 \u0432\u0430\u0448\u043e\u0457 \u0437\u0433\u043e\u0434\u0438. \u041c\u0438 \u043d\u0430\u0433\u043e\u043b\u043e\u0448\u0443\u0454\u043c\u043e, \u0449\u043e \u0431\u0435\u0441\u0456\u0434\u0438 \u0491\u0440\u0443\u043d\u0442\u0443\u044e\u0442\u044c\u0441\u044f \u043d\u0430 \u0432\u0430\u0448\u0438\u0445 \u043f\u043e\u0431\u0430\u0436\u0430\u043d\u043d\u044f\u0445 \u0456 \u043f\u0440\u043e\u0431\u043b\u0435\u043c\u0430\u0445, \u044f\u043a\u0456 \u0432\u0438 \u0432\u0456\u0434\u0447\u0443\u0432\u0430\u0454\u0442\u0435 \u0443 \u0437\u0432&#8217;\u044f\u0437\u043a\u0443 \u0437 \u0433\u043e\u0440\u0435\u043c. \u041a\u043e\u043d\u0441\u0443\u043b\u044c\u0442\u0430\u0446\u0456\u0457 \u043f\u0440\u043e\u0445\u043e\u0434\u044f\u0442\u044c \u0443 \u0437\u0430\u0442\u0438\u0448\u043d\u043e\u043c\u0443 \u043f\u0440\u0438\u043c\u0456\u0449\u0435\u043d\u043d\u0456 Berin \u043d\u0430 \u0432\u0443\u043b\u0438\u0446\u0456 Niels Finsens \u0432 \u043c\u0456\u0441\u0442\u0456 \u0422\u043e\u0440\u0441\u0445\u0430\u0432\u043d.<\/p>\n\n\n\n<div style=\"height:40px\" aria-hidden=\"true\" class=\"wp-block-spacer\"><\/div>\n\n\n\n<div class=\"wp-block-columns are-vertically-aligned-bottom is-layout-flex wp-container-core-columns-is-layout-9d6595d7 wp-block-columns-is-layout-flex\">\n<div class=\"wp-block-column is-vertically-aligned-bottom is-layout-flow wp-block-column-is-layout-flow\">\n<figure class=\"wp-block-image size-large is-resized\"><img loading=\"lazy\" decoding=\"async\" width=\"1600\" height=\"1066\" src=\"https:\/\/www.berin.fo\/wp-content\/uploads\/2023\/02\/Samrodur1-1600x1066.jpg\" alt=\"\" class=\"wp-image-1823\" style=\"width:402px;height:267px\" srcset=\"https:\/\/www.berin.fo\/wp-content\/uploads\/2023\/02\/Samrodur1-1600x1066.jpg 1600w, https:\/\/www.berin.fo\/wp-content\/uploads\/2023\/02\/Samrodur1-800x533.jpg 800w, https:\/\/www.berin.fo\/wp-content\/uploads\/2023\/02\/Samrodur1-768x512.jpg 768w, https:\/\/www.berin.fo\/wp-content\/uploads\/2023\/02\/Samrodur1-200x133.jpg 200w, https:\/\/www.berin.fo\/wp-content\/uploads\/2023\/02\/Samrodur1-1536x1024.jpg 1536w, https:\/\/www.berin.fo\/wp-content\/uploads\/2023\/02\/Samrodur1-600x400.jpg 600w, https:\/\/www.berin.fo\/wp-content\/uploads\/2023\/02\/Samrodur1.jpg 2048w\" sizes=\"auto, (max-width: 1600px) 100vw, 1600px\" \/><\/figure>\n<\/div>\n\n\n\n<div class=\"wp-block-column is-vertically-aligned-top is-layout-flow wp-block-column-is-layout-flow\">\n<h2 class=\"wp-block-heading has-green-color has-text-color has-large-font-size\">\u0421\u043a\u0456\u043b\u044c\u043a\u0438 \u043a\u043e\u0448\u0442\u0443\u0454 \u043a\u043e\u043d\u0441\u0443\u043b\u044c\u0442\u0430\u0446\u0456\u044f?<\/h2>\n\n\n\n<p>\u041a\u043e\u043d\u0441\u0443\u043b\u044c\u0442\u0430\u0446\u0456\u0457 \u0442\u0430 \u0442\u0435\u0440\u0430\u043f\u0456\u044f, \u044f\u043a\u0456 \u043c\u0438 \u043f\u0440\u043e\u043f\u043e\u043d\u0443\u0454\u043c\u043e, \u0454 \u0431\u0435\u0437\u043a\u043e\u0448\u0442\u043e\u0432\u043d\u0438\u043c\u0438 \u0456 \u043d\u0435 \u043f\u043e\u0442\u0440\u0435\u0431\u0443\u044e\u0442\u044c \u043d\u0430\u043f\u0440\u0430\u0432\u043b\u0435\u043d\u043d\u044f \u0432\u0456\u0434 \u043b\u0456\u043a\u0430\u0440\u044f.<\/p>\n<\/div>\n<\/div>\n\n\n\n<div style=\"height:40px\" aria-hidden=\"true\" class=\"wp-block-spacer\"><\/div>\n\n\n\n<h2 class=\"wp-block-heading has-green-color has-text-color\">\u042f\u043a \u0437\u0430\u0440\u0435\u0454\u0441\u0442\u0440\u0443\u0432\u0430\u0442\u0438\u0441\u044f?<\/h2>\n\n\n\n<p>\u0412\u0438 \u043c\u043e\u0436\u0435\u0442\u0435 \u0437\u0430\u043f\u0438\u0441\u0430\u0442\u0438\u0441\u044f \u043d\u0430 \u043a\u043e\u043d\u0441\u0443\u043b\u044c\u0442\u0430\u0446\u0456\u044e, \u0437\u0430\u0442\u0435\u043b\u0435\u0444\u043e\u043d\u0443\u0432\u0430\u0432\u0448\u0438 \u0430\u0431\u043e \u043d\u0430\u043f\u0438\u0441\u0430\u0432\u0448\u0438 \u0443 Berin, \u0430\u0431\u043e \u043f\u043e\u043f\u0440\u043e\u0441\u0438\u0442\u0438 \u043a\u043e\u0433\u043e\u0441\u044c \u0456\u043d\u0448\u043e\u0433\u043e \u0437\u0432&#8217;\u044f\u0437\u0430\u0442\u0438\u0441\u044f \u0437 Berin \u0432\u0456\u0434 \u0432\u0430\u0448\u043e\u0433\u043e \u0456\u043c\u0435\u043d\u0456. \u041f\u0456\u0441\u043b\u044f \u0446\u044c\u043e\u0433\u043e \u0432\u0430\u0441 \u0437\u0430\u043f\u0440\u043e\u0441\u044f\u0442\u044c \u043d\u0430 \u0432\u0441\u0442\u0443\u043f\u043d\u0443 \u0431\u0435\u0441\u0456\u0434\u0443, \u043c\u043e\u0436\u043b\u0438\u0432\u043e, \u0437 \u0431\u0430\u0442\u044c\u043a\u0430\u043c\u0438\/\u043d\u0430\u0439\u0431\u043b\u0438\u0436\u0447\u0438\u043c \u0440\u043e\u0434\u0438\u0447\u0435\u043c, \u0456 \u043d\u0430 \u043e\u0441\u043d\u043e\u0432\u0456 \u0446\u0456\u0454\u0457 \u0431\u0435\u0441\u0456\u0434\u0438 \u0432\u0438 \u0437\u043c\u043e\u0436\u0435\u0442\u0435 \u0432\u0438\u0440\u0456\u0448\u0438\u0442\u0438, \u0447\u0438 \u0445\u043e\u0447\u0435\u0442\u0435 \u0432\u0438 \u043f\u0440\u0438\u0439\u043d\u044f\u0442\u0438 \u0443\u0447\u0430\u0441\u0442\u044c \u0443 \u0442\u043e\u043c\u0443, \u0449\u043e \u043c\u0438 \u043f\u0440\u043e\u043f\u043e\u043d\u0443\u0454\u043c\u043e.<\/p>\n\n\n\n<div style=\"height:60px\" aria-hidden=\"true\" class=\"wp-block-spacer\"><\/div>\n","protected":false},"excerpt":{"rendered":"<p>\u042f\u043a \u043f\u0440\u043e\u0445\u043e\u0434\u044f\u0442\u044c \u043a\u043e\u043d\u0441\u0443\u043b\u044c\u0442\u0430\u0446\u0456\u0457? Berin \u043f\u0440\u043e\u043f\u043e\u043d\u0443\u0454 \u044f\u043a \u043a\u043e\u043d\u0441\u0443\u043b\u044c\u0442\u0430\u0446\u0456\u0457 \u0434\u043b\u044f \u043d\u0430\u0434\u0430\u043d\u043d\u044f \u043f\u0456\u0434\u0442\u0440\u0438\u043c\u043a\u0438 \u0442\u0430 \u043f\u043e\u0440\u0430\u0434, \u0442\u0430\u043a \u0456 \u0442\u0435\u0440\u0430\u043f\u0456\u044e. \u041a\u043e\u043d\u0441\u0443\u043b\u044c\u0442\u0430\u0446\u0456\u0457 \u043f\u0440\u043e\u0432\u043e\u0434\u044f\u0442\u044c \u043f\u0441\u0438\u0445\u043e\u043b\u043e\u0433\u0438, \u044f\u043a\u0456 \u043f\u0440\u0430\u0446\u044e\u044e\u0442\u044c \u0443 Berin. \u041d\u0430 \u043f\u043e\u0447\u0430\u0442\u043a\u0443 \u043c\u0438 \u043f\u0440\u043e\u043f\u043e\u043d\u0443\u0454\u043c\u043e 10 \u043a\u043e\u043d\u0441\u0443\u043b\u044c\u0442\u0430\u0446\u0456\u0439, \u0456 \u043f\u043e\u0442\u0456\u043c \u043e\u0446\u0456\u043d\u044e\u0454\u043c\u043e, \u0447\u0438 \u043f\u043e\u0442\u0440\u0456\u0431\u043d\u043e \u0431\u0456\u043b\u044c\u0448\u0435. \u041d\u0430 \u043a\u043e\u0436\u043d\u0443 \u043a\u043e\u043d\u0441\u0443\u043b\u044c\u0442\u0430\u0446\u0456\u044e \u0432\u0456\u0434\u0432\u043e\u0434\u0438\u0442\u044c\u0441\u044f \u043e\u0434\u043d\u0430 \u0433\u043e\u0434\u0438\u043d\u0430. \u042f\u043a\u0449\u043e \u0432\u0430\u043c \u043d\u0435 \u0432\u0438\u043f\u043e\u0432\u043d\u0438\u043b\u043e\u0441\u044f 18 \u0440\u043e\u043a\u0456\u0432, \u043a\u043e\u043d\u0441\u0443\u043b\u044c\u0442\u0430\u0446\u0456\u0457 \u0437\u0430\u0437\u0432\u0438\u0447\u0430\u0439 \u0432\u0456\u0434\u0431\u0443\u0432\u0430\u044e\u0442\u044c\u0441\u044f \u0432 \u043f\u0440\u0438\u0441\u0443\u0442\u043d\u043e\u0441\u0442\u0456 \u043e\u0434\u043d\u043e\u0433\u043e \u0456\u0437 \u0432\u0430\u0448\u0438\u0445 \u043d\u0430\u0439\u0431\u043b\u0438\u0436\u0447\u0438\u0445 [&hellip;]<\/p>\n","protected":false},"author":2,"featured_media":0,"parent":5104,"menu_order":1,"comment_status":"closed","ping_status":"closed","template":"","meta":{"_acf_changed":false,"footnotes":"","_links_to":"","_links_to_target":""},"class_list":["post-5109","page","type-page","status-publish","hentry"],"acf":[],"yoast_head":"<!-- This site is optimized with the Yoast SEO plugin v27.3 - https:\/\/yoast.com\/product\/yoast-seo-wordpress\/ -->\n<title>Samr\u00f8\u00f0ur til t\u00edn, sum hevur mist foreldur ella systkin - Berin<\/title>\n<meta name=\"robots\" content=\"index, follow, max-snippet:-1, max-image-preview:large, max-video-preview:-1\" \/>\n<link rel=\"canonical\" href=\"https:\/\/www.berin.fo\/uk\/berin-kann-hjalpa-taer-sum-hevur\/mist-foreldur-ella-systkin\/samrodur-til-tin-sum-hevur-mist-foreldur-ella-systkin\/\" \/>\n<meta property=\"og:locale\" content=\"uk_UA\" \/>\n<meta property=\"og:type\" content=\"article\" \/>\n<meta property=\"og:title\" content=\"Samr\u00f8\u00f0ur til t\u00edn, sum hevur mist foreldur ella systkin - Berin\" \/>\n<meta property=\"og:description\" content=\"\u042f\u043a \u043f\u0440\u043e\u0445\u043e\u0434\u044f\u0442\u044c \u043a\u043e\u043d\u0441\u0443\u043b\u044c\u0442\u0430\u0446\u0456\u0457? Berin \u043f\u0440\u043e\u043f\u043e\u043d\u0443\u0454 \u044f\u043a \u043a\u043e\u043d\u0441\u0443\u043b\u044c\u0442\u0430\u0446\u0456\u0457 \u0434\u043b\u044f \u043d\u0430\u0434\u0430\u043d\u043d\u044f \u043f\u0456\u0434\u0442\u0440\u0438\u043c\u043a\u0438 \u0442\u0430 \u043f\u043e\u0440\u0430\u0434, \u0442\u0430\u043a \u0456 \u0442\u0435\u0440\u0430\u043f\u0456\u044e. \u041a\u043e\u043d\u0441\u0443\u043b\u044c\u0442\u0430\u0446\u0456\u0457 \u043f\u0440\u043e\u0432\u043e\u0434\u044f\u0442\u044c \u043f\u0441\u0438\u0445\u043e\u043b\u043e\u0433\u0438, \u044f\u043a\u0456 \u043f\u0440\u0430\u0446\u044e\u044e\u0442\u044c \u0443 Berin. \u041d\u0430 \u043f\u043e\u0447\u0430\u0442\u043a\u0443 \u043c\u0438 \u043f\u0440\u043e\u043f\u043e\u043d\u0443\u0454\u043c\u043e 10 \u043a\u043e\u043d\u0441\u0443\u043b\u044c\u0442\u0430\u0446\u0456\u0439, \u0456 \u043f\u043e\u0442\u0456\u043c \u043e\u0446\u0456\u043d\u044e\u0454\u043c\u043e, \u0447\u0438 \u043f\u043e\u0442\u0440\u0456\u0431\u043d\u043e \u0431\u0456\u043b\u044c\u0448\u0435. \u041d\u0430 \u043a\u043e\u0436\u043d\u0443 \u043a\u043e\u043d\u0441\u0443\u043b\u044c\u0442\u0430\u0446\u0456\u044e \u0432\u0456\u0434\u0432\u043e\u0434\u0438\u0442\u044c\u0441\u044f \u043e\u0434\u043d\u0430 \u0433\u043e\u0434\u0438\u043d\u0430. \u042f\u043a\u0449\u043e \u0432\u0430\u043c \u043d\u0435 \u0432\u0438\u043f\u043e\u0432\u043d\u0438\u043b\u043e\u0441\u044f 18 \u0440\u043e\u043a\u0456\u0432, \u043a\u043e\u043d\u0441\u0443\u043b\u044c\u0442\u0430\u0446\u0456\u0457 \u0437\u0430\u0437\u0432\u0438\u0447\u0430\u0439 \u0432\u0456\u0434\u0431\u0443\u0432\u0430\u044e\u0442\u044c\u0441\u044f \u0432 \u043f\u0440\u0438\u0441\u0443\u0442\u043d\u043e\u0441\u0442\u0456 \u043e\u0434\u043d\u043e\u0433\u043e \u0456\u0437 \u0432\u0430\u0448\u0438\u0445 \u043d\u0430\u0439\u0431\u043b\u0438\u0436\u0447\u0438\u0445 [&hellip;]\" \/>\n<meta property=\"og:url\" content=\"https:\/\/www.berin.fo\/uk\/berin-kann-hjalpa-taer-sum-hevur\/mist-foreldur-ella-systkin\/samrodur-til-tin-sum-hevur-mist-foreldur-ella-systkin\/\" \/>\n<meta property=\"og:site_name\" content=\"Berin\" \/>\n<meta property=\"article:modified_time\" content=\"2024-07-17T12:04:36+00:00\" \/>\n<meta property=\"og:image\" content=\"https:\/\/www.berin.fo\/wp-content\/uploads\/2023\/02\/Samrodur-1600x1066.jpg\" \/>\n<meta name=\"twitter:card\" content=\"summary_large_image\" \/>\n<meta name=\"twitter:label1\" content=\"\u041f\u0440\u0438\u0431\u043b. \u0447\u0430\u0441 \u0447\u0438\u0442\u0430\u043d\u043d\u044f\" \/>\n\t<meta name=\"twitter:data1\" content=\"2 \u0445\u0432\u0438\u043b\u0438\u043d\u0438\" \/>\n<script type=\"application\/ld+json\" class=\"yoast-schema-graph\">{\"@context\":\"https:\\\/\\\/schema.org\",\"@graph\":[{\"@type\":\"WebPage\",\"@id\":\"https:\\\/\\\/www.berin.fo\\\/uk\\\/berin-kann-hjalpa-taer-sum-hevur\\\/mist-foreldur-ella-systkin\\\/samrodur-til-tin-sum-hevur-mist-foreldur-ella-systkin\\\/\",\"url\":\"https:\\\/\\\/www.berin.fo\\\/uk\\\/berin-kann-hjalpa-taer-sum-hevur\\\/mist-foreldur-ella-systkin\\\/samrodur-til-tin-sum-hevur-mist-foreldur-ella-systkin\\\/\",\"name\":\"Samr\u00f8\u00f0ur til t\u00edn, sum hevur mist foreldur ella systkin - Berin\",\"isPartOf\":{\"@id\":\"https:\\\/\\\/www.berin.fo\\\/#website\"},\"primaryImageOfPage\":{\"@id\":\"https:\\\/\\\/www.berin.fo\\\/uk\\\/berin-kann-hjalpa-taer-sum-hevur\\\/mist-foreldur-ella-systkin\\\/samrodur-til-tin-sum-hevur-mist-foreldur-ella-systkin\\\/#primaryimage\"},\"image\":{\"@id\":\"https:\\\/\\\/www.berin.fo\\\/uk\\\/berin-kann-hjalpa-taer-sum-hevur\\\/mist-foreldur-ella-systkin\\\/samrodur-til-tin-sum-hevur-mist-foreldur-ella-systkin\\\/#primaryimage\"},\"thumbnailUrl\":\"https:\\\/\\\/www.berin.fo\\\/wp-content\\\/uploads\\\/2023\\\/02\\\/Samrodur-1600x1066.jpg\",\"datePublished\":\"2021-10-14T21:37:17+00:00\",\"dateModified\":\"2024-07-17T12:04:36+00:00\",\"breadcrumb\":{\"@id\":\"https:\\\/\\\/www.berin.fo\\\/uk\\\/berin-kann-hjalpa-taer-sum-hevur\\\/mist-foreldur-ella-systkin\\\/samrodur-til-tin-sum-hevur-mist-foreldur-ella-systkin\\\/#breadcrumb\"},\"inLanguage\":\"uk\",\"potentialAction\":[{\"@type\":\"ReadAction\",\"target\":[\"https:\\\/\\\/www.berin.fo\\\/uk\\\/berin-kann-hjalpa-taer-sum-hevur\\\/mist-foreldur-ella-systkin\\\/samrodur-til-tin-sum-hevur-mist-foreldur-ella-systkin\\\/\"]}]},{\"@type\":\"ImageObject\",\"inLanguage\":\"uk\",\"@id\":\"https:\\\/\\\/www.berin.fo\\\/uk\\\/berin-kann-hjalpa-taer-sum-hevur\\\/mist-foreldur-ella-systkin\\\/samrodur-til-tin-sum-hevur-mist-foreldur-ella-systkin\\\/#primaryimage\",\"url\":\"https:\\\/\\\/www.berin.fo\\\/wp-content\\\/uploads\\\/2023\\\/02\\\/Samrodur-1600x1066.jpg\",\"contentUrl\":\"https:\\\/\\\/www.berin.fo\\\/wp-content\\\/uploads\\\/2023\\\/02\\\/Samrodur-1600x1066.jpg\"},{\"@type\":\"BreadcrumbList\",\"@id\":\"https:\\\/\\\/www.berin.fo\\\/uk\\\/berin-kann-hjalpa-taer-sum-hevur\\\/mist-foreldur-ella-systkin\\\/samrodur-til-tin-sum-hevur-mist-foreldur-ella-systkin\\\/#breadcrumb\",\"itemListElement\":[{\"@type\":\"ListItem\",\"position\":1,\"name\":\"Home\",\"item\":\"https:\\\/\\\/www.berin.fo\\\/uk\\\/\"},{\"@type\":\"ListItem\",\"position\":2,\"name\":\"Berin kann hj\u00e1lpa t\u00e6r sum hevur\",\"item\":\"https:\\\/\\\/www.berin.fo\\\/uk\\\/berin-kann-hjalpa-taer-sum-hevur\\\/\"},{\"@type\":\"ListItem\",\"position\":3,\"name\":\"Mist foreldur ella systkin\",\"item\":\"https:\\\/\\\/www.berin.fo\\\/uk\\\/berin-kann-hjalpa-taer-sum-hevur\\\/mist-foreldur-ella-systkin\\\/\"},{\"@type\":\"ListItem\",\"position\":4,\"name\":\"Samr\u00f8\u00f0ur til t\u00edn, sum hevur mist foreldur ella systkin\"}]},{\"@type\":\"WebSite\",\"@id\":\"https:\\\/\\\/www.berin.fo\\\/#website\",\"url\":\"https:\\\/\\\/www.berin.fo\\\/\",\"name\":\"Berin\",\"description\":\"Berin\",\"potentialAction\":[{\"@type\":\"SearchAction\",\"target\":{\"@type\":\"EntryPoint\",\"urlTemplate\":\"https:\\\/\\\/www.berin.fo\\\/?s={search_term_string}\"},\"query-input\":{\"@type\":\"PropertyValueSpecification\",\"valueRequired\":true,\"valueName\":\"search_term_string\"}}],\"inLanguage\":\"uk\"}]}<\/script>\n<!-- \/ Yoast SEO plugin. -->","yoast_head_json":{"title":"Samr\u00f8\u00f0ur til t\u00edn, sum hevur mist foreldur ella systkin - Berin","robots":{"index":"index","follow":"follow","max-snippet":"max-snippet:-1","max-image-preview":"max-image-preview:large","max-video-preview":"max-video-preview:-1"},"canonical":"https:\/\/www.berin.fo\/uk\/berin-kann-hjalpa-taer-sum-hevur\/mist-foreldur-ella-systkin\/samrodur-til-tin-sum-hevur-mist-foreldur-ella-systkin\/","og_locale":"uk_UA","og_type":"article","og_title":"Samr\u00f8\u00f0ur til t\u00edn, sum hevur mist foreldur ella systkin - Berin","og_description":"\u042f\u043a \u043f\u0440\u043e\u0445\u043e\u0434\u044f\u0442\u044c \u043a\u043e\u043d\u0441\u0443\u043b\u044c\u0442\u0430\u0446\u0456\u0457? Berin \u043f\u0440\u043e\u043f\u043e\u043d\u0443\u0454 \u044f\u043a \u043a\u043e\u043d\u0441\u0443\u043b\u044c\u0442\u0430\u0446\u0456\u0457 \u0434\u043b\u044f \u043d\u0430\u0434\u0430\u043d\u043d\u044f \u043f\u0456\u0434\u0442\u0440\u0438\u043c\u043a\u0438 \u0442\u0430 \u043f\u043e\u0440\u0430\u0434, \u0442\u0430\u043a \u0456 \u0442\u0435\u0440\u0430\u043f\u0456\u044e. \u041a\u043e\u043d\u0441\u0443\u043b\u044c\u0442\u0430\u0446\u0456\u0457 \u043f\u0440\u043e\u0432\u043e\u0434\u044f\u0442\u044c \u043f\u0441\u0438\u0445\u043e\u043b\u043e\u0433\u0438, \u044f\u043a\u0456 \u043f\u0440\u0430\u0446\u044e\u044e\u0442\u044c \u0443 Berin. \u041d\u0430 \u043f\u043e\u0447\u0430\u0442\u043a\u0443 \u043c\u0438 \u043f\u0440\u043e\u043f\u043e\u043d\u0443\u0454\u043c\u043e 10 \u043a\u043e\u043d\u0441\u0443\u043b\u044c\u0442\u0430\u0446\u0456\u0439, \u0456 \u043f\u043e\u0442\u0456\u043c \u043e\u0446\u0456\u043d\u044e\u0454\u043c\u043e, \u0447\u0438 \u043f\u043e\u0442\u0440\u0456\u0431\u043d\u043e \u0431\u0456\u043b\u044c\u0448\u0435. \u041d\u0430 \u043a\u043e\u0436\u043d\u0443 \u043a\u043e\u043d\u0441\u0443\u043b\u044c\u0442\u0430\u0446\u0456\u044e \u0432\u0456\u0434\u0432\u043e\u0434\u0438\u0442\u044c\u0441\u044f \u043e\u0434\u043d\u0430 \u0433\u043e\u0434\u0438\u043d\u0430. \u042f\u043a\u0449\u043e \u0432\u0430\u043c \u043d\u0435 \u0432\u0438\u043f\u043e\u0432\u043d\u0438\u043b\u043e\u0441\u044f 18 \u0440\u043e\u043a\u0456\u0432, \u043a\u043e\u043d\u0441\u0443\u043b\u044c\u0442\u0430\u0446\u0456\u0457 \u0437\u0430\u0437\u0432\u0438\u0447\u0430\u0439 \u0432\u0456\u0434\u0431\u0443\u0432\u0430\u044e\u0442\u044c\u0441\u044f \u0432 \u043f\u0440\u0438\u0441\u0443\u0442\u043d\u043e\u0441\u0442\u0456 \u043e\u0434\u043d\u043e\u0433\u043e \u0456\u0437 \u0432\u0430\u0448\u0438\u0445 \u043d\u0430\u0439\u0431\u043b\u0438\u0436\u0447\u0438\u0445 [&hellip;]","og_url":"https:\/\/www.berin.fo\/uk\/berin-kann-hjalpa-taer-sum-hevur\/mist-foreldur-ella-systkin\/samrodur-til-tin-sum-hevur-mist-foreldur-ella-systkin\/","og_site_name":"Berin","article_modified_time":"2024-07-17T12:04:36+00:00","og_image":[{"url":"https:\/\/www.berin.fo\/wp-content\/uploads\/2023\/02\/Samrodur-1600x1066.jpg","type":"","width":"","height":""}],"twitter_card":"summary_large_image","twitter_misc":{"\u041f\u0440\u0438\u0431\u043b. \u0447\u0430\u0441 \u0447\u0438\u0442\u0430\u043d\u043d\u044f":"2 \u0445\u0432\u0438\u043b\u0438\u043d\u0438"},"schema":{"@context":"https:\/\/schema.org","@graph":[{"@type":"WebPage","@id":"https:\/\/www.berin.fo\/uk\/berin-kann-hjalpa-taer-sum-hevur\/mist-foreldur-ella-systkin\/samrodur-til-tin-sum-hevur-mist-foreldur-ella-systkin\/","url":"https:\/\/www.berin.fo\/uk\/berin-kann-hjalpa-taer-sum-hevur\/mist-foreldur-ella-systkin\/samrodur-til-tin-sum-hevur-mist-foreldur-ella-systkin\/","name":"Samr\u00f8\u00f0ur til t\u00edn, sum hevur mist foreldur ella systkin - Berin","isPartOf":{"@id":"https:\/\/www.berin.fo\/#website"},"primaryImageOfPage":{"@id":"https:\/\/www.berin.fo\/uk\/berin-kann-hjalpa-taer-sum-hevur\/mist-foreldur-ella-systkin\/samrodur-til-tin-sum-hevur-mist-foreldur-ella-systkin\/#primaryimage"},"image":{"@id":"https:\/\/www.berin.fo\/uk\/berin-kann-hjalpa-taer-sum-hevur\/mist-foreldur-ella-systkin\/samrodur-til-tin-sum-hevur-mist-foreldur-ella-systkin\/#primaryimage"},"thumbnailUrl":"https:\/\/www.berin.fo\/wp-content\/uploads\/2023\/02\/Samrodur-1600x1066.jpg","datePublished":"2021-10-14T21:37:17+00:00","dateModified":"2024-07-17T12:04:36+00:00","breadcrumb":{"@id":"https:\/\/www.berin.fo\/uk\/berin-kann-hjalpa-taer-sum-hevur\/mist-foreldur-ella-systkin\/samrodur-til-tin-sum-hevur-mist-foreldur-ella-systkin\/#breadcrumb"},"inLanguage":"uk","potentialAction":[{"@type":"ReadAction","target":["https:\/\/www.berin.fo\/uk\/berin-kann-hjalpa-taer-sum-hevur\/mist-foreldur-ella-systkin\/samrodur-til-tin-sum-hevur-mist-foreldur-ella-systkin\/"]}]},{"@type":"ImageObject","inLanguage":"uk","@id":"https:\/\/www.berin.fo\/uk\/berin-kann-hjalpa-taer-sum-hevur\/mist-foreldur-ella-systkin\/samrodur-til-tin-sum-hevur-mist-foreldur-ella-systkin\/#primaryimage","url":"https:\/\/www.berin.fo\/wp-content\/uploads\/2023\/02\/Samrodur-1600x1066.jpg","contentUrl":"https:\/\/www.berin.fo\/wp-content\/uploads\/2023\/02\/Samrodur-1600x1066.jpg"},{"@type":"BreadcrumbList","@id":"https:\/\/www.berin.fo\/uk\/berin-kann-hjalpa-taer-sum-hevur\/mist-foreldur-ella-systkin\/samrodur-til-tin-sum-hevur-mist-foreldur-ella-systkin\/#breadcrumb","itemListElement":[{"@type":"ListItem","position":1,"name":"Home","item":"https:\/\/www.berin.fo\/uk\/"},{"@type":"ListItem","position":2,"name":"Berin kann hj\u00e1lpa t\u00e6r sum hevur","item":"https:\/\/www.berin.fo\/uk\/berin-kann-hjalpa-taer-sum-hevur\/"},{"@type":"ListItem","position":3,"name":"Mist foreldur ella systkin","item":"https:\/\/www.berin.fo\/uk\/berin-kann-hjalpa-taer-sum-hevur\/mist-foreldur-ella-systkin\/"},{"@type":"ListItem","position":4,"name":"Samr\u00f8\u00f0ur til t\u00edn, sum hevur mist foreldur ella systkin"}]},{"@type":"WebSite","@id":"https:\/\/www.berin.fo\/#website","url":"https:\/\/www.berin.fo\/","name":"Berin","description":"Berin","potentialAction":[{"@type":"SearchAction","target":{"@type":"EntryPoint","urlTemplate":"https:\/\/www.berin.fo\/?s={search_term_string}"},"query-input":{"@type":"PropertyValueSpecification","valueRequired":true,"valueName":"search_term_string"}}],"inLanguage":"uk"}]}},"_links":{"self":[{"href":"https:\/\/www.berin.fo\/uk\/wp-json\/wp\/v2\/pages\/5109","targetHints":{"allow":["GET"]}}],"collection":[{"href":"https:\/\/www.berin.fo\/uk\/wp-json\/wp\/v2\/pages"}],"about":[{"href":"https:\/\/www.berin.fo\/uk\/wp-json\/wp\/v2\/types\/page"}],"author":[{"embeddable":true,"href":"https:\/\/www.berin.fo\/uk\/wp-json\/wp\/v2\/users\/2"}],"replies":[{"embeddable":true,"href":"https:\/\/www.berin.fo\/uk\/wp-json\/wp\/v2\/comments?post=5109"}],"version-history":[{"count":1,"href":"https:\/\/www.berin.fo\/uk\/wp-json\/wp\/v2\/pages\/5109\/revisions"}],"predecessor-version":[{"id":5110,"href":"https:\/\/www.berin.fo\/uk\/wp-json\/wp\/v2\/pages\/5109\/revisions\/5110"}],"up":[{"embeddable":true,"href":"https:\/\/www.berin.fo\/uk\/wp-json\/wp\/v2\/pages\/5104"}],"wp:attachment":[{"href":"https:\/\/www.berin.fo\/uk\/wp-json\/wp\/v2\/media?parent=5109"}],"curies":[{"name":"wp","href":"https:\/\/api.w.org\/{rel}","templated":true}]}}