{"id":5101,"date":"2021-10-14T21:37:17","date_gmt":"2021-10-14T21:37:17","guid":{"rendered":"https:\/\/www.berin.fo\/?page_id=5101"},"modified":"2024-07-17T11:03:13","modified_gmt":"2024-07-17T11:03:13","slug":"berin-kann-hjalpa-taer-sum-hevur","status":"publish","type":"page","link":"https:\/\/www.berin.fo\/uk\/berin-kann-hjalpa-taer-sum-hevur\/","title":{"rendered":"Berin kann hj\u00e1lpa t\u00e6r sum hevur"},"content":{"rendered":"\n<h1 class=\"wp-block-heading alignwide has-text-align-center has-green-color has-text-color\"><mark style=\"background-color:rgba(0, 0, 0, 0)\" class=\"has-inline-color has-black-color\">Berin kann hj\u00e1lpa t\u00e6r, sum hevur&#8230; <\/mark><\/h1>\n\n\n\n<div style=\"height:60px\" aria-hidden=\"true\" class=\"wp-block-spacer\"><\/div>\n\n\n\n<div class=\"wp-block-columns alignwide are-vertically-aligned-top is-layout-flex wp-container-core-columns-is-layout-9d6595d7 wp-block-columns-is-layout-flex\">\n<div class=\"wp-block-column is-vertically-aligned-top is-layout-flow wp-block-column-is-layout-flow\">\n<div>\n            <a\n            href=\"til-born-og-ung-sum-hava-mist-foreldur-ella-systkin\"\n        >\n            \n\n<div class=\"wp-block-cover is-light\" style=\"min-height:400px;aspect-ratio:unset;\"><span aria-hidden=\"true\" class=\"wp-block-cover__background has-black-background-color has-background-dim-30 has-background-dim\"><\/span><img loading=\"lazy\" decoding=\"async\" width=\"2048\" height=\"1365\" class=\"wp-block-cover__image-background wp-image-1057\" alt=\"\" src=\"https:\/\/www.berin.fo\/wp-content\/uploads\/2022\/08\/DSC_6204-1.jpg\" data-object-fit=\"cover\" srcset=\"https:\/\/www.berin.fo\/wp-content\/uploads\/2022\/08\/DSC_6204-1.jpg 2048w, https:\/\/www.berin.fo\/wp-content\/uploads\/2022\/08\/DSC_6204-1-800x533.jpg 800w, https:\/\/www.berin.fo\/wp-content\/uploads\/2022\/08\/DSC_6204-1-1600x1066.jpg 1600w, https:\/\/www.berin.fo\/wp-content\/uploads\/2022\/08\/DSC_6204-1-768x512.jpg 768w, https:\/\/www.berin.fo\/wp-content\/uploads\/2022\/08\/DSC_6204-1-200x133.jpg 200w, https:\/\/www.berin.fo\/wp-content\/uploads\/2022\/08\/DSC_6204-1-1536x1024.jpg 1536w, https:\/\/www.berin.fo\/wp-content\/uploads\/2022\/08\/DSC_6204-1-600x400.jpg 600w\" sizes=\"auto, (max-width: 2048px) 100vw, 2048px\" \/><div class=\"wp-block-cover__inner-container is-layout-flow wp-block-cover-is-layout-flow\">\n<p class=\"has-text-align-center has-white-color has-text-color has-large-font-size\">Mist foreldur ella systkin<br><\/p>\n<\/div><\/div>\n\n\n        <\/a>\n    <\/div><\/div>\n\n\n\n<div class=\"wp-block-column is-vertically-aligned-top is-layout-flow wp-block-column-is-layout-flow\">\n<div>\n            <a\n            href=\"\/berin-bjodar\/alvarsliga-sjukt-foreldur-ella-systkin\/\"\n        >\n            \n\n<div class=\"wp-block-cover is-light\" style=\"min-height:400px;aspect-ratio:unset;\"><span aria-hidden=\"true\" class=\"wp-block-cover__background has-black-background-color has-background-dim-30 has-background-dim\"><\/span><img loading=\"lazy\" decoding=\"async\" width=\"2048\" height=\"1365\" class=\"wp-block-cover__image-background wp-image-1058\" alt=\"\" src=\"https:\/\/www.berin.fo\/wp-content\/uploads\/2022\/08\/DSC_1359-1.jpg\" data-object-fit=\"cover\" srcset=\"https:\/\/www.berin.fo\/wp-content\/uploads\/2022\/08\/DSC_1359-1.jpg 2048w, https:\/\/www.berin.fo\/wp-content\/uploads\/2022\/08\/DSC_1359-1-800x533.jpg 800w, https:\/\/www.berin.fo\/wp-content\/uploads\/2022\/08\/DSC_1359-1-1600x1066.jpg 1600w, https:\/\/www.berin.fo\/wp-content\/uploads\/2022\/08\/DSC_1359-1-768x512.jpg 768w, https:\/\/www.berin.fo\/wp-content\/uploads\/2022\/08\/DSC_1359-1-200x133.jpg 200w, https:\/\/www.berin.fo\/wp-content\/uploads\/2022\/08\/DSC_1359-1-1536x1024.jpg 1536w, https:\/\/www.berin.fo\/wp-content\/uploads\/2022\/08\/DSC_1359-1-600x400.jpg 600w\" sizes=\"auto, (max-width: 2048px) 100vw, 2048px\" \/><div class=\"wp-block-cover__inner-container is-layout-flow wp-block-cover-is-layout-flow\">\n<p class=\"has-text-align-center has-white-color has-text-color has-large-font-size\">\u00c1lvarsliga sj\u00fakt foreldur ella systkin<\/p>\n<\/div><\/div>\n\n\n        <\/a>\n    <\/div><\/div>\n\n\n\n<div class=\"wp-block-column is-vertically-aligned-top is-layout-flow wp-block-column-is-layout-flow\">\n<div>\n            <a\n            href=\"\/berin-bjodar\/mist-barn-pinkubarn\/\"\n        >\n            \n\n<div class=\"wp-block-cover is-light\" style=\"min-height:400px;aspect-ratio:unset;\"><span aria-hidden=\"true\" class=\"wp-block-cover__background has-black-background-color has-background-dim-30 has-background-dim\"><\/span><img loading=\"lazy\" decoding=\"async\" width=\"2048\" height=\"1365\" class=\"wp-block-cover__image-background wp-image-1059\" alt=\"\" src=\"https:\/\/www.berin.fo\/wp-content\/uploads\/2022\/08\/DSC_1328.jpg\" data-object-fit=\"cover\" srcset=\"https:\/\/www.berin.fo\/wp-content\/uploads\/2022\/08\/DSC_1328.jpg 2048w, https:\/\/www.berin.fo\/wp-content\/uploads\/2022\/08\/DSC_1328-800x533.jpg 800w, https:\/\/www.berin.fo\/wp-content\/uploads\/2022\/08\/DSC_1328-1600x1066.jpg 1600w, https:\/\/www.berin.fo\/wp-content\/uploads\/2022\/08\/DSC_1328-768x512.jpg 768w, https:\/\/www.berin.fo\/wp-content\/uploads\/2022\/08\/DSC_1328-200x133.jpg 200w, https:\/\/www.berin.fo\/wp-content\/uploads\/2022\/08\/DSC_1328-1536x1024.jpg 1536w, https:\/\/www.berin.fo\/wp-content\/uploads\/2022\/08\/DSC_1328-600x400.jpg 600w\" sizes=\"auto, (max-width: 2048px) 100vw, 2048px\" \/><div class=\"wp-block-cover__inner-container is-layout-flow wp-block-cover-is-layout-flow\">\n<p class=\"has-text-align-center has-white-color has-text-color has-large-font-size\">Mist barn\/pinkubarn<\/p>\n<\/div><\/div>\n\n\n        <\/a>\n    <\/div><\/div>\n<\/div>\n","protected":false},"excerpt":{"rendered":"<p>Berin kann hj\u00e1lpa t\u00e6r, sum hevur&#8230;<\/p>\n","protected":false},"author":2,"featured_media":5103,"parent":0,"menu_order":6,"comment_status":"closed","ping_status":"closed","template":"","meta":{"_acf_changed":false,"footnotes":"","_links_to":"","_links_to_target":""},"class_list":["post-5101","page","type-page","status-publish","has-post-thumbnail","hentry"],"acf":[],"yoast_head":"<!-- This site is optimized with the Yoast SEO plugin v27.3 - https:\/\/yoast.com\/product\/yoast-seo-wordpress\/ -->\n<title>Berin kann hj\u00e1lpa t\u00e6r sum hevur - Berin<\/title>\n<meta name=\"robots\" content=\"index, follow, max-snippet:-1, max-image-preview:large, max-video-preview:-1\" \/>\n<link rel=\"canonical\" href=\"https:\/\/www.berin.fo\/uk\/berin-kann-hjalpa-taer-sum-hevur\/\" \/>\n<meta property=\"og:locale\" content=\"uk_UA\" \/>\n<meta property=\"og:type\" content=\"article\" \/>\n<meta property=\"og:title\" content=\"Berin kann hj\u00e1lpa t\u00e6r sum hevur - Berin\" \/>\n<meta property=\"og:description\" content=\"Berin kann hj\u00e1lpa t\u00e6r, sum hevur&#8230;\" \/>\n<meta property=\"og:url\" content=\"https:\/\/www.berin.fo\/uk\/berin-kann-hjalpa-taer-sum-hevur\/\" \/>\n<meta property=\"og:site_name\" content=\"Berin\" \/>\n<meta property=\"article:modified_time\" content=\"2024-07-17T11:03:13+00:00\" \/>\n<meta property=\"og:image\" content=\"https:\/\/www.berin.fo\/wp-content\/uploads\/2021\/09\/michelle-spencer-yM2HJiq7P6c-unsplash-scaled.jpg\" \/>\n\t<meta property=\"og:image:width\" content=\"2560\" \/>\n\t<meta property=\"og:image:height\" content=\"1707\" \/>\n\t<meta property=\"og:image:type\" content=\"image\/jpeg\" \/>\n<meta name=\"twitter:card\" content=\"summary_large_image\" \/>\n<meta name=\"twitter:label1\" content=\"\u041f\u0440\u0438\u0431\u043b. \u0447\u0430\u0441 \u0447\u0438\u0442\u0430\u043d\u043d\u044f\" \/>\n\t<meta name=\"twitter:data1\" content=\"1 \u0445\u0432\u0438\u043b\u0438\u043d\u0430\" \/>\n<script type=\"application\/ld+json\" class=\"yoast-schema-graph\">{\"@context\":\"https:\\\/\\\/schema.org\",\"@graph\":[{\"@type\":\"WebPage\",\"@id\":\"https:\\\/\\\/www.berin.fo\\\/uk\\\/berin-kann-hjalpa-taer-sum-hevur\\\/\",\"url\":\"https:\\\/\\\/www.berin.fo\\\/uk\\\/berin-kann-hjalpa-taer-sum-hevur\\\/\",\"name\":\"Berin kann hj\u00e1lpa t\u00e6r sum hevur - Berin\",\"isPartOf\":{\"@id\":\"https:\\\/\\\/www.berin.fo\\\/#website\"},\"primaryImageOfPage\":{\"@id\":\"https:\\\/\\\/www.berin.fo\\\/uk\\\/berin-kann-hjalpa-taer-sum-hevur\\\/#primaryimage\"},\"image\":{\"@id\":\"https:\\\/\\\/www.berin.fo\\\/uk\\\/berin-kann-hjalpa-taer-sum-hevur\\\/#primaryimage\"},\"thumbnailUrl\":\"https:\\\/\\\/www.berin.fo\\\/wp-content\\\/uploads\\\/2021\\\/09\\\/michelle-spencer-yM2HJiq7P6c-unsplash-scaled.jpg\",\"datePublished\":\"2021-10-14T21:37:17+00:00\",\"dateModified\":\"2024-07-17T11:03:13+00:00\",\"breadcrumb\":{\"@id\":\"https:\\\/\\\/www.berin.fo\\\/uk\\\/berin-kann-hjalpa-taer-sum-hevur\\\/#breadcrumb\"},\"inLanguage\":\"uk\",\"potentialAction\":[{\"@type\":\"ReadAction\",\"target\":[\"https:\\\/\\\/www.berin.fo\\\/uk\\\/berin-kann-hjalpa-taer-sum-hevur\\\/\"]}]},{\"@type\":\"ImageObject\",\"inLanguage\":\"uk\",\"@id\":\"https:\\\/\\\/www.berin.fo\\\/uk\\\/berin-kann-hjalpa-taer-sum-hevur\\\/#primaryimage\",\"url\":\"https:\\\/\\\/www.berin.fo\\\/wp-content\\\/uploads\\\/2021\\\/09\\\/michelle-spencer-yM2HJiq7P6c-unsplash-scaled.jpg\",\"contentUrl\":\"https:\\\/\\\/www.berin.fo\\\/wp-content\\\/uploads\\\/2021\\\/09\\\/michelle-spencer-yM2HJiq7P6c-unsplash-scaled.jpg\",\"width\":2560,\"height\":1707},{\"@type\":\"BreadcrumbList\",\"@id\":\"https:\\\/\\\/www.berin.fo\\\/uk\\\/berin-kann-hjalpa-taer-sum-hevur\\\/#breadcrumb\",\"itemListElement\":[{\"@type\":\"ListItem\",\"position\":1,\"name\":\"Home\",\"item\":\"https:\\\/\\\/www.berin.fo\\\/uk\\\/\"},{\"@type\":\"ListItem\",\"position\":2,\"name\":\"Berin kann hj\u00e1lpa t\u00e6r sum hevur\"}]},{\"@type\":\"WebSite\",\"@id\":\"https:\\\/\\\/www.berin.fo\\\/#website\",\"url\":\"https:\\\/\\\/www.berin.fo\\\/\",\"name\":\"Berin\",\"description\":\"Berin\",\"potentialAction\":[{\"@type\":\"SearchAction\",\"target\":{\"@type\":\"EntryPoint\",\"urlTemplate\":\"https:\\\/\\\/www.berin.fo\\\/?s={search_term_string}\"},\"query-input\":{\"@type\":\"PropertyValueSpecification\",\"valueRequired\":true,\"valueName\":\"search_term_string\"}}],\"inLanguage\":\"uk\"}]}<\/script>\n<!-- \/ Yoast SEO plugin. -->","yoast_head_json":{"title":"Berin kann hj\u00e1lpa t\u00e6r sum hevur - Berin","robots":{"index":"index","follow":"follow","max-snippet":"max-snippet:-1","max-image-preview":"max-image-preview:large","max-video-preview":"max-video-preview:-1"},"canonical":"https:\/\/www.berin.fo\/uk\/berin-kann-hjalpa-taer-sum-hevur\/","og_locale":"uk_UA","og_type":"article","og_title":"Berin kann hj\u00e1lpa t\u00e6r sum hevur - Berin","og_description":"Berin kann hj\u00e1lpa t\u00e6r, sum hevur&#8230;","og_url":"https:\/\/www.berin.fo\/uk\/berin-kann-hjalpa-taer-sum-hevur\/","og_site_name":"Berin","article_modified_time":"2024-07-17T11:03:13+00:00","og_image":[{"width":2560,"height":1707,"url":"https:\/\/www.berin.fo\/wp-content\/uploads\/2021\/09\/michelle-spencer-yM2HJiq7P6c-unsplash-scaled.jpg","type":"image\/jpeg"}],"twitter_card":"summary_large_image","twitter_misc":{"\u041f\u0440\u0438\u0431\u043b. \u0447\u0430\u0441 \u0447\u0438\u0442\u0430\u043d\u043d\u044f":"1 \u0445\u0432\u0438\u043b\u0438\u043d\u0430"},"schema":{"@context":"https:\/\/schema.org","@graph":[{"@type":"WebPage","@id":"https:\/\/www.berin.fo\/uk\/berin-kann-hjalpa-taer-sum-hevur\/","url":"https:\/\/www.berin.fo\/uk\/berin-kann-hjalpa-taer-sum-hevur\/","name":"Berin kann hj\u00e1lpa t\u00e6r sum hevur - Berin","isPartOf":{"@id":"https:\/\/www.berin.fo\/#website"},"primaryImageOfPage":{"@id":"https:\/\/www.berin.fo\/uk\/berin-kann-hjalpa-taer-sum-hevur\/#primaryimage"},"image":{"@id":"https:\/\/www.berin.fo\/uk\/berin-kann-hjalpa-taer-sum-hevur\/#primaryimage"},"thumbnailUrl":"https:\/\/www.berin.fo\/wp-content\/uploads\/2021\/09\/michelle-spencer-yM2HJiq7P6c-unsplash-scaled.jpg","datePublished":"2021-10-14T21:37:17+00:00","dateModified":"2024-07-17T11:03:13+00:00","breadcrumb":{"@id":"https:\/\/www.berin.fo\/uk\/berin-kann-hjalpa-taer-sum-hevur\/#breadcrumb"},"inLanguage":"uk","potentialAction":[{"@type":"ReadAction","target":["https:\/\/www.berin.fo\/uk\/berin-kann-hjalpa-taer-sum-hevur\/"]}]},{"@type":"ImageObject","inLanguage":"uk","@id":"https:\/\/www.berin.fo\/uk\/berin-kann-hjalpa-taer-sum-hevur\/#primaryimage","url":"https:\/\/www.berin.fo\/wp-content\/uploads\/2021\/09\/michelle-spencer-yM2HJiq7P6c-unsplash-scaled.jpg","contentUrl":"https:\/\/www.berin.fo\/wp-content\/uploads\/2021\/09\/michelle-spencer-yM2HJiq7P6c-unsplash-scaled.jpg","width":2560,"height":1707},{"@type":"BreadcrumbList","@id":"https:\/\/www.berin.fo\/uk\/berin-kann-hjalpa-taer-sum-hevur\/#breadcrumb","itemListElement":[{"@type":"ListItem","position":1,"name":"Home","item":"https:\/\/www.berin.fo\/uk\/"},{"@type":"ListItem","position":2,"name":"Berin kann hj\u00e1lpa t\u00e6r sum hevur"}]},{"@type":"WebSite","@id":"https:\/\/www.berin.fo\/#website","url":"https:\/\/www.berin.fo\/","name":"Berin","description":"Berin","potentialAction":[{"@type":"SearchAction","target":{"@type":"EntryPoint","urlTemplate":"https:\/\/www.berin.fo\/?s={search_term_string}"},"query-input":{"@type":"PropertyValueSpecification","valueRequired":true,"valueName":"search_term_string"}}],"inLanguage":"uk"}]}},"_links":{"self":[{"href":"https:\/\/www.berin.fo\/uk\/wp-json\/wp\/v2\/pages\/5101","targetHints":{"allow":["GET"]}}],"collection":[{"href":"https:\/\/www.berin.fo\/uk\/wp-json\/wp\/v2\/pages"}],"about":[{"href":"https:\/\/www.berin.fo\/uk\/wp-json\/wp\/v2\/types\/page"}],"author":[{"embeddable":true,"href":"https:\/\/www.berin.fo\/uk\/wp-json\/wp\/v2\/users\/2"}],"replies":[{"embeddable":true,"href":"https:\/\/www.berin.fo\/uk\/wp-json\/wp\/v2\/comments?post=5101"}],"version-history":[{"count":1,"href":"https:\/\/www.berin.fo\/uk\/wp-json\/wp\/v2\/pages\/5101\/revisions"}],"predecessor-version":[{"id":5102,"href":"https:\/\/www.berin.fo\/uk\/wp-json\/wp\/v2\/pages\/5101\/revisions\/5102"}],"wp:featuredmedia":[{"embeddable":true,"href":"https:\/\/www.berin.fo\/uk\/wp-json\/wp\/v2\/media\/5103"}],"wp:attachment":[{"href":"https:\/\/www.berin.fo\/uk\/wp-json\/wp\/v2\/media?parent=5101"}],"curies":[{"name":"wp","href":"https:\/\/api.w.org\/{rel}","templated":true}]}}