{"id":5095,"date":"2021-10-14T21:37:17","date_gmt":"2021-10-14T21:37:17","guid":{"rendered":"https:\/\/www.berin.fo\/?page_id=5095"},"modified":"2024-07-19T09:06:38","modified_gmt":"2024-07-19T09:06:38","slug":"starvsfolk","status":"publish","type":"page","link":"https:\/\/www.berin.fo\/uk\/um-beran\/starvsfolk\/","title":{"rendered":"Starvsf\u00f3lk"},"content":{"rendered":"\n<h1 class=\"wp-block-heading has-green-color has-text-color\">\u041d\u0430\u0448\u0430 \u043a\u043e\u043c\u0430\u043d\u0434\u0430<\/h1>\n\n\n\n<p>\u0423 Berin \u043c\u0438 \u043f\u0440\u0430\u0446\u044e\u0454\u043c\u043e \u0443 \u043a\u043e\u043c\u0430\u043d\u0434\u0456, \u0449\u043e \u0441\u043a\u043b\u0430\u0434\u0430\u0454\u0442\u044c\u0441\u044f \u0437 \u043f\u0441\u0438\u0445\u043e\u043b\u043e\u0433\u0456\u0432, \u043c\u0435\u0434\u0438\u0447\u043d\u0438\u0445 \u043f\u0440\u0430\u0446\u0456\u0432\u043d\u0438\u043a\u0456\u0432, \u0432\u0438\u043a\u043b\u0430\u0434\u0430\u0447\u0456\u0432 \u0442\u0430 \u0432\u043e\u043b\u043e\u043d\u0442\u0435\u0440\u0456\u0432.<\/p>\n\n\n\n<div style=\"height:40px\" aria-hidden=\"true\" class=\"wp-block-spacer\"><\/div>\n\n\n\n<h2 class=\"wp-block-heading has-green-color has-text-color\">\u041f\u043e\u0441\u0442\u0456\u0439\u043d\u0438\u0439 \u0448\u0442\u0430\u0442<\/h2>\n\n\n\n\n\n<div id=\"people-block_d054274e98fdce14843ca05b67a5f52e\" class=\"lunnar-people\">\n\t \n    <div class=\"people-cards\">\n        \n<div class=\"people-card people-id-5326\">\n    <div class=\"people-card--content-image\">\n                    <img\n                src='https:\/\/www.berin.fo\/wp-content\/uploads\/2021\/09\/DSC_5532-533x800.jpg'\n                style='object-position: 50% 50%; object-fit: cover;'\n            \/>\n            <\/div>\n\t\n\t<div class=\"people-card--content-text\">\n        <h4>Oddv\u00f8r Poulsen<\/h4>\n        <p>\u041a\u0435\u0440\u0456\u0432\u043d\u0438\u043a<\/p>\n\t<\/div>\n<\/div>\n\n<div class=\"people-card people-id-5324\">\n    <div class=\"people-card--content-image\">\n                    <img\n                src='https:\/\/www.berin.fo\/wp-content\/uploads\/2021\/09\/DSC_5567-533x800.jpg'\n                style='object-position: 50% 50%; object-fit: cover;'\n            \/>\n            <\/div>\n\t\n\t<div class=\"people-card--content-text\">\n        <h4>Frida Poulsen<\/h4>\n        <p>\u041f\u0441\u0438\u0445\u043e\u043b\u043e\u0433<\/p>\n\t<\/div>\n<\/div>\n\n<div class=\"people-card people-id-5304\">\n    <div class=\"people-card--content-image\">\n                    <img\n                src='https:\/\/www.berin.fo\/wp-content\/uploads\/2021\/09\/DSC_5557-533x800.jpg'\n                style='object-position: 50% 50%; object-fit: cover;'\n            \/>\n            <\/div>\n\t\n\t<div class=\"people-card--content-text\">\n        <h4>V\u00e1r Vang H\u00f8jsted<\/h4>\n        <p>\u041f\u0441\u0438\u0445\u043e\u043b\u043e\u0433<\/p>\n\t<\/div>\n<\/div>\n    <\/div>\n<\/div>\n\n\n\n<h2 class=\"wp-block-heading has-green-color has-text-color\">\u0412\u0435\u0434\u0443\u0447\u0456 \u0433\u0440\u0443\u043f<\/h2>\n\n\n\n<p class=\"has-text-align-left\">\u041a\u043e\u043b\u0438 \u0432\u0438 \u043f\u0435\u0440\u0435\u0436\u0438\u0432\u0430\u0454\u0442\u0435 \u0433\u043e\u0440\u0435, \u043c\u043e\u0436\u0435 \u0431\u0443\u0442\u0438 \u043a\u043e\u0440\u0438\u0441\u043d\u0438\u043c \u0437\u0443\u0441\u0442\u0440\u0456\u0442\u0438\u0441\u044f \u0437 \u0456\u043d\u0448\u0438\u043c\u0438 \u043b\u044e\u0434\u044c\u043c\u0438, \u044f\u043a\u0456 \u043f\u0435\u0440\u0435\u0431\u0443\u0432\u0430\u044e\u0442\u044c \u0443 \u0441\u0445\u043e\u0436\u0456\u0439 \u0441\u0438\u0442\u0443\u0430\u0446\u0456\u0457. \u0422\u043e\u043c\u0443 \u043c\u0438 \u0445\u043e\u0442\u0456\u043b\u0438 \u0431\u0438 \u0437\u0430\u043f\u0440\u043e\u0441\u0438\u0442\u0438 \u0432\u0430\u0441 \u0432\u0437\u044f\u0442\u0438 \u0443\u0447\u0430\u0441\u0442\u044c \u0443 \u0442\u0430\u043a \u0437\u0432\u0430\u043d\u0456\u0439 \u0433\u0440\u0443\u043f\u0456 \u0433\u043e\u0440\u044e\u0432\u0430\u043d\u043d\u044f. \u0422\u0443\u0442 \u0432\u0438 \u043c\u043e\u0436\u0435\u0442\u0435 \u043f\u043e\u0431\u0430\u0447\u0438\u0442\u0438 \u0432\u0435\u0434\u0443\u0447\u0438\u0445 \u0433\u0440\u0443\u043f, \u044f\u043a\u0456 \u0440\u0430\u0437\u043e\u043c \u0437 \u043f\u043e\u0441\u0442\u0456\u0439\u043d\u0438\u043c\u0438 \u0441\u043f\u0456\u0432\u0440\u043e\u0431\u0456\u0442\u043d\u0438\u043a\u0430\u043c\u0438 Berin \u0449\u043e\u0442\u0438\u0436\u043d\u044f \u043f\u0440\u043e\u0432\u043e\u0434\u044f\u0442\u044c \u0442\u0430\u043a\u0456 \u0433\u0440\u0443\u043f\u0438 \u0433\u043e\u0440\u044e\u0432\u0430\u043d\u043d\u044f \u0434\u043b\u044f \u0434\u0456\u0442\u0435\u0439, \u043c\u043e\u043b\u043e\u0434\u0456 \u0442\u0430 \u0431\u0430\u0442\u044c\u043a\u0456\u0432.<\/p>\n\n\n\n\n\n<div id=\"people-block_138b31d32fa2b57191acf685d592cf45\" class=\"lunnar-people\">\n\t \n    <div class=\"people-cards single\">\n        \n<div class=\"people-card people-id-5323\">\n    <div class=\"people-card--content-image\">\n                    <img\n                src='https:\/\/www.berin.fo\/wp-content\/uploads\/2021\/09\/DSC_5509-533x800.jpg'\n                style='object-position: 50% 50%; object-fit: cover;'\n            \/>\n            <\/div>\n\t\n\t<div class=\"people-card--content-text\">\n        <h4>Gunnv\u00e1 H\u00f8jgaard Mohr<\/h4>\n        <p>\u0412\u0438\u043a\u043b\u0430\u0434\u0430\u0447<\/p>\n\t<\/div>\n<\/div>\n    <\/div>\n<\/div>\n\n\n\n<h2 class=\"wp-block-heading has-green-color has-text-color\">\u0412\u043e\u043b\u043e\u043d\u0442\u0435\u0440\u0438<\/h2>\n\n\n\n<p class=\"has-text-align-left\"><mark style=\"background-color:rgba(0, 0, 0, 0)\" class=\"has-inline-color has-black-color\">\u0426\u0435 \u043d\u0430\u0448\u0456 \u0432\u043e\u043b\u043e\u043d\u0442\u0435\u0440\u0438 \u2013 \u0434\u0435\u044f\u043a\u0456 \u0437 \u043d\u0438\u0445 \u0431\u0443\u043b\u0438 \u0432 \u0442\u0456\u0439 \u0441\u0430\u043c\u0456\u0439 \u0441\u0438\u0442\u0443\u0430\u0446\u0456\u0457, \u0449\u043e \u0456 \u0432\u0438. \u0412\u043e\u043d\u0438 \u0433\u043e\u0442\u043e\u0432\u0456 \u043f\u0456\u0434\u0442\u0440\u0438\u043c\u0430\u0442\u0438 \u0432\u0430\u0441 \u0443 \u0432\u0430\u0448\u043e\u043c\u0443 \u0433\u043e\u0440\u0456.<\/mark><\/p>\n\n\n\n\n\n<div id=\"people-block_cbff69c71d6d809786b582b2c99e49a8\" class=\"lunnar-people\">\n\t \n    <div class=\"people-cards\">\n        \n<div class=\"people-card people-id-5306\">\n    <div class=\"people-card--content-image\">\n                    <img\n                src='https:\/\/www.berin.fo\/wp-content\/uploads\/2021\/09\/DSC_6112-1-533x800.jpg'\n                style='object-position: 50% 50%; object-fit: cover;'\n            \/>\n            <\/div>\n\t\n\t<div class=\"people-card--content-text\">\n        <h4>D\u00f8gg N\u00f3nsgj\u00f3gv<\/h4>\n        <p>\u0412\u043e\u043b\u043e\u043d\u0442\u0435\u0440<\/p>\n\t<\/div>\n<\/div>\n\n<div class=\"people-card people-id-5300\">\n    <div class=\"people-card--content-image\">\n                    <img\n                src='https:\/\/www.berin.fo\/wp-content\/uploads\/2023\/07\/Rannva-533x800-1.jpg'\n                style='object-position: 50% 50%; object-fit: cover;'\n            \/>\n            <\/div>\n\t\n\t<div class=\"people-card--content-text\">\n        <h4>Rannv\u00e1 Arnad\u00f3ttir<\/h4>\n        <p>\u0412\u043e\u043b\u043e\u043d\u0442\u0435\u0440<\/p>\n\t<\/div>\n<\/div>\n    <\/div>\n<\/div>\n\n\n\n<div style=\"height:80px\" aria-hidden=\"true\" class=\"wp-block-spacer\"><\/div>\n","protected":false},"excerpt":{"rendered":"<p>\u041d\u0430\u0448\u0430 \u043a\u043e\u043c\u0430\u043d\u0434\u0430 \u0423 Berin \u043c\u0438 \u043f\u0440\u0430\u0446\u044e\u0454\u043c\u043e \u0443 \u043a\u043e\u043c\u0430\u043d\u0434\u0456, \u0449\u043e \u0441\u043a\u043b\u0430\u0434\u0430\u0454\u0442\u044c\u0441\u044f \u0437 \u043f\u0441\u0438\u0445\u043e\u043b\u043e\u0433\u0456\u0432, \u043c\u0435\u0434\u0438\u0447\u043d\u0438\u0445 \u043f\u0440\u0430\u0446\u0456\u0432\u043d\u0438\u043a\u0456\u0432, \u0432\u0438\u043a\u043b\u0430\u0434\u0430\u0447\u0456\u0432 \u0442\u0430 \u0432\u043e\u043b\u043e\u043d\u0442\u0435\u0440\u0456\u0432. \u041f\u043e\u0441\u0442\u0456\u0439\u043d\u0438\u0439 \u0448\u0442\u0430\u0442 \u0412\u0435\u0434\u0443\u0447\u0456 \u0433\u0440\u0443\u043f \u041a\u043e\u043b\u0438 \u0432\u0438 \u043f\u0435\u0440\u0435\u0436\u0438\u0432\u0430\u0454\u0442\u0435 \u0433\u043e\u0440\u0435, \u043c\u043e\u0436\u0435 \u0431\u0443\u0442\u0438 \u043a\u043e\u0440\u0438\u0441\u043d\u0438\u043c \u0437\u0443\u0441\u0442\u0440\u0456\u0442\u0438\u0441\u044f \u0437 \u0456\u043d\u0448\u0438\u043c\u0438 \u043b\u044e\u0434\u044c\u043c\u0438, \u044f\u043a\u0456 \u043f\u0435\u0440\u0435\u0431\u0443\u0432\u0430\u044e\u0442\u044c \u0443 \u0441\u0445\u043e\u0436\u0456\u0439 \u0441\u0438\u0442\u0443\u0430\u0446\u0456\u0457. \u0422\u043e\u043c\u0443 \u043c\u0438 \u0445\u043e\u0442\u0456\u043b\u0438 \u0431\u0438 \u0437\u0430\u043f\u0440\u043e\u0441\u0438\u0442\u0438 \u0432\u0430\u0441 \u0432\u0437\u044f\u0442\u0438 \u0443\u0447\u0430\u0441\u0442\u044c \u0443 \u0442\u0430\u043a \u0437\u0432\u0430\u043d\u0456\u0439 \u0433\u0440\u0443\u043f\u0456 \u0433\u043e\u0440\u044e\u0432\u0430\u043d\u043d\u044f. \u0422\u0443\u0442 \u0432\u0438 \u043c\u043e\u0436\u0435\u0442\u0435 \u043f\u043e\u0431\u0430\u0447\u0438\u0442\u0438 \u0432\u0435\u0434\u0443\u0447\u0438\u0445 [&hellip;]<\/p>\n","protected":false},"author":2,"featured_media":0,"parent":5093,"menu_order":3,"comment_status":"closed","ping_status":"closed","template":"","meta":{"_acf_changed":false,"footnotes":"","_links_to":"","_links_to_target":""},"class_list":["post-5095","page","type-page","status-publish","hentry"],"acf":[],"yoast_head":"<!-- This site is optimized with the Yoast SEO plugin v27.5 - https:\/\/yoast.com\/product\/yoast-seo-wordpress\/ -->\n<title>Starvsf\u00f3lk - Berin<\/title>\n<meta name=\"robots\" content=\"index, follow, max-snippet:-1, max-image-preview:large, max-video-preview:-1\" \/>\n<link rel=\"canonical\" href=\"https:\/\/www.berin.fo\/uk\/um-beran\/starvsfolk\/\" \/>\n<meta property=\"og:locale\" content=\"uk_UA\" \/>\n<meta property=\"og:type\" content=\"article\" \/>\n<meta property=\"og:title\" content=\"Starvsf\u00f3lk - Berin\" \/>\n<meta property=\"og:description\" content=\"\u041d\u0430\u0448\u0430 \u043a\u043e\u043c\u0430\u043d\u0434\u0430 \u0423 Berin \u043c\u0438 \u043f\u0440\u0430\u0446\u044e\u0454\u043c\u043e \u0443 \u043a\u043e\u043c\u0430\u043d\u0434\u0456, \u0449\u043e \u0441\u043a\u043b\u0430\u0434\u0430\u0454\u0442\u044c\u0441\u044f \u0437 \u043f\u0441\u0438\u0445\u043e\u043b\u043e\u0433\u0456\u0432, \u043c\u0435\u0434\u0438\u0447\u043d\u0438\u0445 \u043f\u0440\u0430\u0446\u0456\u0432\u043d\u0438\u043a\u0456\u0432, \u0432\u0438\u043a\u043b\u0430\u0434\u0430\u0447\u0456\u0432 \u0442\u0430 \u0432\u043e\u043b\u043e\u043d\u0442\u0435\u0440\u0456\u0432. \u041f\u043e\u0441\u0442\u0456\u0439\u043d\u0438\u0439 \u0448\u0442\u0430\u0442 \u0412\u0435\u0434\u0443\u0447\u0456 \u0433\u0440\u0443\u043f \u041a\u043e\u043b\u0438 \u0432\u0438 \u043f\u0435\u0440\u0435\u0436\u0438\u0432\u0430\u0454\u0442\u0435 \u0433\u043e\u0440\u0435, \u043c\u043e\u0436\u0435 \u0431\u0443\u0442\u0438 \u043a\u043e\u0440\u0438\u0441\u043d\u0438\u043c \u0437\u0443\u0441\u0442\u0440\u0456\u0442\u0438\u0441\u044f \u0437 \u0456\u043d\u0448\u0438\u043c\u0438 \u043b\u044e\u0434\u044c\u043c\u0438, \u044f\u043a\u0456 \u043f\u0435\u0440\u0435\u0431\u0443\u0432\u0430\u044e\u0442\u044c \u0443 \u0441\u0445\u043e\u0436\u0456\u0439 \u0441\u0438\u0442\u0443\u0430\u0446\u0456\u0457. \u0422\u043e\u043c\u0443 \u043c\u0438 \u0445\u043e\u0442\u0456\u043b\u0438 \u0431\u0438 \u0437\u0430\u043f\u0440\u043e\u0441\u0438\u0442\u0438 \u0432\u0430\u0441 \u0432\u0437\u044f\u0442\u0438 \u0443\u0447\u0430\u0441\u0442\u044c \u0443 \u0442\u0430\u043a \u0437\u0432\u0430\u043d\u0456\u0439 \u0433\u0440\u0443\u043f\u0456 \u0433\u043e\u0440\u044e\u0432\u0430\u043d\u043d\u044f. \u0422\u0443\u0442 \u0432\u0438 \u043c\u043e\u0436\u0435\u0442\u0435 \u043f\u043e\u0431\u0430\u0447\u0438\u0442\u0438 \u0432\u0435\u0434\u0443\u0447\u0438\u0445 [&hellip;]\" \/>\n<meta property=\"og:url\" content=\"https:\/\/www.berin.fo\/uk\/um-beran\/starvsfolk\/\" \/>\n<meta property=\"og:site_name\" content=\"Berin\" \/>\n<meta property=\"article:modified_time\" content=\"2024-07-19T09:06:38+00:00\" \/>\n<meta name=\"twitter:card\" content=\"summary_large_image\" \/>\n<meta name=\"twitter:label1\" content=\"\u041f\u0440\u0438\u0431\u043b. \u0447\u0430\u0441 \u0447\u0438\u0442\u0430\u043d\u043d\u044f\" \/>\n\t<meta name=\"twitter:data1\" content=\"1 \u0445\u0432\u0438\u043b\u0438\u043d\u0430\" \/>\n<script type=\"application\/ld+json\" class=\"yoast-schema-graph\">{\"@context\":\"https:\\\/\\\/schema.org\",\"@graph\":[{\"@type\":\"WebPage\",\"@id\":\"https:\\\/\\\/www.berin.fo\\\/uk\\\/um-beran\\\/starvsfolk\\\/\",\"url\":\"https:\\\/\\\/www.berin.fo\\\/uk\\\/um-beran\\\/starvsfolk\\\/\",\"name\":\"Starvsf\u00f3lk - Berin\",\"isPartOf\":{\"@id\":\"https:\\\/\\\/www.berin.fo\\\/#website\"},\"datePublished\":\"2021-10-14T21:37:17+00:00\",\"dateModified\":\"2024-07-19T09:06:38+00:00\",\"breadcrumb\":{\"@id\":\"https:\\\/\\\/www.berin.fo\\\/uk\\\/um-beran\\\/starvsfolk\\\/#breadcrumb\"},\"inLanguage\":\"uk\",\"potentialAction\":[{\"@type\":\"ReadAction\",\"target\":[\"https:\\\/\\\/www.berin.fo\\\/uk\\\/um-beran\\\/starvsfolk\\\/\"]}]},{\"@type\":\"BreadcrumbList\",\"@id\":\"https:\\\/\\\/www.berin.fo\\\/uk\\\/um-beran\\\/starvsfolk\\\/#breadcrumb\",\"itemListElement\":[{\"@type\":\"ListItem\",\"position\":1,\"name\":\"Home\",\"item\":\"https:\\\/\\\/www.berin.fo\\\/uk\\\/\"},{\"@type\":\"ListItem\",\"position\":2,\"name\":\"Um Beran\",\"item\":\"https:\\\/\\\/www.berin.fo\\\/uk\\\/um-beran\\\/\"},{\"@type\":\"ListItem\",\"position\":3,\"name\":\"Starvsf\u00f3lk\"}]},{\"@type\":\"WebSite\",\"@id\":\"https:\\\/\\\/www.berin.fo\\\/#website\",\"url\":\"https:\\\/\\\/www.berin.fo\\\/\",\"name\":\"Berin\",\"description\":\"Berin\",\"potentialAction\":[{\"@type\":\"SearchAction\",\"target\":{\"@type\":\"EntryPoint\",\"urlTemplate\":\"https:\\\/\\\/www.berin.fo\\\/?s={search_term_string}\"},\"query-input\":{\"@type\":\"PropertyValueSpecification\",\"valueRequired\":true,\"valueName\":\"search_term_string\"}}],\"inLanguage\":\"uk\"}]}<\/script>\n<!-- \/ Yoast SEO plugin. -->","yoast_head_json":{"title":"Starvsf\u00f3lk - Berin","robots":{"index":"index","follow":"follow","max-snippet":"max-snippet:-1","max-image-preview":"max-image-preview:large","max-video-preview":"max-video-preview:-1"},"canonical":"https:\/\/www.berin.fo\/uk\/um-beran\/starvsfolk\/","og_locale":"uk_UA","og_type":"article","og_title":"Starvsf\u00f3lk - Berin","og_description":"\u041d\u0430\u0448\u0430 \u043a\u043e\u043c\u0430\u043d\u0434\u0430 \u0423 Berin \u043c\u0438 \u043f\u0440\u0430\u0446\u044e\u0454\u043c\u043e \u0443 \u043a\u043e\u043c\u0430\u043d\u0434\u0456, \u0449\u043e \u0441\u043a\u043b\u0430\u0434\u0430\u0454\u0442\u044c\u0441\u044f \u0437 \u043f\u0441\u0438\u0445\u043e\u043b\u043e\u0433\u0456\u0432, \u043c\u0435\u0434\u0438\u0447\u043d\u0438\u0445 \u043f\u0440\u0430\u0446\u0456\u0432\u043d\u0438\u043a\u0456\u0432, \u0432\u0438\u043a\u043b\u0430\u0434\u0430\u0447\u0456\u0432 \u0442\u0430 \u0432\u043e\u043b\u043e\u043d\u0442\u0435\u0440\u0456\u0432. \u041f\u043e\u0441\u0442\u0456\u0439\u043d\u0438\u0439 \u0448\u0442\u0430\u0442 \u0412\u0435\u0434\u0443\u0447\u0456 \u0433\u0440\u0443\u043f \u041a\u043e\u043b\u0438 \u0432\u0438 \u043f\u0435\u0440\u0435\u0436\u0438\u0432\u0430\u0454\u0442\u0435 \u0433\u043e\u0440\u0435, \u043c\u043e\u0436\u0435 \u0431\u0443\u0442\u0438 \u043a\u043e\u0440\u0438\u0441\u043d\u0438\u043c \u0437\u0443\u0441\u0442\u0440\u0456\u0442\u0438\u0441\u044f \u0437 \u0456\u043d\u0448\u0438\u043c\u0438 \u043b\u044e\u0434\u044c\u043c\u0438, \u044f\u043a\u0456 \u043f\u0435\u0440\u0435\u0431\u0443\u0432\u0430\u044e\u0442\u044c \u0443 \u0441\u0445\u043e\u0436\u0456\u0439 \u0441\u0438\u0442\u0443\u0430\u0446\u0456\u0457. \u0422\u043e\u043c\u0443 \u043c\u0438 \u0445\u043e\u0442\u0456\u043b\u0438 \u0431\u0438 \u0437\u0430\u043f\u0440\u043e\u0441\u0438\u0442\u0438 \u0432\u0430\u0441 \u0432\u0437\u044f\u0442\u0438 \u0443\u0447\u0430\u0441\u0442\u044c \u0443 \u0442\u0430\u043a \u0437\u0432\u0430\u043d\u0456\u0439 \u0433\u0440\u0443\u043f\u0456 \u0433\u043e\u0440\u044e\u0432\u0430\u043d\u043d\u044f. \u0422\u0443\u0442 \u0432\u0438 \u043c\u043e\u0436\u0435\u0442\u0435 \u043f\u043e\u0431\u0430\u0447\u0438\u0442\u0438 \u0432\u0435\u0434\u0443\u0447\u0438\u0445 [&hellip;]","og_url":"https:\/\/www.berin.fo\/uk\/um-beran\/starvsfolk\/","og_site_name":"Berin","article_modified_time":"2024-07-19T09:06:38+00:00","twitter_card":"summary_large_image","twitter_misc":{"\u041f\u0440\u0438\u0431\u043b. \u0447\u0430\u0441 \u0447\u0438\u0442\u0430\u043d\u043d\u044f":"1 \u0445\u0432\u0438\u043b\u0438\u043d\u0430"},"schema":{"@context":"https:\/\/schema.org","@graph":[{"@type":"WebPage","@id":"https:\/\/www.berin.fo\/uk\/um-beran\/starvsfolk\/","url":"https:\/\/www.berin.fo\/uk\/um-beran\/starvsfolk\/","name":"Starvsf\u00f3lk - Berin","isPartOf":{"@id":"https:\/\/www.berin.fo\/#website"},"datePublished":"2021-10-14T21:37:17+00:00","dateModified":"2024-07-19T09:06:38+00:00","breadcrumb":{"@id":"https:\/\/www.berin.fo\/uk\/um-beran\/starvsfolk\/#breadcrumb"},"inLanguage":"uk","potentialAction":[{"@type":"ReadAction","target":["https:\/\/www.berin.fo\/uk\/um-beran\/starvsfolk\/"]}]},{"@type":"BreadcrumbList","@id":"https:\/\/www.berin.fo\/uk\/um-beran\/starvsfolk\/#breadcrumb","itemListElement":[{"@type":"ListItem","position":1,"name":"Home","item":"https:\/\/www.berin.fo\/uk\/"},{"@type":"ListItem","position":2,"name":"Um Beran","item":"https:\/\/www.berin.fo\/uk\/um-beran\/"},{"@type":"ListItem","position":3,"name":"Starvsf\u00f3lk"}]},{"@type":"WebSite","@id":"https:\/\/www.berin.fo\/#website","url":"https:\/\/www.berin.fo\/","name":"Berin","description":"Berin","potentialAction":[{"@type":"SearchAction","target":{"@type":"EntryPoint","urlTemplate":"https:\/\/www.berin.fo\/?s={search_term_string}"},"query-input":{"@type":"PropertyValueSpecification","valueRequired":true,"valueName":"search_term_string"}}],"inLanguage":"uk"}]}},"_links":{"self":[{"href":"https:\/\/www.berin.fo\/uk\/wp-json\/wp\/v2\/pages\/5095","targetHints":{"allow":["GET"]}}],"collection":[{"href":"https:\/\/www.berin.fo\/uk\/wp-json\/wp\/v2\/pages"}],"about":[{"href":"https:\/\/www.berin.fo\/uk\/wp-json\/wp\/v2\/types\/page"}],"author":[{"embeddable":true,"href":"https:\/\/www.berin.fo\/uk\/wp-json\/wp\/v2\/users\/2"}],"replies":[{"embeddable":true,"href":"https:\/\/www.berin.fo\/uk\/wp-json\/wp\/v2\/comments?post=5095"}],"version-history":[{"count":3,"href":"https:\/\/www.berin.fo\/uk\/wp-json\/wp\/v2\/pages\/5095\/revisions"}],"predecessor-version":[{"id":5328,"href":"https:\/\/www.berin.fo\/uk\/wp-json\/wp\/v2\/pages\/5095\/revisions\/5328"}],"up":[{"embeddable":true,"href":"https:\/\/www.berin.fo\/uk\/wp-json\/wp\/v2\/pages\/5093"}],"wp:attachment":[{"href":"https:\/\/www.berin.fo\/uk\/wp-json\/wp\/v2\/media?parent=5095"}],"curies":[{"name":"wp","href":"https:\/\/api.w.org\/{rel}","templated":true}]}}