{"id":5012,"date":"2024-07-12T09:47:02","date_gmt":"2024-07-12T09:47:02","guid":{"rendered":"https:\/\/www.berin.fo\/?page_id=5012"},"modified":"2024-09-19T10:28:44","modified_gmt":"2024-09-19T10:28:44","slug":"salarhjalp-til-ukrainar-sum-eru-flyddir-ur-heimlandinum","status":"publish","type":"page","link":"https:\/\/www.berin.fo\/uk\/salarhjalp-til-ukrainar-sum-eru-flyddir-ur-heimlandinum\/","title":{"rendered":"S\u00e1larhj\u00e1lp til ukrainar, sum eru fl\u00fdddir \u00far heimlandinum"},"content":{"rendered":"\n<div class=\"wp-block-cover alignfull is-light\"><span aria-hidden=\"true\" class=\"wp-block-cover__background has-background-dim-10 has-background-dim\" style=\"background-color:#b9b0af\"><\/span><img loading=\"lazy\" decoding=\"async\" width=\"2560\" height=\"1707\" class=\"wp-block-cover__image-background wp-image-4903\" alt=\"\" src=\"https:\/\/www.berin.fo\/wp-content\/uploads\/2024\/07\/Hevur-tu-flyggja-i-samband-vid-kriggid-i-Ukraina1.jpg\" style=\"object-position:54% 76%\" data-object-fit=\"cover\" data-object-position=\"54% 76%\" srcset=\"https:\/\/www.berin.fo\/wp-content\/uploads\/2024\/07\/Hevur-tu-flyggja-i-samband-vid-kriggid-i-Ukraina1.jpg 2560w, https:\/\/www.berin.fo\/wp-content\/uploads\/2024\/07\/Hevur-tu-flyggja-i-samband-vid-kriggid-i-Ukraina1-800x533.jpg 800w, https:\/\/www.berin.fo\/wp-content\/uploads\/2024\/07\/Hevur-tu-flyggja-i-samband-vid-kriggid-i-Ukraina1-1600x1067.jpg 1600w, https:\/\/www.berin.fo\/wp-content\/uploads\/2024\/07\/Hevur-tu-flyggja-i-samband-vid-kriggid-i-Ukraina1-768x512.jpg 768w, https:\/\/www.berin.fo\/wp-content\/uploads\/2024\/07\/Hevur-tu-flyggja-i-samband-vid-kriggid-i-Ukraina1-200x133.jpg 200w, https:\/\/www.berin.fo\/wp-content\/uploads\/2024\/07\/Hevur-tu-flyggja-i-samband-vid-kriggid-i-Ukraina1-1536x1024.jpg 1536w, https:\/\/www.berin.fo\/wp-content\/uploads\/2024\/07\/Hevur-tu-flyggja-i-samband-vid-kriggid-i-Ukraina1-2048x1365.jpg 2048w, https:\/\/www.berin.fo\/wp-content\/uploads\/2024\/07\/Hevur-tu-flyggja-i-samband-vid-kriggid-i-Ukraina1-600x400.jpg 600w\" sizes=\"auto, (max-width: 2560px) 100vw, 2560px\" \/><div class=\"wp-block-cover__inner-container is-layout-constrained wp-block-cover-is-layout-constrained\">\n<h2 class=\"wp-block-heading alignwide has-text-align-center\" id=\"we-re-a-studio-in-berlin-with-an-international-practice-in-architecture-urban-planning-and-interior-design-we-believe-in-sharing-knowledge-and-promoting-dialogue-to-increase-the-creative-potential-of-collaboration\" style=\"font-size:48px;line-height:1.1\"><mark style=\"background-color:rgba(0, 0, 0, 0)\" class=\"has-inline-color has-white-color\">\u041f\u0441\u0438\u0445\u043e\u043b\u043e\u0433\u0456\u0447\u043d\u0430 \u0434\u043e\u043f\u043e\u043c\u043e\u0433\u0430 \u0443\u043a\u0440\u0430\u0457\u043d\u0446\u044f\u043c, \u044f\u043a\u0456 \u0431\u0443\u043b\u0438 \u0437\u043c\u0443\u0448\u0435\u043d\u0456 \u043f\u043e\u043a\u0438\u043d\u0443\u0442\u0438 \u0441\u0432\u043e\u044e \u043a\u0440\u0430\u0457\u043d\u0443<\/mark><\/h2>\n<\/div><\/div>\n\n\n\n<div style=\"height:40px\" aria-hidden=\"true\" class=\"wp-block-spacer\"><\/div>\n\n\n\n<p>BERIN \u043f\u0440\u043e\u043f\u043e\u043d\u0443\u0454 \u044f\u043a \u0431\u0435\u0437\u043a\u043e\u0448\u0442\u043e\u0432\u043d\u0456 \u0456\u043d\u0434\u0438\u0432\u0456\u0434\u0443\u0430\u043b\u044c\u043d\u0456 \u043a\u043e\u043d\u0441\u0443\u043b\u044c\u0442\u0430\u0446\u0456\u0457, \u0442\u0430\u043a \u0456 \u0433\u0440\u0443\u043f\u043e\u0432\u0456 \u0437\u0430\u043d\u044f\u0442\u0442\u044f \u0432\u0441\u0456\u043c, \u0445\u0442\u043e \u0431\u0443\u0432 \u0437\u043c\u0443\u0448\u0435\u043d\u0438\u0439 \u043f\u0435\u0440\u0435\u0457\u0445\u0430\u0442\u0438 \u0447\u0435\u0440\u0435\u0437 \u0432\u0456\u0439\u043d\u0443 \u0432 \u0423\u043a\u0440\u0430\u0457\u043d\u0456.<\/p>\n\n\n\n<div style=\"height:60px\" aria-hidden=\"true\" class=\"wp-block-spacer\"><\/div>\n\n\n\n<figure class=\"wp-block-image size-large\"><img loading=\"lazy\" decoding=\"async\" width=\"1600\" height=\"1067\" src=\"https:\/\/www.berin.fo\/wp-content\/uploads\/2024\/07\/Cover-1-1600x1067.jpg\" alt=\"\" class=\"wp-image-4893\" srcset=\"https:\/\/www.berin.fo\/wp-content\/uploads\/2024\/07\/Cover-1-1600x1067.jpg 1600w, https:\/\/www.berin.fo\/wp-content\/uploads\/2024\/07\/Cover-1-800x533.jpg 800w, https:\/\/www.berin.fo\/wp-content\/uploads\/2024\/07\/Cover-1-768x512.jpg 768w, https:\/\/www.berin.fo\/wp-content\/uploads\/2024\/07\/Cover-1-200x133.jpg 200w, https:\/\/www.berin.fo\/wp-content\/uploads\/2024\/07\/Cover-1-1536x1024.jpg 1536w, https:\/\/www.berin.fo\/wp-content\/uploads\/2024\/07\/Cover-1-2048x1365.jpg 2048w, https:\/\/www.berin.fo\/wp-content\/uploads\/2024\/07\/Cover-1-600x400.jpg 600w\" sizes=\"auto, (max-width: 1600px) 100vw, 1600px\" \/><\/figure>\n\n\n\n<div style=\"height:30px\" aria-hidden=\"true\" class=\"wp-block-spacer\"><\/div>\n\n\n\n<p>\u0412 Berin \u0454 \u043c\u043e\u0436\u043b\u0438\u0432\u0456\u0441\u0442\u044c \u043f\u043e\u0441\u043f\u0456\u043b\u043a\u0443\u0432\u0430\u0442\u0438\u0441\u044f \u0437 \u043f\u0440\u043e\u0444\u0435\u0441\u0456\u043e\u043d\u0430\u043b\u0430\u043c\u0438, \u044f\u043a\u0456 \u043c\u0430\u044e\u0442\u044c \u043e\u0441\u0432\u0456\u0442\u0443 \u0442\u0430 \u0434\u043e\u0441\u0432\u0456\u0434 \u0440\u043e\u0431\u043e\u0442\u0438 \u0437 \u0433\u043e\u0440\u0435\u043c, \u0442\u0440\u0430\u0432\u043c\u043e\u044e \u0442\u0430 \u043a\u0440\u0438\u0437\u043e\u044e, \u0430 \u0442\u0430\u043a\u043e\u0436 \u0437\u0443\u0441\u0442\u0440\u0456\u0442\u0438\u0441\u044f \u0437 \u0456\u043d\u0448\u0438\u043c\u0438 \u043b\u044e\u0434\u044c\u043c\u0438, \u044f\u043a\u0456 \u043e\u043f\u0438\u043d\u0438\u043b\u0438\u0441\u044f \u0432 \u0441\u0445\u043e\u0436\u0456\u0439 \u0441\u0438\u0442\u0443\u0430\u0446\u0456\u0457. \u041f\u0435\u0440\u0435\u0434 \u0432\u0456\u0434\u0432\u0456\u0434\u0443\u0432\u0430\u043d\u043d\u044f\u043c \u043a\u043e\u043d\u0441\u0443\u043b\u044c\u0442\u0430\u0446\u0456\u0457 \u0447\u0438 \u0433\u0440\u0443\u043f\u0438, \u043c\u0438 \u0437\u0430\u043f\u0440\u043e\u0441\u0438\u043c\u043e \u0432\u0430\u0441, \u0437\u0430 \u0431\u0430\u0436\u0430\u043d\u043d\u044f\u043c \u0440\u0430\u0437\u043e\u043c \u0437 \u043a\u0438\u043c\u043e\u0441\u044c \u0437 \u0432\u0430\u0448\u0438\u0445 \u043d\u0430\u0439\u0431\u043b\u0438\u0436\u0447\u0438\u0445 \u0440\u043e\u0434\u0438\u0447\u0456\u0432, \u043d\u0430 \u0431\u0435\u0441\u0456\u0434\u0443 \u043f\u0440\u043e \u0442\u0435, \u044f\u043a Berin \u043c\u043e\u0436\u0435 \u0432\u0430\u043c \u0434\u043e\u043f\u043e\u043c\u043e\u0433\u0442\u0438.<\/p>\n\n\n\n<p>\u041c\u0438 \u0442\u0430\u043a\u043e\u0436 \u043f\u0440\u043e\u043f\u043e\u043d\u0443\u0454\u043c\u043e \u0441\u0456\u043c\u0435\u0439\u043d\u0456 \u043a\u043e\u043d\u0441\u0443\u043b\u044c\u0442\u0430\u0446\u0456\u0457 \u0456 \u043c\u043e\u0436\u043b\u0438\u0432\u0456\u0441\u0442\u044c \u043e\u0442\u0440\u0438\u043c\u0430\u0442\u0438 \u043f\u043e\u0440\u0430\u0434\u0438 \u0442\u0430 \u0440\u0435\u043a\u043e\u043c\u0435\u043d\u0434\u0430\u0446\u0456\u0457 \u0434\u043b\u044f \u0431\u0430\u0442\u044c\u043a\u0456\u0432, \u0456\u043d\u0448\u0438\u0445 \u0447\u043b\u0435\u043d\u0456\u0432 \u0441\u0456\u043c\u2019\u0457, \u0434\u0440\u0443\u0437\u0456\u0432, \u0447\u043e\u043b\u043e\u0432\u0456\u043a\u0430\/\u0434\u0440\u0443\u0436\u0438\u043d\u0438 \u0442\u0430 \u0444\u0430\u0445\u0456\u0432\u0446\u0456\u0432, \u044f\u043a\u0456 \u043f\u0440\u0430\u0446\u044e\u044e\u0442\u044c \u0437 \u0431\u0456\u0436\u0435\u043d\u0446\u044f\u043c\u0438, \u0449\u043e\u0434\u043e \u0442\u043e\u0433\u043e, \u044f\u043a \u043d\u0430\u0439\u043a\u0440\u0430\u0449\u0435 \u043f\u0456\u0434\u0442\u0440\u0438\u043c\u0430\u0442\u0438 \u043b\u044e\u0434\u0438\u043d\u0443, \u044f\u043a\u0430 \u0431\u0443\u043b\u0430 \u0437\u043c\u0443\u0448\u0435\u043d\u0430 \u043f\u0435\u0440\u0435\u0457\u0445\u0430\u0442\u0438 \u0447\u0435\u0440\u0435\u0437 \u0432\u0456\u0439\u043d\u0443 \u0432 \u0423\u043a\u0440\u0430\u0457\u043d\u0456.<\/p>\n\n\n\n<div style=\"height:40px\" aria-hidden=\"true\" class=\"wp-block-spacer\"><\/div>\n\n\n\n<div class=\"wp-block-columns is-layout-flex wp-container-core-columns-is-layout-9d6595d7 wp-block-columns-is-layout-flex\">\n<div class=\"wp-block-column is-layout-flow wp-block-column-is-layout-flow\">\n<div>\n            <a\n            href=\"https:\/\/www.berin.fo\/uk\/salarhjalp-til-ukrainar-sum-eru-flyddir-ur-heimlandinum\/bolkaundirvising-til-ukrainar-sum-eru-flyddir-ur-heimlandinum\/\"\n        >\n            \n\n<div class=\"wp-block-cover is-light\"><span aria-hidden=\"true\" class=\"wp-block-cover__background has-background-dim-10 has-background-dim\"><\/span><img loading=\"lazy\" decoding=\"async\" width=\"1600\" height=\"1067\" class=\"wp-block-cover__image-background wp-image-4896\" alt=\"\" src=\"https:\/\/www.berin.fo\/wp-content\/uploads\/2024\/07\/Hevur-tu-flyggja-i-samband-vid-kriggid-i-Ukraina-1600x1067.jpg\" data-object-fit=\"cover\" srcset=\"https:\/\/www.berin.fo\/wp-content\/uploads\/2024\/07\/Hevur-tu-flyggja-i-samband-vid-kriggid-i-Ukraina-1600x1067.jpg 1600w, https:\/\/www.berin.fo\/wp-content\/uploads\/2024\/07\/Hevur-tu-flyggja-i-samband-vid-kriggid-i-Ukraina-800x533.jpg 800w, https:\/\/www.berin.fo\/wp-content\/uploads\/2024\/07\/Hevur-tu-flyggja-i-samband-vid-kriggid-i-Ukraina-768x512.jpg 768w, https:\/\/www.berin.fo\/wp-content\/uploads\/2024\/07\/Hevur-tu-flyggja-i-samband-vid-kriggid-i-Ukraina-200x133.jpg 200w, https:\/\/www.berin.fo\/wp-content\/uploads\/2024\/07\/Hevur-tu-flyggja-i-samband-vid-kriggid-i-Ukraina-1536x1024.jpg 1536w, https:\/\/www.berin.fo\/wp-content\/uploads\/2024\/07\/Hevur-tu-flyggja-i-samband-vid-kriggid-i-Ukraina-2048x1365.jpg 2048w, https:\/\/www.berin.fo\/wp-content\/uploads\/2024\/07\/Hevur-tu-flyggja-i-samband-vid-kriggid-i-Ukraina-600x400.jpg 600w\" sizes=\"auto, (max-width: 1600px) 100vw, 1600px\" \/><div class=\"wp-block-cover__inner-container is-layout-flow wp-block-cover-is-layout-flow\">\n<p class=\"has-text-align-center has-white-color has-text-color has-link-color has-large-font-size wp-elements-63d39560b8bcc3c9bfe7b03648ba9464\">\u0413\u0440\u0443\u043f\u043e\u0432\u0456 \u0437\u0430\u043d\u044f\u0442\u0442\u044f<\/p>\n<\/div><\/div>\n\n\n        <\/a>\n    <\/div><\/div>\n\n\n\n<div class=\"wp-block-column is-layout-flow wp-block-column-is-layout-flow\">\n<div>\n            <a\n            href=\"https:\/\/www.berin.fo\/uk\/salarhjalp-til-ukrainar-sum-eru-flyddir-ur-heimlandinum\/samrodur-til-ukrainar-sum-eru-flyddir-ur-heimlandinum\/\"\n        >\n            \n\n<div class=\"wp-block-cover is-light\"><span aria-hidden=\"true\" class=\"wp-block-cover__background has-background-dim-10 has-background-dim\"><\/span><img loading=\"lazy\" decoding=\"async\" width=\"1600\" height=\"1066\" class=\"wp-block-cover__image-background wp-image-2001\" alt=\"\" src=\"https:\/\/www.berin.fo\/wp-content\/uploads\/2023\/02\/Einstaklingasamrodur-1-1600x1066.jpg\" data-object-fit=\"cover\" srcset=\"https:\/\/www.berin.fo\/wp-content\/uploads\/2023\/02\/Einstaklingasamrodur-1-1600x1066.jpg 1600w, https:\/\/www.berin.fo\/wp-content\/uploads\/2023\/02\/Einstaklingasamrodur-1-800x533.jpg 800w, https:\/\/www.berin.fo\/wp-content\/uploads\/2023\/02\/Einstaklingasamrodur-1-768x512.jpg 768w, https:\/\/www.berin.fo\/wp-content\/uploads\/2023\/02\/Einstaklingasamrodur-1-200x133.jpg 200w, https:\/\/www.berin.fo\/wp-content\/uploads\/2023\/02\/Einstaklingasamrodur-1-1536x1024.jpg 1536w, https:\/\/www.berin.fo\/wp-content\/uploads\/2023\/02\/Einstaklingasamrodur-1-600x400.jpg 600w, https:\/\/www.berin.fo\/wp-content\/uploads\/2023\/02\/Einstaklingasamrodur-1.jpg 2048w\" sizes=\"auto, (max-width: 1600px) 100vw, 1600px\" \/><div class=\"wp-block-cover__inner-container is-layout-flow wp-block-cover-is-layout-flow\">\n<p class=\"has-text-align-center has-white-color has-text-color has-link-color has-large-font-size wp-elements-75275bbcef4a9020952840712ff42cec\">\u041a\u043e\u043d\u0441\u0443\u043b\u044c\u0442\u0430\u0446\u0456\u0457<\/p>\n<\/div><\/div>\n\n\n        <\/a>\n    <\/div><\/div>\n<\/div>\n\n\n\n<div style=\"height:100px\" aria-hidden=\"true\" class=\"wp-block-spacer\"><\/div>\n","protected":false},"excerpt":{"rendered":"<p>BERIN \u043f\u0440\u043e\u043f\u043e\u043d\u0443\u0454 \u044f\u043a \u0431\u0435\u0437\u043a\u043e\u0448\u0442\u043e\u0432\u043d\u0456 \u0456\u043d\u0434\u0438\u0432\u0456\u0434\u0443\u0430\u043b\u044c\u043d\u0456 \u043a\u043e\u043d\u0441\u0443\u043b\u044c\u0442\u0430\u0446\u0456\u0457, \u0442\u0430\u043a \u0456 \u0433\u0440\u0443\u043f\u043e\u0432\u0456 \u0437\u0430\u043d\u044f\u0442\u0442\u044f \u0432\u0441\u0456\u043c, \u0445\u0442\u043e \u0431\u0443\u0432 \u0437\u043c\u0443\u0448\u0435\u043d\u0438\u0439 \u043f\u0435\u0440\u0435\u0457\u0445\u0430\u0442\u0438 \u0447\u0435\u0440\u0435\u0437 \u0432\u0456\u0439\u043d\u0443 \u0432 \u0423\u043a\u0440\u0430\u0457\u043d\u0456. \u0412 Berin \u0454 \u043c\u043e\u0436\u043b\u0438\u0432\u0456\u0441\u0442\u044c \u043f\u043e\u0441\u043f\u0456\u043b\u043a\u0443\u0432\u0430\u0442\u0438\u0441\u044f \u0437 \u043f\u0440\u043e\u0444\u0435\u0441\u0456\u043e\u043d\u0430\u043b\u0430\u043c\u0438, \u044f\u043a\u0456 \u043c\u0430\u044e\u0442\u044c \u043e\u0441\u0432\u0456\u0442\u0443 \u0442\u0430 \u0434\u043e\u0441\u0432\u0456\u0434 \u0440\u043e\u0431\u043e\u0442\u0438 \u0437 \u0433\u043e\u0440\u0435\u043c, \u0442\u0440\u0430\u0432\u043c\u043e\u044e \u0442\u0430 \u043a\u0440\u0438\u0437\u043e\u044e, \u0430 \u0442\u0430\u043a\u043e\u0436 \u0437\u0443\u0441\u0442\u0440\u0456\u0442\u0438\u0441\u044f \u0437 \u0456\u043d\u0448\u0438\u043c\u0438 \u043b\u044e\u0434\u044c\u043c\u0438, \u044f\u043a\u0456 \u043e\u043f\u0438\u043d\u0438\u043b\u0438\u0441\u044f \u0432 \u0441\u0445\u043e\u0436\u0456\u0439 \u0441\u0438\u0442\u0443\u0430\u0446\u0456\u0457. \u041f\u0435\u0440\u0435\u0434 \u0432\u0456\u0434\u0432\u0456\u0434\u0443\u0432\u0430\u043d\u043d\u044f\u043c \u043a\u043e\u043d\u0441\u0443\u043b\u044c\u0442\u0430\u0446\u0456\u0457 \u0447\u0438 \u0433\u0440\u0443\u043f\u0438, \u043c\u0438 \u0437\u0430\u043f\u0440\u043e\u0441\u0438\u043c\u043e [&hellip;]<\/p>\n","protected":false},"author":2,"featured_media":0,"parent":0,"menu_order":7,"comment_status":"closed","ping_status":"closed","template":"","meta":{"_acf_changed":false,"footnotes":"","_links_to":"","_links_to_target":""},"class_list":["post-5012","page","type-page","status-publish","hentry"],"acf":[],"yoast_head":"<!-- This site is optimized with the Yoast SEO plugin v27.5 - https:\/\/yoast.com\/product\/yoast-seo-wordpress\/ -->\n<title>S\u00e1larhj\u00e1lp til ukrainar, sum eru fl\u00fdddir \u00far heimlandinum - Berin<\/title>\n<meta name=\"robots\" content=\"index, follow, max-snippet:-1, max-image-preview:large, max-video-preview:-1\" \/>\n<link rel=\"canonical\" href=\"https:\/\/www.berin.fo\/uk\/salarhjalp-til-ukrainar-sum-eru-flyddir-ur-heimlandinum\/\" \/>\n<meta property=\"og:locale\" content=\"uk_UA\" \/>\n<meta property=\"og:type\" content=\"article\" \/>\n<meta property=\"og:title\" content=\"S\u00e1larhj\u00e1lp til ukrainar, sum eru fl\u00fdddir \u00far heimlandinum - Berin\" \/>\n<meta property=\"og:description\" content=\"BERIN \u043f\u0440\u043e\u043f\u043e\u043d\u0443\u0454 \u044f\u043a \u0431\u0435\u0437\u043a\u043e\u0448\u0442\u043e\u0432\u043d\u0456 \u0456\u043d\u0434\u0438\u0432\u0456\u0434\u0443\u0430\u043b\u044c\u043d\u0456 \u043a\u043e\u043d\u0441\u0443\u043b\u044c\u0442\u0430\u0446\u0456\u0457, \u0442\u0430\u043a \u0456 \u0433\u0440\u0443\u043f\u043e\u0432\u0456 \u0437\u0430\u043d\u044f\u0442\u0442\u044f \u0432\u0441\u0456\u043c, \u0445\u0442\u043e \u0431\u0443\u0432 \u0437\u043c\u0443\u0448\u0435\u043d\u0438\u0439 \u043f\u0435\u0440\u0435\u0457\u0445\u0430\u0442\u0438 \u0447\u0435\u0440\u0435\u0437 \u0432\u0456\u0439\u043d\u0443 \u0432 \u0423\u043a\u0440\u0430\u0457\u043d\u0456. \u0412 Berin \u0454 \u043c\u043e\u0436\u043b\u0438\u0432\u0456\u0441\u0442\u044c \u043f\u043e\u0441\u043f\u0456\u043b\u043a\u0443\u0432\u0430\u0442\u0438\u0441\u044f \u0437 \u043f\u0440\u043e\u0444\u0435\u0441\u0456\u043e\u043d\u0430\u043b\u0430\u043c\u0438, \u044f\u043a\u0456 \u043c\u0430\u044e\u0442\u044c \u043e\u0441\u0432\u0456\u0442\u0443 \u0442\u0430 \u0434\u043e\u0441\u0432\u0456\u0434 \u0440\u043e\u0431\u043e\u0442\u0438 \u0437 \u0433\u043e\u0440\u0435\u043c, \u0442\u0440\u0430\u0432\u043c\u043e\u044e \u0442\u0430 \u043a\u0440\u0438\u0437\u043e\u044e, \u0430 \u0442\u0430\u043a\u043e\u0436 \u0437\u0443\u0441\u0442\u0440\u0456\u0442\u0438\u0441\u044f \u0437 \u0456\u043d\u0448\u0438\u043c\u0438 \u043b\u044e\u0434\u044c\u043c\u0438, \u044f\u043a\u0456 \u043e\u043f\u0438\u043d\u0438\u043b\u0438\u0441\u044f \u0432 \u0441\u0445\u043e\u0436\u0456\u0439 \u0441\u0438\u0442\u0443\u0430\u0446\u0456\u0457. \u041f\u0435\u0440\u0435\u0434 \u0432\u0456\u0434\u0432\u0456\u0434\u0443\u0432\u0430\u043d\u043d\u044f\u043c \u043a\u043e\u043d\u0441\u0443\u043b\u044c\u0442\u0430\u0446\u0456\u0457 \u0447\u0438 \u0433\u0440\u0443\u043f\u0438, \u043c\u0438 \u0437\u0430\u043f\u0440\u043e\u0441\u0438\u043c\u043e [&hellip;]\" \/>\n<meta property=\"og:url\" content=\"https:\/\/www.berin.fo\/uk\/salarhjalp-til-ukrainar-sum-eru-flyddir-ur-heimlandinum\/\" \/>\n<meta property=\"og:site_name\" content=\"Berin\" \/>\n<meta property=\"article:modified_time\" content=\"2024-09-19T10:28:44+00:00\" \/>\n<meta property=\"og:image\" content=\"https:\/\/www.berin.fo\/wp-content\/uploads\/2024\/07\/Hevur-tu-flyggja-i-samband-vid-kriggid-i-Ukraina1.jpg\" \/>\n<meta name=\"twitter:card\" content=\"summary_large_image\" \/>\n<meta name=\"twitter:label1\" content=\"\u041f\u0440\u0438\u0431\u043b. \u0447\u0430\u0441 \u0447\u0438\u0442\u0430\u043d\u043d\u044f\" \/>\n\t<meta name=\"twitter:data1\" content=\"2 \u0445\u0432\u0438\u043b\u0438\u043d\u0438\" \/>\n<script type=\"application\/ld+json\" class=\"yoast-schema-graph\">{\"@context\":\"https:\\\/\\\/schema.org\",\"@graph\":[{\"@type\":\"WebPage\",\"@id\":\"https:\\\/\\\/www.berin.fo\\\/uk\\\/salarhjalp-til-ukrainar-sum-eru-flyddir-ur-heimlandinum\\\/\",\"url\":\"https:\\\/\\\/www.berin.fo\\\/uk\\\/salarhjalp-til-ukrainar-sum-eru-flyddir-ur-heimlandinum\\\/\",\"name\":\"S\u00e1larhj\u00e1lp til ukrainar, sum eru fl\u00fdddir \u00far heimlandinum - Berin\",\"isPartOf\":{\"@id\":\"https:\\\/\\\/www.berin.fo\\\/#website\"},\"primaryImageOfPage\":{\"@id\":\"https:\\\/\\\/www.berin.fo\\\/uk\\\/salarhjalp-til-ukrainar-sum-eru-flyddir-ur-heimlandinum\\\/#primaryimage\"},\"image\":{\"@id\":\"https:\\\/\\\/www.berin.fo\\\/uk\\\/salarhjalp-til-ukrainar-sum-eru-flyddir-ur-heimlandinum\\\/#primaryimage\"},\"thumbnailUrl\":\"https:\\\/\\\/www.berin.fo\\\/wp-content\\\/uploads\\\/2024\\\/07\\\/Hevur-tu-flyggja-i-samband-vid-kriggid-i-Ukraina1.jpg\",\"datePublished\":\"2024-07-12T09:47:02+00:00\",\"dateModified\":\"2024-09-19T10:28:44+00:00\",\"breadcrumb\":{\"@id\":\"https:\\\/\\\/www.berin.fo\\\/uk\\\/salarhjalp-til-ukrainar-sum-eru-flyddir-ur-heimlandinum\\\/#breadcrumb\"},\"inLanguage\":\"uk\",\"potentialAction\":[{\"@type\":\"ReadAction\",\"target\":[\"https:\\\/\\\/www.berin.fo\\\/uk\\\/salarhjalp-til-ukrainar-sum-eru-flyddir-ur-heimlandinum\\\/\"]}]},{\"@type\":\"ImageObject\",\"inLanguage\":\"uk\",\"@id\":\"https:\\\/\\\/www.berin.fo\\\/uk\\\/salarhjalp-til-ukrainar-sum-eru-flyddir-ur-heimlandinum\\\/#primaryimage\",\"url\":\"https:\\\/\\\/www.berin.fo\\\/wp-content\\\/uploads\\\/2024\\\/07\\\/Hevur-tu-flyggja-i-samband-vid-kriggid-i-Ukraina1.jpg\",\"contentUrl\":\"https:\\\/\\\/www.berin.fo\\\/wp-content\\\/uploads\\\/2024\\\/07\\\/Hevur-tu-flyggja-i-samband-vid-kriggid-i-Ukraina1.jpg\"},{\"@type\":\"BreadcrumbList\",\"@id\":\"https:\\\/\\\/www.berin.fo\\\/uk\\\/salarhjalp-til-ukrainar-sum-eru-flyddir-ur-heimlandinum\\\/#breadcrumb\",\"itemListElement\":[{\"@type\":\"ListItem\",\"position\":1,\"name\":\"Home\",\"item\":\"https:\\\/\\\/www.berin.fo\\\/uk\\\/\"},{\"@type\":\"ListItem\",\"position\":2,\"name\":\"S\u00e1larhj\u00e1lp til ukrainar, sum eru fl\u00fdddir \u00far heimlandinum\"}]},{\"@type\":\"WebSite\",\"@id\":\"https:\\\/\\\/www.berin.fo\\\/#website\",\"url\":\"https:\\\/\\\/www.berin.fo\\\/\",\"name\":\"Berin\",\"description\":\"Berin\",\"potentialAction\":[{\"@type\":\"SearchAction\",\"target\":{\"@type\":\"EntryPoint\",\"urlTemplate\":\"https:\\\/\\\/www.berin.fo\\\/?s={search_term_string}\"},\"query-input\":{\"@type\":\"PropertyValueSpecification\",\"valueRequired\":true,\"valueName\":\"search_term_string\"}}],\"inLanguage\":\"uk\"}]}<\/script>\n<!-- \/ Yoast SEO plugin. -->","yoast_head_json":{"title":"S\u00e1larhj\u00e1lp til ukrainar, sum eru fl\u00fdddir \u00far heimlandinum - Berin","robots":{"index":"index","follow":"follow","max-snippet":"max-snippet:-1","max-image-preview":"max-image-preview:large","max-video-preview":"max-video-preview:-1"},"canonical":"https:\/\/www.berin.fo\/uk\/salarhjalp-til-ukrainar-sum-eru-flyddir-ur-heimlandinum\/","og_locale":"uk_UA","og_type":"article","og_title":"S\u00e1larhj\u00e1lp til ukrainar, sum eru fl\u00fdddir \u00far heimlandinum - Berin","og_description":"BERIN \u043f\u0440\u043e\u043f\u043e\u043d\u0443\u0454 \u044f\u043a \u0431\u0435\u0437\u043a\u043e\u0448\u0442\u043e\u0432\u043d\u0456 \u0456\u043d\u0434\u0438\u0432\u0456\u0434\u0443\u0430\u043b\u044c\u043d\u0456 \u043a\u043e\u043d\u0441\u0443\u043b\u044c\u0442\u0430\u0446\u0456\u0457, \u0442\u0430\u043a \u0456 \u0433\u0440\u0443\u043f\u043e\u0432\u0456 \u0437\u0430\u043d\u044f\u0442\u0442\u044f \u0432\u0441\u0456\u043c, \u0445\u0442\u043e \u0431\u0443\u0432 \u0437\u043c\u0443\u0448\u0435\u043d\u0438\u0439 \u043f\u0435\u0440\u0435\u0457\u0445\u0430\u0442\u0438 \u0447\u0435\u0440\u0435\u0437 \u0432\u0456\u0439\u043d\u0443 \u0432 \u0423\u043a\u0440\u0430\u0457\u043d\u0456. \u0412 Berin \u0454 \u043c\u043e\u0436\u043b\u0438\u0432\u0456\u0441\u0442\u044c \u043f\u043e\u0441\u043f\u0456\u043b\u043a\u0443\u0432\u0430\u0442\u0438\u0441\u044f \u0437 \u043f\u0440\u043e\u0444\u0435\u0441\u0456\u043e\u043d\u0430\u043b\u0430\u043c\u0438, \u044f\u043a\u0456 \u043c\u0430\u044e\u0442\u044c \u043e\u0441\u0432\u0456\u0442\u0443 \u0442\u0430 \u0434\u043e\u0441\u0432\u0456\u0434 \u0440\u043e\u0431\u043e\u0442\u0438 \u0437 \u0433\u043e\u0440\u0435\u043c, \u0442\u0440\u0430\u0432\u043c\u043e\u044e \u0442\u0430 \u043a\u0440\u0438\u0437\u043e\u044e, \u0430 \u0442\u0430\u043a\u043e\u0436 \u0437\u0443\u0441\u0442\u0440\u0456\u0442\u0438\u0441\u044f \u0437 \u0456\u043d\u0448\u0438\u043c\u0438 \u043b\u044e\u0434\u044c\u043c\u0438, \u044f\u043a\u0456 \u043e\u043f\u0438\u043d\u0438\u043b\u0438\u0441\u044f \u0432 \u0441\u0445\u043e\u0436\u0456\u0439 \u0441\u0438\u0442\u0443\u0430\u0446\u0456\u0457. \u041f\u0435\u0440\u0435\u0434 \u0432\u0456\u0434\u0432\u0456\u0434\u0443\u0432\u0430\u043d\u043d\u044f\u043c \u043a\u043e\u043d\u0441\u0443\u043b\u044c\u0442\u0430\u0446\u0456\u0457 \u0447\u0438 \u0433\u0440\u0443\u043f\u0438, \u043c\u0438 \u0437\u0430\u043f\u0440\u043e\u0441\u0438\u043c\u043e [&hellip;]","og_url":"https:\/\/www.berin.fo\/uk\/salarhjalp-til-ukrainar-sum-eru-flyddir-ur-heimlandinum\/","og_site_name":"Berin","article_modified_time":"2024-09-19T10:28:44+00:00","og_image":[{"url":"https:\/\/www.berin.fo\/wp-content\/uploads\/2024\/07\/Hevur-tu-flyggja-i-samband-vid-kriggid-i-Ukraina1.jpg","type":"","width":"","height":""}],"twitter_card":"summary_large_image","twitter_misc":{"\u041f\u0440\u0438\u0431\u043b. \u0447\u0430\u0441 \u0447\u0438\u0442\u0430\u043d\u043d\u044f":"2 \u0445\u0432\u0438\u043b\u0438\u043d\u0438"},"schema":{"@context":"https:\/\/schema.org","@graph":[{"@type":"WebPage","@id":"https:\/\/www.berin.fo\/uk\/salarhjalp-til-ukrainar-sum-eru-flyddir-ur-heimlandinum\/","url":"https:\/\/www.berin.fo\/uk\/salarhjalp-til-ukrainar-sum-eru-flyddir-ur-heimlandinum\/","name":"S\u00e1larhj\u00e1lp til ukrainar, sum eru fl\u00fdddir \u00far heimlandinum - Berin","isPartOf":{"@id":"https:\/\/www.berin.fo\/#website"},"primaryImageOfPage":{"@id":"https:\/\/www.berin.fo\/uk\/salarhjalp-til-ukrainar-sum-eru-flyddir-ur-heimlandinum\/#primaryimage"},"image":{"@id":"https:\/\/www.berin.fo\/uk\/salarhjalp-til-ukrainar-sum-eru-flyddir-ur-heimlandinum\/#primaryimage"},"thumbnailUrl":"https:\/\/www.berin.fo\/wp-content\/uploads\/2024\/07\/Hevur-tu-flyggja-i-samband-vid-kriggid-i-Ukraina1.jpg","datePublished":"2024-07-12T09:47:02+00:00","dateModified":"2024-09-19T10:28:44+00:00","breadcrumb":{"@id":"https:\/\/www.berin.fo\/uk\/salarhjalp-til-ukrainar-sum-eru-flyddir-ur-heimlandinum\/#breadcrumb"},"inLanguage":"uk","potentialAction":[{"@type":"ReadAction","target":["https:\/\/www.berin.fo\/uk\/salarhjalp-til-ukrainar-sum-eru-flyddir-ur-heimlandinum\/"]}]},{"@type":"ImageObject","inLanguage":"uk","@id":"https:\/\/www.berin.fo\/uk\/salarhjalp-til-ukrainar-sum-eru-flyddir-ur-heimlandinum\/#primaryimage","url":"https:\/\/www.berin.fo\/wp-content\/uploads\/2024\/07\/Hevur-tu-flyggja-i-samband-vid-kriggid-i-Ukraina1.jpg","contentUrl":"https:\/\/www.berin.fo\/wp-content\/uploads\/2024\/07\/Hevur-tu-flyggja-i-samband-vid-kriggid-i-Ukraina1.jpg"},{"@type":"BreadcrumbList","@id":"https:\/\/www.berin.fo\/uk\/salarhjalp-til-ukrainar-sum-eru-flyddir-ur-heimlandinum\/#breadcrumb","itemListElement":[{"@type":"ListItem","position":1,"name":"Home","item":"https:\/\/www.berin.fo\/uk\/"},{"@type":"ListItem","position":2,"name":"S\u00e1larhj\u00e1lp til ukrainar, sum eru fl\u00fdddir \u00far heimlandinum"}]},{"@type":"WebSite","@id":"https:\/\/www.berin.fo\/#website","url":"https:\/\/www.berin.fo\/","name":"Berin","description":"Berin","potentialAction":[{"@type":"SearchAction","target":{"@type":"EntryPoint","urlTemplate":"https:\/\/www.berin.fo\/?s={search_term_string}"},"query-input":{"@type":"PropertyValueSpecification","valueRequired":true,"valueName":"search_term_string"}}],"inLanguage":"uk"}]}},"_links":{"self":[{"href":"https:\/\/www.berin.fo\/uk\/wp-json\/wp\/v2\/pages\/5012","targetHints":{"allow":["GET"]}}],"collection":[{"href":"https:\/\/www.berin.fo\/uk\/wp-json\/wp\/v2\/pages"}],"about":[{"href":"https:\/\/www.berin.fo\/uk\/wp-json\/wp\/v2\/types\/page"}],"author":[{"embeddable":true,"href":"https:\/\/www.berin.fo\/uk\/wp-json\/wp\/v2\/users\/2"}],"replies":[{"embeddable":true,"href":"https:\/\/www.berin.fo\/uk\/wp-json\/wp\/v2\/comments?post=5012"}],"version-history":[{"count":15,"href":"https:\/\/www.berin.fo\/uk\/wp-json\/wp\/v2\/pages\/5012\/revisions"}],"predecessor-version":[{"id":5419,"href":"https:\/\/www.berin.fo\/uk\/wp-json\/wp\/v2\/pages\/5012\/revisions\/5419"}],"wp:attachment":[{"href":"https:\/\/www.berin.fo\/uk\/wp-json\/wp\/v2\/media?parent=5012"}],"curies":[{"name":"wp","href":"https:\/\/api.w.org\/{rel}","templated":true}]}}