{"id":4369,"date":"2021-10-14T21:37:17","date_gmt":"2021-10-14T21:37:17","guid":{"rendered":"https:\/\/www.berin.fo\/?page_id=4369"},"modified":"2023-08-24T15:40:09","modified_gmt":"2023-08-24T15:40:09","slug":"episode-1","status":"publish","type":"page","link":"https:\/\/www.berin.fo\/en\/podcast\/episode-1\/","title":{"rendered":"Episode 1"},"content":{"rendered":"\n<div style=\"height:60px\" aria-hidden=\"true\" class=\"wp-block-spacer\"><\/div>\n\n\n\n<h2 class=\"wp-block-heading\">Episode I: S\u00f3lv\u00e1 \u2013 \u201cSorgin byrja\u00f0i, t\u00e1 babba bleiv sj\u00fakur\u201d (\u2018The grief started when daddy got ill\u2019)<\/h2>\n\n\n\n<p><em>\u2018When the disease was diagnosed it was totally clear that this was a disease daddy would die of. It created a lot of uncertainty, anxiety and helplessness. None of us had any answer to anything, but it was important for us as a family to try to face the uncertainty together.\u2019<\/em><br><em>\u2013 S\u00f3lv\u00e1 Hjaltalin Olsen, episode I<\/em><\/p>\n\n\n\n<div style=\"height:40px\" aria-hidden=\"true\" class=\"wp-block-spacer\"><\/div>\n\n\n\n<figure class=\"wp-block-image size-large\"><img loading=\"lazy\" decoding=\"async\" width=\"1600\" height=\"1066\" src=\"https:\/\/www.berin.fo\/wp-content\/uploads\/2023\/02\/Poddvarp3-1-1600x1066.jpg\" alt=\"\" class=\"wp-image-2102\" srcset=\"https:\/\/www.berin.fo\/wp-content\/uploads\/2023\/02\/Poddvarp3-1-1600x1066.jpg 1600w, https:\/\/www.berin.fo\/wp-content\/uploads\/2023\/02\/Poddvarp3-1-800x533.jpg 800w, https:\/\/www.berin.fo\/wp-content\/uploads\/2023\/02\/Poddvarp3-1-768x512.jpg 768w, https:\/\/www.berin.fo\/wp-content\/uploads\/2023\/02\/Poddvarp3-1-200x133.jpg 200w, https:\/\/www.berin.fo\/wp-content\/uploads\/2023\/02\/Poddvarp3-1-1536x1024.jpg 1536w, https:\/\/www.berin.fo\/wp-content\/uploads\/2023\/02\/Poddvarp3-1-600x400.jpg 600w, https:\/\/www.berin.fo\/wp-content\/uploads\/2023\/02\/Poddvarp3-1.jpg 2048w\" sizes=\"auto, (max-width: 1600px) 100vw, 1600px\" \/><\/figure>\n\n\n\n<div style=\"height:40px\" aria-hidden=\"true\" class=\"wp-block-spacer\"><\/div>\n\n\n\n<p>In this first episode of our podcast series about grief, we hear about what it is like to be a child and young person with a seriously ill parent. We hear S\u00f3lv\u00e1 Hjaltalin Olsen explain how it affected her life when her father suddenly became seriously ill. How they as a family tried to be there for each other in that distressing and challenging period, which was marked by a lot of uncertainty, anxiety and helplessness.<\/p>\n\n\n\n<div style=\"height:40px\" aria-hidden=\"true\" class=\"wp-block-spacer\"><\/div>\n\n\n\n<iframe style=\"border-radius:12px\" src=\"https:\/\/open.spotify.com\/embed\/episode\/2mAneBdkf9eui8HyZb8mwO?utm_source=generator\" width=\"100%\" height=\"152\" frameborder=\"0\" allowfullscreen=\"\" allow=\"autoplay; clipboard-write; encrypted-media; fullscreen; picture-in-picture\" loading=\"lazy\"><\/iframe>\n\n\n\n<div style=\"height:100px\" aria-hidden=\"true\" class=\"wp-block-spacer\"><\/div>\n","protected":false},"excerpt":{"rendered":"<p>Episode I: S\u00f3lv\u00e1 \u2013 \u201cSorgin byrja\u00f0i, t\u00e1 babba bleiv sj\u00fakur\u201d (\u2018The grief started when daddy got ill\u2019) \u2018When the disease was diagnosed it was totally clear that this was a disease daddy would die of. It created a lot of uncertainty, anxiety and helplessness. None of us had any answer to anything, but it was [&hellip;]<\/p>\n","protected":false},"author":2,"featured_media":0,"parent":4366,"menu_order":0,"comment_status":"closed","ping_status":"closed","template":"","meta":{"_acf_changed":false,"footnotes":"","_links_to":"","_links_to_target":""},"class_list":["post-4369","page","type-page","status-publish","hentry"],"acf":[],"yoast_head":"<!-- This site is optimized with the Yoast SEO plugin v27.5 - https:\/\/yoast.com\/product\/yoast-seo-wordpress\/ -->\n<title>Episode 1 - Berin<\/title>\n<meta name=\"robots\" content=\"index, follow, max-snippet:-1, max-image-preview:large, max-video-preview:-1\" \/>\n<link rel=\"canonical\" href=\"https:\/\/www.berin.fo\/en\/podcast\/episode-1\/\" \/>\n<meta property=\"og:locale\" content=\"en_US\" \/>\n<meta property=\"og:type\" content=\"article\" \/>\n<meta property=\"og:title\" content=\"Episode 1 - Berin\" \/>\n<meta property=\"og:description\" content=\"Episode I: S\u00f3lv\u00e1 \u2013 \u201cSorgin byrja\u00f0i, t\u00e1 babba bleiv sj\u00fakur\u201d (\u2018The grief started when daddy got ill\u2019) \u2018When the disease was diagnosed it was totally clear that this was a disease daddy would die of. It created a lot of uncertainty, anxiety and helplessness. None of us had any answer to anything, but it was [&hellip;]\" \/>\n<meta property=\"og:url\" content=\"https:\/\/www.berin.fo\/en\/podcast\/episode-1\/\" \/>\n<meta property=\"og:site_name\" content=\"Berin\" \/>\n<meta property=\"article:modified_time\" content=\"2023-08-24T15:40:09+00:00\" \/>\n<meta property=\"og:image\" content=\"https:\/\/www.berin.fo\/wp-content\/uploads\/2023\/02\/Poddvarp3-1-1600x1066.jpg\" \/>\n<meta name=\"twitter:card\" content=\"summary_large_image\" \/>\n<meta name=\"twitter:label1\" content=\"Est. reading time\" \/>\n\t<meta name=\"twitter:data1\" content=\"2 minutes\" \/>\n<script type=\"application\/ld+json\" class=\"yoast-schema-graph\">{\"@context\":\"https:\\\/\\\/schema.org\",\"@graph\":[{\"@type\":\"WebPage\",\"@id\":\"https:\\\/\\\/www.berin.fo\\\/en\\\/podcast\\\/episode-1\\\/\",\"url\":\"https:\\\/\\\/www.berin.fo\\\/en\\\/podcast\\\/episode-1\\\/\",\"name\":\"Episode 1 - Berin\",\"isPartOf\":{\"@id\":\"https:\\\/\\\/www.berin.fo\\\/#website\"},\"primaryImageOfPage\":{\"@id\":\"https:\\\/\\\/www.berin.fo\\\/en\\\/podcast\\\/episode-1\\\/#primaryimage\"},\"image\":{\"@id\":\"https:\\\/\\\/www.berin.fo\\\/en\\\/podcast\\\/episode-1\\\/#primaryimage\"},\"thumbnailUrl\":\"https:\\\/\\\/www.berin.fo\\\/wp-content\\\/uploads\\\/2023\\\/02\\\/Poddvarp3-1-1600x1066.jpg\",\"datePublished\":\"2021-10-14T21:37:17+00:00\",\"dateModified\":\"2023-08-24T15:40:09+00:00\",\"breadcrumb\":{\"@id\":\"https:\\\/\\\/www.berin.fo\\\/en\\\/podcast\\\/episode-1\\\/#breadcrumb\"},\"inLanguage\":\"en-US\",\"potentialAction\":[{\"@type\":\"ReadAction\",\"target\":[\"https:\\\/\\\/www.berin.fo\\\/en\\\/podcast\\\/episode-1\\\/\"]}]},{\"@type\":\"ImageObject\",\"inLanguage\":\"en-US\",\"@id\":\"https:\\\/\\\/www.berin.fo\\\/en\\\/podcast\\\/episode-1\\\/#primaryimage\",\"url\":\"https:\\\/\\\/www.berin.fo\\\/wp-content\\\/uploads\\\/2023\\\/02\\\/Poddvarp3-1-1600x1066.jpg\",\"contentUrl\":\"https:\\\/\\\/www.berin.fo\\\/wp-content\\\/uploads\\\/2023\\\/02\\\/Poddvarp3-1-1600x1066.jpg\"},{\"@type\":\"BreadcrumbList\",\"@id\":\"https:\\\/\\\/www.berin.fo\\\/en\\\/podcast\\\/episode-1\\\/#breadcrumb\",\"itemListElement\":[{\"@type\":\"ListItem\",\"position\":1,\"name\":\"Home\",\"item\":\"https:\\\/\\\/www.berin.fo\\\/en\\\/\"},{\"@type\":\"ListItem\",\"position\":2,\"name\":\"Podcast\",\"item\":\"https:\\\/\\\/www.berin.fo\\\/en\\\/podcast\\\/\"},{\"@type\":\"ListItem\",\"position\":3,\"name\":\"Episode 1\"}]},{\"@type\":\"WebSite\",\"@id\":\"https:\\\/\\\/www.berin.fo\\\/#website\",\"url\":\"https:\\\/\\\/www.berin.fo\\\/\",\"name\":\"Berin\",\"description\":\"Berin\",\"potentialAction\":[{\"@type\":\"SearchAction\",\"target\":{\"@type\":\"EntryPoint\",\"urlTemplate\":\"https:\\\/\\\/www.berin.fo\\\/?s={search_term_string}\"},\"query-input\":{\"@type\":\"PropertyValueSpecification\",\"valueRequired\":true,\"valueName\":\"search_term_string\"}}],\"inLanguage\":\"en-US\"}]}<\/script>\n<!-- \/ Yoast SEO plugin. -->","yoast_head_json":{"title":"Episode 1 - Berin","robots":{"index":"index","follow":"follow","max-snippet":"max-snippet:-1","max-image-preview":"max-image-preview:large","max-video-preview":"max-video-preview:-1"},"canonical":"https:\/\/www.berin.fo\/en\/podcast\/episode-1\/","og_locale":"en_US","og_type":"article","og_title":"Episode 1 - Berin","og_description":"Episode I: S\u00f3lv\u00e1 \u2013 \u201cSorgin byrja\u00f0i, t\u00e1 babba bleiv sj\u00fakur\u201d (\u2018The grief started when daddy got ill\u2019) \u2018When the disease was diagnosed it was totally clear that this was a disease daddy would die of. It created a lot of uncertainty, anxiety and helplessness. None of us had any answer to anything, but it was [&hellip;]","og_url":"https:\/\/www.berin.fo\/en\/podcast\/episode-1\/","og_site_name":"Berin","article_modified_time":"2023-08-24T15:40:09+00:00","og_image":[{"url":"https:\/\/www.berin.fo\/wp-content\/uploads\/2023\/02\/Poddvarp3-1-1600x1066.jpg","type":"","width":"","height":""}],"twitter_card":"summary_large_image","twitter_misc":{"Est. reading time":"2 minutes"},"schema":{"@context":"https:\/\/schema.org","@graph":[{"@type":"WebPage","@id":"https:\/\/www.berin.fo\/en\/podcast\/episode-1\/","url":"https:\/\/www.berin.fo\/en\/podcast\/episode-1\/","name":"Episode 1 - Berin","isPartOf":{"@id":"https:\/\/www.berin.fo\/#website"},"primaryImageOfPage":{"@id":"https:\/\/www.berin.fo\/en\/podcast\/episode-1\/#primaryimage"},"image":{"@id":"https:\/\/www.berin.fo\/en\/podcast\/episode-1\/#primaryimage"},"thumbnailUrl":"https:\/\/www.berin.fo\/wp-content\/uploads\/2023\/02\/Poddvarp3-1-1600x1066.jpg","datePublished":"2021-10-14T21:37:17+00:00","dateModified":"2023-08-24T15:40:09+00:00","breadcrumb":{"@id":"https:\/\/www.berin.fo\/en\/podcast\/episode-1\/#breadcrumb"},"inLanguage":"en-US","potentialAction":[{"@type":"ReadAction","target":["https:\/\/www.berin.fo\/en\/podcast\/episode-1\/"]}]},{"@type":"ImageObject","inLanguage":"en-US","@id":"https:\/\/www.berin.fo\/en\/podcast\/episode-1\/#primaryimage","url":"https:\/\/www.berin.fo\/wp-content\/uploads\/2023\/02\/Poddvarp3-1-1600x1066.jpg","contentUrl":"https:\/\/www.berin.fo\/wp-content\/uploads\/2023\/02\/Poddvarp3-1-1600x1066.jpg"},{"@type":"BreadcrumbList","@id":"https:\/\/www.berin.fo\/en\/podcast\/episode-1\/#breadcrumb","itemListElement":[{"@type":"ListItem","position":1,"name":"Home","item":"https:\/\/www.berin.fo\/en\/"},{"@type":"ListItem","position":2,"name":"Podcast","item":"https:\/\/www.berin.fo\/en\/podcast\/"},{"@type":"ListItem","position":3,"name":"Episode 1"}]},{"@type":"WebSite","@id":"https:\/\/www.berin.fo\/#website","url":"https:\/\/www.berin.fo\/","name":"Berin","description":"Berin","potentialAction":[{"@type":"SearchAction","target":{"@type":"EntryPoint","urlTemplate":"https:\/\/www.berin.fo\/?s={search_term_string}"},"query-input":{"@type":"PropertyValueSpecification","valueRequired":true,"valueName":"search_term_string"}}],"inLanguage":"en-US"}]}},"_links":{"self":[{"href":"https:\/\/www.berin.fo\/en\/wp-json\/wp\/v2\/pages\/4369","targetHints":{"allow":["GET"]}}],"collection":[{"href":"https:\/\/www.berin.fo\/en\/wp-json\/wp\/v2\/pages"}],"about":[{"href":"https:\/\/www.berin.fo\/en\/wp-json\/wp\/v2\/types\/page"}],"author":[{"embeddable":true,"href":"https:\/\/www.berin.fo\/en\/wp-json\/wp\/v2\/users\/2"}],"replies":[{"embeddable":true,"href":"https:\/\/www.berin.fo\/en\/wp-json\/wp\/v2\/comments?post=4369"}],"version-history":[{"count":2,"href":"https:\/\/www.berin.fo\/en\/wp-json\/wp\/v2\/pages\/4369\/revisions"}],"predecessor-version":[{"id":4376,"href":"https:\/\/www.berin.fo\/en\/wp-json\/wp\/v2\/pages\/4369\/revisions\/4376"}],"up":[{"embeddable":true,"href":"https:\/\/www.berin.fo\/en\/wp-json\/wp\/v2\/pages\/4366"}],"wp:attachment":[{"href":"https:\/\/www.berin.fo\/en\/wp-json\/wp\/v2\/media?parent=4369"}],"curies":[{"name":"wp","href":"https:\/\/api.w.org\/{rel}","templated":true}]}}