{"id":4366,"date":"2021-10-14T21:37:17","date_gmt":"2021-10-14T21:37:17","guid":{"rendered":"https:\/\/www.berin.fo\/?page_id=4366"},"modified":"2024-02-06T08:43:39","modified_gmt":"2024-02-06T08:43:39","slug":"podcast","status":"publish","type":"page","link":"https:\/\/www.berin.fo\/en\/podcast\/","title":{"rendered":"Podcast"},"content":{"rendered":"\n<div class=\"wp-block-cover alignfull is-light\" style=\"min-height:530px;aspect-ratio:unset;\"><span aria-hidden=\"true\" class=\"wp-block-cover__background has-background-dim-0 has-background-dim\"><\/span><img loading=\"lazy\" decoding=\"async\" width=\"1640\" height=\"624\" class=\"wp-block-cover__image-background wp-image-1071\" alt=\"\" src=\"http:\/\/www.berin.fo\/wp-content\/uploads\/2022\/08\/Egsakniteg_logo_cover_facebook-1.jpg\" data-object-fit=\"cover\" srcset=\"https:\/\/www.berin.fo\/wp-content\/uploads\/2022\/08\/Egsakniteg_logo_cover_facebook-1.jpg 1640w, https:\/\/www.berin.fo\/wp-content\/uploads\/2022\/08\/Egsakniteg_logo_cover_facebook-1-800x304.jpg 800w, https:\/\/www.berin.fo\/wp-content\/uploads\/2022\/08\/Egsakniteg_logo_cover_facebook-1-1600x609.jpg 1600w, https:\/\/www.berin.fo\/wp-content\/uploads\/2022\/08\/Egsakniteg_logo_cover_facebook-1-768x292.jpg 768w, https:\/\/www.berin.fo\/wp-content\/uploads\/2022\/08\/Egsakniteg_logo_cover_facebook-1-200x76.jpg 200w, https:\/\/www.berin.fo\/wp-content\/uploads\/2022\/08\/Egsakniteg_logo_cover_facebook-1-1536x584.jpg 1536w, https:\/\/www.berin.fo\/wp-content\/uploads\/2022\/08\/Egsakniteg_logo_cover_facebook-1-600x228.jpg 600w\" sizes=\"auto, (max-width: 1640px) 100vw, 1640px\" \/><div class=\"wp-block-cover__inner-container is-layout-flow wp-block-cover-is-layout-flow\">\n<h1 class=\"wp-block-heading has-text-align-center has-white-color has-text-color\"><\/h1>\n<\/div><\/div>\n\n\n\n<div style=\"height:40px\" aria-hidden=\"true\" class=\"wp-block-spacer\"><\/div>\n\n\n\n<p class=\"has-dark-green-color has-text-color\"><em>Eg sakni teg <\/em>(I miss you) is Berin\u2019s podcast series in which we examine the subject of grief. We meet some of the people who come to Berin and hear their story. L\u00edv H\u00f8jsted Horsdal, who is a psychologist working with Berin, hosts the series and leads us through the episodes about grief, longing and hope. The purpose of the podcasts is to talk openly about how tough and senseless things can feel in the hope that you, who also miss someone, feel a little less lonely and different in your grief.<\/p>\n\n\n\n<div style=\"height:40px\" aria-hidden=\"true\" class=\"wp-block-spacer\"><\/div>\n\n\n\n<div class=\"wp-block-columns is-layout-flex wp-container-core-columns-is-layout-9d6595d7 wp-block-columns-is-layout-flex\">\n<div class=\"wp-block-column is-layout-flow wp-block-column-is-layout-flow\">\n<div>\n            <a\n            href=\"https:\/\/www.berin.fo\/en\/podcast\/episode-1\/\"\n        >\n            \n\n<h2 class=\"wp-block-heading has-green-color has-text-color\">Podcast about being a child or young person with a seriously ill parent<\/h2>\n\n\n\n<div class=\"wp-block-cover is-light\" style=\"min-height:500px;aspect-ratio:unset;\"><span aria-hidden=\"true\" class=\"wp-block-cover__background has-background-dim-20 has-background-dim\"><\/span><img loading=\"lazy\" decoding=\"async\" width=\"2048\" height=\"1365\" class=\"wp-block-cover__image-background wp-image-2102\" alt=\"\" src=\"https:\/\/www.berin.fo\/wp-content\/uploads\/2023\/02\/Poddvarp3-1.jpg\" data-object-fit=\"cover\" srcset=\"https:\/\/www.berin.fo\/wp-content\/uploads\/2023\/02\/Poddvarp3-1.jpg 2048w, https:\/\/www.berin.fo\/wp-content\/uploads\/2023\/02\/Poddvarp3-1-800x533.jpg 800w, https:\/\/www.berin.fo\/wp-content\/uploads\/2023\/02\/Poddvarp3-1-1600x1066.jpg 1600w, https:\/\/www.berin.fo\/wp-content\/uploads\/2023\/02\/Poddvarp3-1-768x512.jpg 768w, https:\/\/www.berin.fo\/wp-content\/uploads\/2023\/02\/Poddvarp3-1-200x133.jpg 200w, https:\/\/www.berin.fo\/wp-content\/uploads\/2023\/02\/Poddvarp3-1-1536x1024.jpg 1536w, https:\/\/www.berin.fo\/wp-content\/uploads\/2023\/02\/Poddvarp3-1-600x400.jpg 600w\" sizes=\"auto, (max-width: 2048px) 100vw, 2048px\" \/><div class=\"wp-block-cover__inner-container is-layout-flow wp-block-cover-is-layout-flow\">\n<h2 class=\"wp-block-heading has-white-color has-text-color has-medium-font-size\">Episode I: S\u00f3lv\u00e1 \u2013 \u201cSorgin byrja\u00f0i, t\u00e1 babba bleiv sj\u00fakur\u201d (\u2018The grief started when daddy got ill\u2019)<\/h2>\n\n\n\n<p class=\"has-text-align-center has-white-color has-text-color has-large-font-size\">Listen here<\/p>\n<\/div><\/div>\n\n\n        <\/a>\n    <\/div><\/div>\n\n\n\n<div class=\"wp-block-column is-layout-flow wp-block-column-is-layout-flow\">\n<div>\n            <a\n            href=\"https:\/\/www.berin.fo\/en\/podcast\/episode-2\/\"\n        >\n            \n\n<h2 class=\"wp-block-heading has-green-color has-text-color\">Podcast about being a teenager and loosing a parent<\/h2>\n\n\n\n<div class=\"wp-block-cover is-light\" style=\"min-height:500px;aspect-ratio:unset;\"><span aria-hidden=\"true\" class=\"wp-block-cover__background has-background-dim-20 has-background-dim\"><\/span><img loading=\"lazy\" decoding=\"async\" width=\"2048\" height=\"1365\" class=\"wp-block-cover__image-background wp-image-2121\" alt=\"\" src=\"https:\/\/www.berin.fo\/wp-content\/uploads\/2023\/02\/Poddvarp4.jpg\" data-object-fit=\"cover\" srcset=\"https:\/\/www.berin.fo\/wp-content\/uploads\/2023\/02\/Poddvarp4.jpg 2048w, https:\/\/www.berin.fo\/wp-content\/uploads\/2023\/02\/Poddvarp4-800x533.jpg 800w, https:\/\/www.berin.fo\/wp-content\/uploads\/2023\/02\/Poddvarp4-1600x1066.jpg 1600w, https:\/\/www.berin.fo\/wp-content\/uploads\/2023\/02\/Poddvarp4-768x512.jpg 768w, https:\/\/www.berin.fo\/wp-content\/uploads\/2023\/02\/Poddvarp4-200x133.jpg 200w, https:\/\/www.berin.fo\/wp-content\/uploads\/2023\/02\/Poddvarp4-1536x1024.jpg 1536w, https:\/\/www.berin.fo\/wp-content\/uploads\/2023\/02\/Poddvarp4-600x400.jpg 600w\" sizes=\"auto, (max-width: 2048px) 100vw, 2048px\" \/><div class=\"wp-block-cover__inner-container is-layout-flow wp-block-cover-is-layout-flow\">\n<h2 class=\"wp-block-heading has-text-align-left has-white-color has-text-color has-medium-font-size\">Episode II: J\u00f3run \u2013 \u201c<em>Eg sakni babba hv\u00f8nn dag\u201d<\/em> (\u2018I miss dad every day\u2019)<\/h2>\n\n\n\n<p class=\"has-text-align-center has-white-color has-text-color has-large-font-size\">Listen here<\/p>\n<\/div><\/div>\n\n\n        <\/a>\n    <\/div><\/div>\n<\/div>\n\n\n\n<div style=\"height:30px\" aria-hidden=\"true\" class=\"wp-block-spacer\"><\/div>\n\n\n\n<div class=\"wp-block-columns is-layout-flex wp-container-core-columns-is-layout-9d6595d7 wp-block-columns-is-layout-flex\">\n<div class=\"wp-block-column is-layout-flow wp-block-column-is-layout-flow\">\n<div>\n            <a\n            href=\"https:\/\/www.berin.fo\/en\/podcast\/episode-3\/\"\n        >\n            \n\n<h2 class=\"wp-block-heading has-green-color has-text-color\">Podcast about being a parent and loosing an infant<\/h2>\n\n\n\n<div class=\"wp-block-cover is-light\" style=\"min-height:500px;aspect-ratio:unset;\"><span aria-hidden=\"true\" class=\"wp-block-cover__background has-background-dim-20 has-background-dim\"><\/span><img loading=\"lazy\" decoding=\"async\" width=\"1600\" height=\"1066\" class=\"wp-block-cover__image-background wp-image-1166\" alt=\"\" src=\"https:\/\/www.berin.fo\/wp-content\/uploads\/2022\/10\/DSC_0287-1-1600x1066.jpg\" data-object-fit=\"cover\" srcset=\"https:\/\/www.berin.fo\/wp-content\/uploads\/2022\/10\/DSC_0287-1-1600x1066.jpg 1600w, https:\/\/www.berin.fo\/wp-content\/uploads\/2022\/10\/DSC_0287-1-800x533.jpg 800w, https:\/\/www.berin.fo\/wp-content\/uploads\/2022\/10\/DSC_0287-1-768x512.jpg 768w, https:\/\/www.berin.fo\/wp-content\/uploads\/2022\/10\/DSC_0287-1-200x133.jpg 200w, https:\/\/www.berin.fo\/wp-content\/uploads\/2022\/10\/DSC_0287-1-1536x1024.jpg 1536w, https:\/\/www.berin.fo\/wp-content\/uploads\/2022\/10\/DSC_0287-1-600x400.jpg 600w, https:\/\/www.berin.fo\/wp-content\/uploads\/2022\/10\/DSC_0287-1.jpg 2048w\" sizes=\"auto, (max-width: 1600px) 100vw, 1600px\" \/><div class=\"wp-block-cover__inner-container is-layout-flow wp-block-cover-is-layout-flow\">\n<h2 class=\"wp-block-heading has-text-align-left has-white-color has-text-color has-medium-font-size\">Episode III: Oddfr\u00ed\u00f0a and Bent Johnny \u2013 \u201c<em>Barnavognurin skiftur um vi\u00f0 eina kistu\u201d<\/em> (\u2018The pram exchanged for a coffin\u2019)<\/h2>\n\n\n\n<p class=\"has-text-align-center has-white-color has-text-color has-large-font-size\">Listen here<\/p>\n<\/div><\/div>\n\n\n        <\/a>\n    <\/div><\/div>\n\n\n\n<div class=\"wp-block-column is-layout-flow wp-block-column-is-layout-flow\"><\/div>\n<\/div>\n\n\n\n<div style=\"height:60px\" aria-hidden=\"true\" class=\"wp-block-spacer\"><\/div>\n\n\n\n<div class=\"wp-block-media-text is-stacked-on-mobile\" style=\"grid-template-columns:28% auto\"><figure class=\"wp-block-media-text__media\"><img loading=\"lazy\" decoding=\"async\" width=\"1067\" height=\"1600\" src=\"https:\/\/www.berin.fo\/wp-content\/uploads\/2023\/02\/Liv-1-1067x1600.jpg\" alt=\"\" class=\"wp-image-2519 size-full\" srcset=\"https:\/\/www.berin.fo\/wp-content\/uploads\/2023\/02\/Liv-1-1067x1600.jpg 1067w, https:\/\/www.berin.fo\/wp-content\/uploads\/2023\/02\/Liv-1-533x800.jpg 533w, https:\/\/www.berin.fo\/wp-content\/uploads\/2023\/02\/Liv-1-768x1152.jpg 768w, https:\/\/www.berin.fo\/wp-content\/uploads\/2023\/02\/Liv-1-133x200.jpg 133w, https:\/\/www.berin.fo\/wp-content\/uploads\/2023\/02\/Liv-1-1024x1536.jpg 1024w, https:\/\/www.berin.fo\/wp-content\/uploads\/2023\/02\/Liv-1-1365x2048.jpg 1365w, https:\/\/www.berin.fo\/wp-content\/uploads\/2023\/02\/Liv-1-600x900.jpg 600w, https:\/\/www.berin.fo\/wp-content\/uploads\/2023\/02\/Liv-1.jpg 1707w\" sizes=\"auto, (max-width: 1067px) 100vw, 1067px\" \/><\/figure><div class=\"wp-block-media-text__content\">\n<p><em>Eg sakni teg <\/em>(I miss you)is Berin\u2019s podcast series in which we examine the subject of grief. We meet some of the people who come to Berin and hear their story. <\/p>\n\n\n\n<p>L\u00edv H\u00f8jsted Horsdal, who is a psychologist working with Berin, hosts the series and leads us through the episodes about grief, longing and hope. <\/p>\n\n\n\n<p>The purpose of the podcasts is to talk openly about how tough and senseless things can feel in the hope that you, who also miss someone, feel a little less lonely and different in your grief.<\/p>\n<\/div><\/div>\n\n\n\n<div style=\"height:80px\" aria-hidden=\"true\" class=\"wp-block-spacer\"><\/div>\n","protected":false},"excerpt":{"rendered":"<p>Eg sakni teg (I miss you) is Berin\u2019s podcast series in which we examine the subject of grief. We meet some of the people who come to Berin and hear their story. L\u00edv H\u00f8jsted Horsdal, who is a psychologist working with Berin, hosts the series and leads us through the episodes about grief, longing and [&hellip;]<\/p>\n","protected":false},"author":2,"featured_media":0,"parent":0,"menu_order":10,"comment_status":"closed","ping_status":"closed","template":"","meta":{"_acf_changed":false,"footnotes":"","_links_to":"","_links_to_target":""},"class_list":["post-4366","page","type-page","status-publish","hentry"],"acf":[],"yoast_head":"<!-- This site is optimized with the Yoast SEO plugin v27.5 - https:\/\/yoast.com\/product\/yoast-seo-wordpress\/ -->\n<title>Podcast - Berin<\/title>\n<meta name=\"robots\" content=\"index, follow, max-snippet:-1, max-image-preview:large, max-video-preview:-1\" \/>\n<link rel=\"canonical\" href=\"https:\/\/www.berin.fo\/en\/podcast\/\" \/>\n<meta property=\"og:locale\" content=\"en_US\" \/>\n<meta property=\"og:type\" content=\"article\" \/>\n<meta property=\"og:title\" content=\"Podcast - Berin\" \/>\n<meta property=\"og:description\" content=\"Eg sakni teg (I miss you) is Berin\u2019s podcast series in which we examine the subject of grief. We meet some of the people who come to Berin and hear their story. L\u00edv H\u00f8jsted Horsdal, who is a psychologist working with Berin, hosts the series and leads us through the episodes about grief, longing and [&hellip;]\" \/>\n<meta property=\"og:url\" content=\"https:\/\/www.berin.fo\/en\/podcast\/\" \/>\n<meta property=\"og:site_name\" content=\"Berin\" \/>\n<meta property=\"article:modified_time\" content=\"2024-02-06T08:43:39+00:00\" \/>\n<meta property=\"og:image\" content=\"http:\/\/www.berin.fo\/wp-content\/uploads\/2022\/08\/Egsakniteg_logo_cover_facebook-1.jpg\" \/>\n<meta name=\"twitter:card\" content=\"summary_large_image\" \/>\n<meta name=\"twitter:label1\" content=\"Est. reading time\" \/>\n\t<meta name=\"twitter:data1\" content=\"3 minutes\" \/>\n<script type=\"application\/ld+json\" class=\"yoast-schema-graph\">{\"@context\":\"https:\\\/\\\/schema.org\",\"@graph\":[{\"@type\":\"WebPage\",\"@id\":\"https:\\\/\\\/www.berin.fo\\\/en\\\/podcast\\\/\",\"url\":\"https:\\\/\\\/www.berin.fo\\\/en\\\/podcast\\\/\",\"name\":\"Podcast - Berin\",\"isPartOf\":{\"@id\":\"https:\\\/\\\/www.berin.fo\\\/#website\"},\"primaryImageOfPage\":{\"@id\":\"https:\\\/\\\/www.berin.fo\\\/en\\\/podcast\\\/#primaryimage\"},\"image\":{\"@id\":\"https:\\\/\\\/www.berin.fo\\\/en\\\/podcast\\\/#primaryimage\"},\"thumbnailUrl\":\"http:\\\/\\\/www.berin.fo\\\/wp-content\\\/uploads\\\/2022\\\/08\\\/Egsakniteg_logo_cover_facebook-1.jpg\",\"datePublished\":\"2021-10-14T21:37:17+00:00\",\"dateModified\":\"2024-02-06T08:43:39+00:00\",\"breadcrumb\":{\"@id\":\"https:\\\/\\\/www.berin.fo\\\/en\\\/podcast\\\/#breadcrumb\"},\"inLanguage\":\"en-US\",\"potentialAction\":[{\"@type\":\"ReadAction\",\"target\":[\"https:\\\/\\\/www.berin.fo\\\/en\\\/podcast\\\/\"]}]},{\"@type\":\"ImageObject\",\"inLanguage\":\"en-US\",\"@id\":\"https:\\\/\\\/www.berin.fo\\\/en\\\/podcast\\\/#primaryimage\",\"url\":\"http:\\\/\\\/www.berin.fo\\\/wp-content\\\/uploads\\\/2022\\\/08\\\/Egsakniteg_logo_cover_facebook-1.jpg\",\"contentUrl\":\"http:\\\/\\\/www.berin.fo\\\/wp-content\\\/uploads\\\/2022\\\/08\\\/Egsakniteg_logo_cover_facebook-1.jpg\"},{\"@type\":\"BreadcrumbList\",\"@id\":\"https:\\\/\\\/www.berin.fo\\\/en\\\/podcast\\\/#breadcrumb\",\"itemListElement\":[{\"@type\":\"ListItem\",\"position\":1,\"name\":\"Home\",\"item\":\"https:\\\/\\\/www.berin.fo\\\/en\\\/\"},{\"@type\":\"ListItem\",\"position\":2,\"name\":\"Podcast\"}]},{\"@type\":\"WebSite\",\"@id\":\"https:\\\/\\\/www.berin.fo\\\/#website\",\"url\":\"https:\\\/\\\/www.berin.fo\\\/\",\"name\":\"Berin\",\"description\":\"Berin\",\"potentialAction\":[{\"@type\":\"SearchAction\",\"target\":{\"@type\":\"EntryPoint\",\"urlTemplate\":\"https:\\\/\\\/www.berin.fo\\\/?s={search_term_string}\"},\"query-input\":{\"@type\":\"PropertyValueSpecification\",\"valueRequired\":true,\"valueName\":\"search_term_string\"}}],\"inLanguage\":\"en-US\"}]}<\/script>\n<!-- \/ Yoast SEO plugin. -->","yoast_head_json":{"title":"Podcast - Berin","robots":{"index":"index","follow":"follow","max-snippet":"max-snippet:-1","max-image-preview":"max-image-preview:large","max-video-preview":"max-video-preview:-1"},"canonical":"https:\/\/www.berin.fo\/en\/podcast\/","og_locale":"en_US","og_type":"article","og_title":"Podcast - Berin","og_description":"Eg sakni teg (I miss you) is Berin\u2019s podcast series in which we examine the subject of grief. We meet some of the people who come to Berin and hear their story. L\u00edv H\u00f8jsted Horsdal, who is a psychologist working with Berin, hosts the series and leads us through the episodes about grief, longing and [&hellip;]","og_url":"https:\/\/www.berin.fo\/en\/podcast\/","og_site_name":"Berin","article_modified_time":"2024-02-06T08:43:39+00:00","og_image":[{"url":"http:\/\/www.berin.fo\/wp-content\/uploads\/2022\/08\/Egsakniteg_logo_cover_facebook-1.jpg","type":"","width":"","height":""}],"twitter_card":"summary_large_image","twitter_misc":{"Est. reading time":"3 minutes"},"schema":{"@context":"https:\/\/schema.org","@graph":[{"@type":"WebPage","@id":"https:\/\/www.berin.fo\/en\/podcast\/","url":"https:\/\/www.berin.fo\/en\/podcast\/","name":"Podcast - Berin","isPartOf":{"@id":"https:\/\/www.berin.fo\/#website"},"primaryImageOfPage":{"@id":"https:\/\/www.berin.fo\/en\/podcast\/#primaryimage"},"image":{"@id":"https:\/\/www.berin.fo\/en\/podcast\/#primaryimage"},"thumbnailUrl":"http:\/\/www.berin.fo\/wp-content\/uploads\/2022\/08\/Egsakniteg_logo_cover_facebook-1.jpg","datePublished":"2021-10-14T21:37:17+00:00","dateModified":"2024-02-06T08:43:39+00:00","breadcrumb":{"@id":"https:\/\/www.berin.fo\/en\/podcast\/#breadcrumb"},"inLanguage":"en-US","potentialAction":[{"@type":"ReadAction","target":["https:\/\/www.berin.fo\/en\/podcast\/"]}]},{"@type":"ImageObject","inLanguage":"en-US","@id":"https:\/\/www.berin.fo\/en\/podcast\/#primaryimage","url":"http:\/\/www.berin.fo\/wp-content\/uploads\/2022\/08\/Egsakniteg_logo_cover_facebook-1.jpg","contentUrl":"http:\/\/www.berin.fo\/wp-content\/uploads\/2022\/08\/Egsakniteg_logo_cover_facebook-1.jpg"},{"@type":"BreadcrumbList","@id":"https:\/\/www.berin.fo\/en\/podcast\/#breadcrumb","itemListElement":[{"@type":"ListItem","position":1,"name":"Home","item":"https:\/\/www.berin.fo\/en\/"},{"@type":"ListItem","position":2,"name":"Podcast"}]},{"@type":"WebSite","@id":"https:\/\/www.berin.fo\/#website","url":"https:\/\/www.berin.fo\/","name":"Berin","description":"Berin","potentialAction":[{"@type":"SearchAction","target":{"@type":"EntryPoint","urlTemplate":"https:\/\/www.berin.fo\/?s={search_term_string}"},"query-input":{"@type":"PropertyValueSpecification","valueRequired":true,"valueName":"search_term_string"}}],"inLanguage":"en-US"}]}},"_links":{"self":[{"href":"https:\/\/www.berin.fo\/en\/wp-json\/wp\/v2\/pages\/4366","targetHints":{"allow":["GET"]}}],"collection":[{"href":"https:\/\/www.berin.fo\/en\/wp-json\/wp\/v2\/pages"}],"about":[{"href":"https:\/\/www.berin.fo\/en\/wp-json\/wp\/v2\/types\/page"}],"author":[{"embeddable":true,"href":"https:\/\/www.berin.fo\/en\/wp-json\/wp\/v2\/users\/2"}],"replies":[{"embeddable":true,"href":"https:\/\/www.berin.fo\/en\/wp-json\/wp\/v2\/comments?post=4366"}],"version-history":[{"count":13,"href":"https:\/\/www.berin.fo\/en\/wp-json\/wp\/v2\/pages\/4366\/revisions"}],"predecessor-version":[{"id":4802,"href":"https:\/\/www.berin.fo\/en\/wp-json\/wp\/v2\/pages\/4366\/revisions\/4802"}],"wp:attachment":[{"href":"https:\/\/www.berin.fo\/en\/wp-json\/wp\/v2\/media?parent=4366"}],"curies":[{"name":"wp","href":"https:\/\/api.w.org\/{rel}","templated":true}]}}