{"id":3783,"date":"2021-10-14T21:37:17","date_gmt":"2021-10-14T21:37:17","guid":{"rendered":"https:\/\/www.berin.fo\/?page_id=3783"},"modified":"2023-07-04T08:22:57","modified_gmt":"2023-07-04T08:22:57","slug":"this-is-where-you-can-find-us","status":"publish","type":"page","link":"https:\/\/www.berin.fo\/en\/about-berin\/this-is-where-you-can-find-us\/","title":{"rendered":"This is where you can find us"},"content":{"rendered":"\n<div class=\"wp-block-cover alignfull is-light\"><span aria-hidden=\"true\" class=\"wp-block-cover__background has-background-dim\"><\/span><img loading=\"lazy\" decoding=\"async\" width=\"2048\" height=\"1365\" class=\"wp-block-cover__image-background wp-image-1984\" alt=\"\" src=\"https:\/\/www.berin.fo\/wp-content\/uploads\/2023\/02\/Bolkar9.jpg\" data-object-fit=\"cover\" srcset=\"https:\/\/www.berin.fo\/wp-content\/uploads\/2023\/02\/Bolkar9.jpg 2048w, https:\/\/www.berin.fo\/wp-content\/uploads\/2023\/02\/Bolkar9-800x533.jpg 800w, https:\/\/www.berin.fo\/wp-content\/uploads\/2023\/02\/Bolkar9-1600x1066.jpg 1600w, https:\/\/www.berin.fo\/wp-content\/uploads\/2023\/02\/Bolkar9-768x512.jpg 768w, https:\/\/www.berin.fo\/wp-content\/uploads\/2023\/02\/Bolkar9-200x133.jpg 200w, https:\/\/www.berin.fo\/wp-content\/uploads\/2023\/02\/Bolkar9-1536x1024.jpg 1536w, https:\/\/www.berin.fo\/wp-content\/uploads\/2023\/02\/Bolkar9-600x400.jpg 600w\" sizes=\"auto, (max-width: 2048px) 100vw, 2048px\" \/><div class=\"wp-block-cover__inner-container is-layout-flow wp-block-cover-is-layout-flow\">\n<h2 class=\"wp-block-heading has-text-align-center has-white-color has-text-color has-large-font-size\">This is where you can find us<\/h2>\n<\/div><\/div>\n\n\n\n<div style=\"height:30px\" aria-hidden=\"true\" class=\"wp-block-spacer\"><\/div>\n\n\n\n<div class=\"wp-block-columns is-layout-flex wp-container-core-columns-is-layout-9d6595d7 wp-block-columns-is-layout-flex\">\n<div class=\"wp-block-column is-vertically-aligned-center is-layout-flow wp-block-column-is-layout-flow\" style=\"flex-basis:100%\">\n<p>In the bright yellow house at <strong>Niels Finsens g\u00f8ta 32<\/strong>\u00a0you will find Berin. We are across from Finsen and next to the theatre Sj\u00f3naleikarh\u00fasi\u00f0. That is where we offer our advice, support and counselling sessions, therapy and grief groups. We have designed our premises to make them cosy and welcoming, so that it feels safe and warm here.<\/p>\n<\/div>\n<\/div>\n\n\n\n<h2 class=\"wp-block-heading has-green-color has-text-color\">Phone, write or chat<\/h2>\n\n\n\n<p>You are welcome to get in touch with us and learn more about what we offer. We are available Monday to Friday from 9 am to 3 pm. If we can\u2019t pick up the phone, we will call you back as soon as possible. You can also chat with us on Mondays from 11 am to 1 pm.<\/p>\n\n\n\n<p class=\"has-text-align-center\"><strong>Address:<\/strong> Niels Finsens g\u00f8ta 32, FO-100 T\u00f3rshavn<\/p>\n\n\n\n<p class=\"has-text-align-center\"><strong>Telephone:<\/strong> <a href=\"tel:222993\">+298 222993<\/a><\/p>\n\n\n\n<p class=\"has-text-align-center\"><strong>E-mail:<\/strong> <a href=\"mailto:berin@berin.fo\">berin@berin.fo<\/a><\/p>\n\n\n\n<div style=\"height:30px\" aria-hidden=\"true\" class=\"wp-block-spacer\"><\/div>\n\n\n\n<div class=\"wp-block-columns is-layout-flex wp-container-core-columns-is-layout-9d6595d7 wp-block-columns-is-layout-flex\">\n<div class=\"wp-block-column is-layout-flow wp-block-column-is-layout-flow\" style=\"flex-basis:50%\">\n<figure class=\"wp-block-image\"><img loading=\"lazy\" decoding=\"async\" width=\"535\" height=\"590\" src=\"http:\/\/www.berin.fo\/wp-content\/uploads\/2021\/11\/Mynd-av-budstadi1.png\" alt=\"\" class=\"wp-image-595\" srcset=\"https:\/\/www.berin.fo\/wp-content\/uploads\/2021\/11\/Mynd-av-budstadi1.png 535w, https:\/\/www.berin.fo\/wp-content\/uploads\/2021\/11\/Mynd-av-budstadi1-181x200.png 181w\" sizes=\"auto, (max-width: 535px) 100vw, 535px\" \/><\/figure>\n<\/div>\n\n\n\n<div class=\"wp-block-column is-layout-flow wp-block-column-is-layout-flow\" style=\"flex-basis:50%\">\n<h2 class=\"wp-block-heading has-green-color has-text-color\">Parking<\/h2>\n\n\n\n<p>There isn\u2019t much parking in central T\u00f3rshavn. You can park your car in the parking lot in front of or behind Sj\u00f3nleikarh\u00fasi\u00f0, on Sv\u00ednaryggur or on Sk\u00e1latr\u00f8\u00f0, where parking is allowed for 8 hours.<\/p>\n<\/div>\n<\/div>\n\n\n\n<div style=\"height:60px\" aria-hidden=\"true\" class=\"wp-block-spacer\"><\/div>\n","protected":false},"excerpt":{"rendered":"<p>In the bright yellow house at Niels Finsens g\u00f8ta 32\u00a0you will find Berin. We are across from Finsen and next to the theatre Sj\u00f3naleikarh\u00fasi\u00f0. That is where we offer our advice, support and counselling sessions, therapy and grief groups. We have designed our premises to make them cosy and welcoming, so that it feels safe [&hellip;]<\/p>\n","protected":false},"author":2,"featured_media":0,"parent":3703,"menu_order":5,"comment_status":"closed","ping_status":"closed","template":"","meta":{"_acf_changed":false,"footnotes":"","_links_to":"","_links_to_target":""},"class_list":["post-3783","page","type-page","status-publish","hentry"],"acf":[],"yoast_head":"<!-- This site is optimized with the Yoast SEO plugin v27.5 - https:\/\/yoast.com\/product\/yoast-seo-wordpress\/ -->\n<title>This is where you can find us - Berin<\/title>\n<meta name=\"robots\" content=\"index, follow, max-snippet:-1, max-image-preview:large, max-video-preview:-1\" \/>\n<link rel=\"canonical\" href=\"https:\/\/www.berin.fo\/en\/about-berin\/this-is-where-you-can-find-us\/\" \/>\n<meta property=\"og:locale\" content=\"en_US\" \/>\n<meta property=\"og:type\" content=\"article\" \/>\n<meta property=\"og:title\" content=\"This is where you can find us - Berin\" \/>\n<meta property=\"og:description\" content=\"In the bright yellow house at Niels Finsens g\u00f8ta 32\u00a0you will find Berin. We are across from Finsen and next to the theatre Sj\u00f3naleikarh\u00fasi\u00f0. That is where we offer our advice, support and counselling sessions, therapy and grief groups. We have designed our premises to make them cosy and welcoming, so that it feels safe [&hellip;]\" \/>\n<meta property=\"og:url\" content=\"https:\/\/www.berin.fo\/en\/about-berin\/this-is-where-you-can-find-us\/\" \/>\n<meta property=\"og:site_name\" content=\"Berin\" \/>\n<meta property=\"article:modified_time\" content=\"2023-07-04T08:22:57+00:00\" \/>\n<meta property=\"og:image\" content=\"https:\/\/www.berin.fo\/wp-content\/uploads\/2023\/02\/Bolkar9.jpg\" \/>\n<meta name=\"twitter:card\" content=\"summary_large_image\" \/>\n<meta name=\"twitter:label1\" content=\"Est. reading time\" \/>\n\t<meta name=\"twitter:data1\" content=\"2 minutes\" \/>\n<script type=\"application\/ld+json\" class=\"yoast-schema-graph\">{\"@context\":\"https:\\\/\\\/schema.org\",\"@graph\":[{\"@type\":\"WebPage\",\"@id\":\"https:\\\/\\\/www.berin.fo\\\/en\\\/about-berin\\\/this-is-where-you-can-find-us\\\/\",\"url\":\"https:\\\/\\\/www.berin.fo\\\/en\\\/about-berin\\\/this-is-where-you-can-find-us\\\/\",\"name\":\"This is where you can find us - Berin\",\"isPartOf\":{\"@id\":\"https:\\\/\\\/www.berin.fo\\\/#website\"},\"primaryImageOfPage\":{\"@id\":\"https:\\\/\\\/www.berin.fo\\\/en\\\/about-berin\\\/this-is-where-you-can-find-us\\\/#primaryimage\"},\"image\":{\"@id\":\"https:\\\/\\\/www.berin.fo\\\/en\\\/about-berin\\\/this-is-where-you-can-find-us\\\/#primaryimage\"},\"thumbnailUrl\":\"https:\\\/\\\/www.berin.fo\\\/wp-content\\\/uploads\\\/2023\\\/02\\\/Bolkar9.jpg\",\"datePublished\":\"2021-10-14T21:37:17+00:00\",\"dateModified\":\"2023-07-04T08:22:57+00:00\",\"breadcrumb\":{\"@id\":\"https:\\\/\\\/www.berin.fo\\\/en\\\/about-berin\\\/this-is-where-you-can-find-us\\\/#breadcrumb\"},\"inLanguage\":\"en-US\",\"potentialAction\":[{\"@type\":\"ReadAction\",\"target\":[\"https:\\\/\\\/www.berin.fo\\\/en\\\/about-berin\\\/this-is-where-you-can-find-us\\\/\"]}]},{\"@type\":\"ImageObject\",\"inLanguage\":\"en-US\",\"@id\":\"https:\\\/\\\/www.berin.fo\\\/en\\\/about-berin\\\/this-is-where-you-can-find-us\\\/#primaryimage\",\"url\":\"https:\\\/\\\/www.berin.fo\\\/wp-content\\\/uploads\\\/2023\\\/02\\\/Bolkar9.jpg\",\"contentUrl\":\"https:\\\/\\\/www.berin.fo\\\/wp-content\\\/uploads\\\/2023\\\/02\\\/Bolkar9.jpg\"},{\"@type\":\"BreadcrumbList\",\"@id\":\"https:\\\/\\\/www.berin.fo\\\/en\\\/about-berin\\\/this-is-where-you-can-find-us\\\/#breadcrumb\",\"itemListElement\":[{\"@type\":\"ListItem\",\"position\":1,\"name\":\"Home\",\"item\":\"https:\\\/\\\/www.berin.fo\\\/en\\\/\"},{\"@type\":\"ListItem\",\"position\":2,\"name\":\"About Berin\",\"item\":\"https:\\\/\\\/www.berin.fo\\\/en\\\/about-berin\\\/\"},{\"@type\":\"ListItem\",\"position\":3,\"name\":\"This is where you can find us\"}]},{\"@type\":\"WebSite\",\"@id\":\"https:\\\/\\\/www.berin.fo\\\/#website\",\"url\":\"https:\\\/\\\/www.berin.fo\\\/\",\"name\":\"Berin\",\"description\":\"Berin\",\"potentialAction\":[{\"@type\":\"SearchAction\",\"target\":{\"@type\":\"EntryPoint\",\"urlTemplate\":\"https:\\\/\\\/www.berin.fo\\\/?s={search_term_string}\"},\"query-input\":{\"@type\":\"PropertyValueSpecification\",\"valueRequired\":true,\"valueName\":\"search_term_string\"}}],\"inLanguage\":\"en-US\"}]}<\/script>\n<!-- \/ Yoast SEO plugin. -->","yoast_head_json":{"title":"This is where you can find us - Berin","robots":{"index":"index","follow":"follow","max-snippet":"max-snippet:-1","max-image-preview":"max-image-preview:large","max-video-preview":"max-video-preview:-1"},"canonical":"https:\/\/www.berin.fo\/en\/about-berin\/this-is-where-you-can-find-us\/","og_locale":"en_US","og_type":"article","og_title":"This is where you can find us - Berin","og_description":"In the bright yellow house at Niels Finsens g\u00f8ta 32\u00a0you will find Berin. We are across from Finsen and next to the theatre Sj\u00f3naleikarh\u00fasi\u00f0. That is where we offer our advice, support and counselling sessions, therapy and grief groups. We have designed our premises to make them cosy and welcoming, so that it feels safe [&hellip;]","og_url":"https:\/\/www.berin.fo\/en\/about-berin\/this-is-where-you-can-find-us\/","og_site_name":"Berin","article_modified_time":"2023-07-04T08:22:57+00:00","og_image":[{"url":"https:\/\/www.berin.fo\/wp-content\/uploads\/2023\/02\/Bolkar9.jpg","type":"","width":"","height":""}],"twitter_card":"summary_large_image","twitter_misc":{"Est. reading time":"2 minutes"},"schema":{"@context":"https:\/\/schema.org","@graph":[{"@type":"WebPage","@id":"https:\/\/www.berin.fo\/en\/about-berin\/this-is-where-you-can-find-us\/","url":"https:\/\/www.berin.fo\/en\/about-berin\/this-is-where-you-can-find-us\/","name":"This is where you can find us - Berin","isPartOf":{"@id":"https:\/\/www.berin.fo\/#website"},"primaryImageOfPage":{"@id":"https:\/\/www.berin.fo\/en\/about-berin\/this-is-where-you-can-find-us\/#primaryimage"},"image":{"@id":"https:\/\/www.berin.fo\/en\/about-berin\/this-is-where-you-can-find-us\/#primaryimage"},"thumbnailUrl":"https:\/\/www.berin.fo\/wp-content\/uploads\/2023\/02\/Bolkar9.jpg","datePublished":"2021-10-14T21:37:17+00:00","dateModified":"2023-07-04T08:22:57+00:00","breadcrumb":{"@id":"https:\/\/www.berin.fo\/en\/about-berin\/this-is-where-you-can-find-us\/#breadcrumb"},"inLanguage":"en-US","potentialAction":[{"@type":"ReadAction","target":["https:\/\/www.berin.fo\/en\/about-berin\/this-is-where-you-can-find-us\/"]}]},{"@type":"ImageObject","inLanguage":"en-US","@id":"https:\/\/www.berin.fo\/en\/about-berin\/this-is-where-you-can-find-us\/#primaryimage","url":"https:\/\/www.berin.fo\/wp-content\/uploads\/2023\/02\/Bolkar9.jpg","contentUrl":"https:\/\/www.berin.fo\/wp-content\/uploads\/2023\/02\/Bolkar9.jpg"},{"@type":"BreadcrumbList","@id":"https:\/\/www.berin.fo\/en\/about-berin\/this-is-where-you-can-find-us\/#breadcrumb","itemListElement":[{"@type":"ListItem","position":1,"name":"Home","item":"https:\/\/www.berin.fo\/en\/"},{"@type":"ListItem","position":2,"name":"About Berin","item":"https:\/\/www.berin.fo\/en\/about-berin\/"},{"@type":"ListItem","position":3,"name":"This is where you can find us"}]},{"@type":"WebSite","@id":"https:\/\/www.berin.fo\/#website","url":"https:\/\/www.berin.fo\/","name":"Berin","description":"Berin","potentialAction":[{"@type":"SearchAction","target":{"@type":"EntryPoint","urlTemplate":"https:\/\/www.berin.fo\/?s={search_term_string}"},"query-input":{"@type":"PropertyValueSpecification","valueRequired":true,"valueName":"search_term_string"}}],"inLanguage":"en-US"}]}},"_links":{"self":[{"href":"https:\/\/www.berin.fo\/en\/wp-json\/wp\/v2\/pages\/3783","targetHints":{"allow":["GET"]}}],"collection":[{"href":"https:\/\/www.berin.fo\/en\/wp-json\/wp\/v2\/pages"}],"about":[{"href":"https:\/\/www.berin.fo\/en\/wp-json\/wp\/v2\/types\/page"}],"author":[{"embeddable":true,"href":"https:\/\/www.berin.fo\/en\/wp-json\/wp\/v2\/users\/2"}],"replies":[{"embeddable":true,"href":"https:\/\/www.berin.fo\/en\/wp-json\/wp\/v2\/comments?post=3783"}],"version-history":[{"count":2,"href":"https:\/\/www.berin.fo\/en\/wp-json\/wp\/v2\/pages\/3783\/revisions"}],"predecessor-version":[{"id":3786,"href":"https:\/\/www.berin.fo\/en\/wp-json\/wp\/v2\/pages\/3783\/revisions\/3786"}],"up":[{"embeddable":true,"href":"https:\/\/www.berin.fo\/en\/wp-json\/wp\/v2\/pages\/3703"}],"wp:attachment":[{"href":"https:\/\/www.berin.fo\/en\/wp-json\/wp\/v2\/media?parent=3783"}],"curies":[{"name":"wp","href":"https:\/\/api.w.org\/{rel}","templated":true}]}}