{"id":3708,"date":"2021-10-14T21:37:17","date_gmt":"2021-10-14T21:37:17","guid":{"rendered":"https:\/\/www.berin.fo\/?page_id=3708"},"modified":"2024-07-19T09:09:25","modified_gmt":"2024-07-19T09:09:25","slug":"staff","status":"publish","type":"page","link":"https:\/\/www.berin.fo\/en\/about-berin\/staff\/","title":{"rendered":"Staff"},"content":{"rendered":"\n<h1 class=\"wp-block-heading has-green-color has-text-color\">Staff<\/h1>\n\n\n\n<p>At Berin we work together in a team made up of psychologists, health visitors, teachers and volunteers. &nbsp;<\/p>\n\n\n\n<div style=\"height:40px\" aria-hidden=\"true\" class=\"wp-block-spacer\"><\/div>\n\n\n\n<h2 class=\"wp-block-heading has-green-color has-text-color\">Permanent staff<\/h2>\n\n\n\n\n\n<div id=\"people-block_f795a5252f72c134df3b396cc3285d32\" class=\"lunnar-people\">\n\t \n    <div class=\"people-cards\">\n        \n<div class=\"people-card people-id-4562\">\n    <div class=\"people-card--content-image\">\n                    <img\n                src='https:\/\/www.berin.fo\/wp-content\/uploads\/2021\/09\/DSC_5532-533x800.jpg'\n                style='object-position: 50% 50%; object-fit: cover;'\n            \/>\n            <\/div>\n\t\n\t<div class=\"people-card--content-text\">\n        <h4>Oddv\u00f8r Poulsen<\/h4>\n        <p>Manager<\/p>\n\t<\/div>\n<\/div>\n\n<div class=\"people-card people-id-5298\">\n    <div class=\"people-card--content-image\">\n                    <img\n                src='https:\/\/www.berin.fo\/wp-content\/uploads\/2023\/06\/Var-533x800.jpg'\n                style='object-position: 50% 50%; object-fit: cover;'\n            \/>\n            <\/div>\n\t\n\t<div class=\"people-card--content-text\">\n        <h4>V\u00e1r Vang H\u00f8jsted<\/h4>\n        <p>Psychologist<\/p>\n\t<\/div>\n<\/div>\n\n<div class=\"people-card people-id-4480\">\n    <div class=\"people-card--content-image\">\n                    <img\n                src='https:\/\/www.berin.fo\/wp-content\/uploads\/2021\/09\/Frida-533x800.jpg'\n                style='object-position: 50% 50%; object-fit: cover;'\n            \/>\n            <\/div>\n\t\n\t<div class=\"people-card--content-text\">\n        <h4>Frida Poulsen<\/h4>\n        <p>Psychologist<\/p>\n\t<\/div>\n<\/div>\n    <\/div>\n<\/div>\n\n\n\n<h2 class=\"wp-block-heading has-green-color has-text-color\">Group leaders<\/h2>\n\n\n\n<p class=\"has-text-align-left\">When you are grieving it can be good to meet others in a similar situation. We would therefore like to invite you to take part in what we call a grief group. Here you can see the group leaders, who together with Berin\u2019s permanent staff every week lead our grief groups for children, young people and parents.<\/p>\n\n\n\n\n\n<div id=\"people-block_efbca54914082cdb247b67309aad3dc4\" class=\"lunnar-people\">\n\t \n    <div class=\"people-cards single\">\n        \n<div class=\"people-card people-id-4559\">\n    <div class=\"people-card--content-image\">\n                    <img\n                src='https:\/\/www.berin.fo\/wp-content\/uploads\/2021\/09\/DSC_5509-533x800.jpg'\n                style='object-position: 50% 50%; object-fit: cover;'\n            \/>\n            <\/div>\n\t\n\t<div class=\"people-card--content-text\">\n        <h4>Gunnv\u00e1 H\u00f8jgaard Mohr<\/h4>\n        <p>Teacher<\/p>\n\t<\/div>\n<\/div>\n    <\/div>\n<\/div>\n\n\n\n<h2 class=\"wp-block-heading has-green-color has-text-color\">Volunteers<\/h2>\n\n\n\n<p class=\"has-text-align-left\">These are our volunteers \u2013 some of them have been in a similar situation as you. They are ready to be by your side in your grief.<\/p>\n\n\n\n\n\n<div id=\"people-block_8bde11abbaa0cace561981daf4b998de\" class=\"lunnar-people\">\n\t \n    <div class=\"people-cards\">\n        \n<div class=\"people-card people-id-5299\">\n    <div class=\"people-card--content-image\">\n                    <img\n                src='https:\/\/www.berin.fo\/wp-content\/uploads\/2021\/09\/DSC_6112-533x800.jpg'\n                style='object-position: 50% 50%; object-fit: cover;'\n            \/>\n            <\/div>\n\t\n\t<div class=\"people-card--content-text\">\n        <h4>D\u00f8gg N\u00f3nsgj\u00f3gv<\/h4>\n        <p>Volunteer<\/p>\n\t<\/div>\n<\/div>\n\n<div class=\"people-card people-id-4551\">\n    <div class=\"people-card--content-image\">\n                    <img\n                src='https:\/\/www.berin.fo\/wp-content\/uploads\/2023\/07\/Rannva-533x800.jpg'\n                style='object-position: 50% 50%; object-fit: cover;'\n            \/>\n            <\/div>\n\t\n\t<div class=\"people-card--content-text\">\n        <h4>Rannv\u00e1 Arnad\u00f3ttir<\/h4>\n        <p>Volunteer<\/p>\n\t<\/div>\n<\/div>\n    <\/div>\n<\/div>\n\n\n\n<div style=\"height:80px\" aria-hidden=\"true\" class=\"wp-block-spacer\"><\/div>\n","protected":false},"excerpt":{"rendered":"<p>Staff At Berin we work together in a team made up of psychologists, health visitors, teachers and volunteers. &nbsp; Permanent staff Group leaders When you are grieving it can be good to meet others in a similar situation. We would therefore like to invite you to take part in what we call a grief group. [&hellip;]<\/p>\n","protected":false},"author":1,"featured_media":0,"parent":3703,"menu_order":3,"comment_status":"closed","ping_status":"closed","template":"","meta":{"_acf_changed":false,"footnotes":"","_links_to":"","_links_to_target":""},"class_list":["post-3708","page","type-page","status-publish","hentry"],"acf":[],"yoast_head":"<!-- This site is optimized with the Yoast SEO plugin v27.5 - https:\/\/yoast.com\/product\/yoast-seo-wordpress\/ -->\n<title>Staff - Berin<\/title>\n<meta name=\"robots\" content=\"index, follow, max-snippet:-1, max-image-preview:large, max-video-preview:-1\" \/>\n<link rel=\"canonical\" href=\"https:\/\/www.berin.fo\/en\/about-berin\/staff\/\" \/>\n<meta property=\"og:locale\" content=\"en_US\" \/>\n<meta property=\"og:type\" content=\"article\" \/>\n<meta property=\"og:title\" content=\"Staff - Berin\" \/>\n<meta property=\"og:description\" content=\"Staff At Berin we work together in a team made up of psychologists, health visitors, teachers and volunteers. &nbsp; Permanent staff Group leaders When you are grieving it can be good to meet others in a similar situation. We would therefore like to invite you to take part in what we call a grief group. [&hellip;]\" \/>\n<meta property=\"og:url\" content=\"https:\/\/www.berin.fo\/en\/about-berin\/staff\/\" \/>\n<meta property=\"og:site_name\" content=\"Berin\" \/>\n<meta property=\"article:modified_time\" content=\"2024-07-19T09:09:25+00:00\" \/>\n<meta name=\"twitter:card\" content=\"summary_large_image\" \/>\n<meta name=\"twitter:label1\" content=\"Est. reading time\" \/>\n\t<meta name=\"twitter:data1\" content=\"1 minute\" \/>\n<script type=\"application\/ld+json\" class=\"yoast-schema-graph\">{\"@context\":\"https:\\\/\\\/schema.org\",\"@graph\":[{\"@type\":\"WebPage\",\"@id\":\"https:\\\/\\\/www.berin.fo\\\/en\\\/about-berin\\\/staff\\\/\",\"url\":\"https:\\\/\\\/www.berin.fo\\\/en\\\/about-berin\\\/staff\\\/\",\"name\":\"Staff - Berin\",\"isPartOf\":{\"@id\":\"https:\\\/\\\/www.berin.fo\\\/#website\"},\"datePublished\":\"2021-10-14T21:37:17+00:00\",\"dateModified\":\"2024-07-19T09:09:25+00:00\",\"breadcrumb\":{\"@id\":\"https:\\\/\\\/www.berin.fo\\\/en\\\/about-berin\\\/staff\\\/#breadcrumb\"},\"inLanguage\":\"en-US\",\"potentialAction\":[{\"@type\":\"ReadAction\",\"target\":[\"https:\\\/\\\/www.berin.fo\\\/en\\\/about-berin\\\/staff\\\/\"]}]},{\"@type\":\"BreadcrumbList\",\"@id\":\"https:\\\/\\\/www.berin.fo\\\/en\\\/about-berin\\\/staff\\\/#breadcrumb\",\"itemListElement\":[{\"@type\":\"ListItem\",\"position\":1,\"name\":\"Home\",\"item\":\"https:\\\/\\\/www.berin.fo\\\/en\\\/\"},{\"@type\":\"ListItem\",\"position\":2,\"name\":\"About Berin\",\"item\":\"https:\\\/\\\/www.berin.fo\\\/en\\\/about-berin\\\/\"},{\"@type\":\"ListItem\",\"position\":3,\"name\":\"Staff\"}]},{\"@type\":\"WebSite\",\"@id\":\"https:\\\/\\\/www.berin.fo\\\/#website\",\"url\":\"https:\\\/\\\/www.berin.fo\\\/\",\"name\":\"Berin\",\"description\":\"Berin\",\"potentialAction\":[{\"@type\":\"SearchAction\",\"target\":{\"@type\":\"EntryPoint\",\"urlTemplate\":\"https:\\\/\\\/www.berin.fo\\\/?s={search_term_string}\"},\"query-input\":{\"@type\":\"PropertyValueSpecification\",\"valueRequired\":true,\"valueName\":\"search_term_string\"}}],\"inLanguage\":\"en-US\"}]}<\/script>\n<!-- \/ Yoast SEO plugin. -->","yoast_head_json":{"title":"Staff - Berin","robots":{"index":"index","follow":"follow","max-snippet":"max-snippet:-1","max-image-preview":"max-image-preview:large","max-video-preview":"max-video-preview:-1"},"canonical":"https:\/\/www.berin.fo\/en\/about-berin\/staff\/","og_locale":"en_US","og_type":"article","og_title":"Staff - Berin","og_description":"Staff At Berin we work together in a team made up of psychologists, health visitors, teachers and volunteers. &nbsp; Permanent staff Group leaders When you are grieving it can be good to meet others in a similar situation. We would therefore like to invite you to take part in what we call a grief group. [&hellip;]","og_url":"https:\/\/www.berin.fo\/en\/about-berin\/staff\/","og_site_name":"Berin","article_modified_time":"2024-07-19T09:09:25+00:00","twitter_card":"summary_large_image","twitter_misc":{"Est. reading time":"1 minute"},"schema":{"@context":"https:\/\/schema.org","@graph":[{"@type":"WebPage","@id":"https:\/\/www.berin.fo\/en\/about-berin\/staff\/","url":"https:\/\/www.berin.fo\/en\/about-berin\/staff\/","name":"Staff - Berin","isPartOf":{"@id":"https:\/\/www.berin.fo\/#website"},"datePublished":"2021-10-14T21:37:17+00:00","dateModified":"2024-07-19T09:09:25+00:00","breadcrumb":{"@id":"https:\/\/www.berin.fo\/en\/about-berin\/staff\/#breadcrumb"},"inLanguage":"en-US","potentialAction":[{"@type":"ReadAction","target":["https:\/\/www.berin.fo\/en\/about-berin\/staff\/"]}]},{"@type":"BreadcrumbList","@id":"https:\/\/www.berin.fo\/en\/about-berin\/staff\/#breadcrumb","itemListElement":[{"@type":"ListItem","position":1,"name":"Home","item":"https:\/\/www.berin.fo\/en\/"},{"@type":"ListItem","position":2,"name":"About Berin","item":"https:\/\/www.berin.fo\/en\/about-berin\/"},{"@type":"ListItem","position":3,"name":"Staff"}]},{"@type":"WebSite","@id":"https:\/\/www.berin.fo\/#website","url":"https:\/\/www.berin.fo\/","name":"Berin","description":"Berin","potentialAction":[{"@type":"SearchAction","target":{"@type":"EntryPoint","urlTemplate":"https:\/\/www.berin.fo\/?s={search_term_string}"},"query-input":{"@type":"PropertyValueSpecification","valueRequired":true,"valueName":"search_term_string"}}],"inLanguage":"en-US"}]}},"_links":{"self":[{"href":"https:\/\/www.berin.fo\/en\/wp-json\/wp\/v2\/pages\/3708","targetHints":{"allow":["GET"]}}],"collection":[{"href":"https:\/\/www.berin.fo\/en\/wp-json\/wp\/v2\/pages"}],"about":[{"href":"https:\/\/www.berin.fo\/en\/wp-json\/wp\/v2\/types\/page"}],"author":[{"embeddable":true,"href":"https:\/\/www.berin.fo\/en\/wp-json\/wp\/v2\/users\/1"}],"replies":[{"embeddable":true,"href":"https:\/\/www.berin.fo\/en\/wp-json\/wp\/v2\/comments?post=3708"}],"version-history":[{"count":16,"href":"https:\/\/www.berin.fo\/en\/wp-json\/wp\/v2\/pages\/3708\/revisions"}],"predecessor-version":[{"id":5330,"href":"https:\/\/www.berin.fo\/en\/wp-json\/wp\/v2\/pages\/3708\/revisions\/5330"}],"up":[{"embeddable":true,"href":"https:\/\/www.berin.fo\/en\/wp-json\/wp\/v2\/pages\/3703"}],"wp:attachment":[{"href":"https:\/\/www.berin.fo\/en\/wp-json\/wp\/v2\/media?parent=3708"}],"curies":[{"name":"wp","href":"https:\/\/api.w.org\/{rel}","templated":true}]}}