{"id":3700,"date":"2021-10-14T21:37:17","date_gmt":"2021-10-14T21:37:17","guid":{"rendered":"https:\/\/www.berin.fo\/hvat-er-berin\/"},"modified":"2024-07-11T13:50:52","modified_gmt":"2024-07-11T13:50:52","slug":"what-is-berin","status":"publish","type":"page","link":"https:\/\/www.berin.fo\/en\/about-berin\/what-is-berin\/","title":{"rendered":"What is Berin?"},"content":{"rendered":"\n<div class=\"wp-block-cover alignfull is-light\" style=\"min-height:716px;aspect-ratio:unset;\"><span aria-hidden=\"true\" class=\"wp-block-cover__background has-background-dim-10 has-background-dim\"><\/span><img loading=\"lazy\" decoding=\"async\" width=\"2048\" height=\"1365\" class=\"wp-block-cover__image-background wp-image-1059\" alt=\"\" src=\"http:\/\/www.berin.fo\/wp-content\/uploads\/2022\/08\/DSC_1328.jpg\" data-object-fit=\"cover\" srcset=\"https:\/\/www.berin.fo\/wp-content\/uploads\/2022\/08\/DSC_1328.jpg 2048w, https:\/\/www.berin.fo\/wp-content\/uploads\/2022\/08\/DSC_1328-800x533.jpg 800w, https:\/\/www.berin.fo\/wp-content\/uploads\/2022\/08\/DSC_1328-1600x1066.jpg 1600w, https:\/\/www.berin.fo\/wp-content\/uploads\/2022\/08\/DSC_1328-768x512.jpg 768w, https:\/\/www.berin.fo\/wp-content\/uploads\/2022\/08\/DSC_1328-200x133.jpg 200w, https:\/\/www.berin.fo\/wp-content\/uploads\/2022\/08\/DSC_1328-1536x1024.jpg 1536w, https:\/\/www.berin.fo\/wp-content\/uploads\/2022\/08\/DSC_1328-600x400.jpg 600w\" sizes=\"auto, (max-width: 2048px) 100vw, 2048px\" \/><div class=\"wp-block-cover__inner-container is-layout-flow wp-block-cover-is-layout-flow\">\n<h1 class=\"wp-block-heading alignwide has-text-align-left has-white-color has-text-color has-x-large-font-size\">What is Berin? <\/h1>\n\n\n\n<div class=\"wp-block-columns alignwide is-layout-flex wp-container-core-columns-is-layout-9d6595d7 wp-block-columns-is-layout-flex\">\n<div class=\"wp-block-column is-layout-flow wp-block-column-is-layout-flow\" style=\"flex-basis:55%\">\n<p class=\"has-white-color has-text-color has-medium-font-size\">Berin works to help grieving children and parents gradually become better at coping with the grief, and thereby have better chances of regaining a good and rich life, in which they develop and learn to live with the grief.<\/p>\n<\/div>\n\n\n\n<div class=\"wp-block-column is-layout-flow wp-block-column-is-layout-flow\"><\/div>\n<\/div>\n<\/div><\/div>\n\n\n\n<div style=\"height:40px\" aria-hidden=\"true\" class=\"wp-block-spacer\"><\/div>\n\n\n\n<h2 class=\"wp-block-heading has-text-align-left has-green-color has-text-color\">&#8220;A place where the light always gets in&#8221;<\/h2>\n\n\n\n<p>The name <em>Berin<\/em>&nbsp;means clearing in English. Often used about \u2018a clearing in the woods\u2019 a place where the sun always gets through. In Faroese we can also use the concept \u2018sita \u00e1 <em>beraj\u00f3lum,\u2019 <\/em>meaning to be defenceless, unsheltered out in the open. This is a sensation that those who have lost know all too well. In addition, the name Berin can make you think of <em>\u2018at bera\u2019<\/em>, meaning to carry. If we lift it together, the burden feels lighter.<\/p>\n\n\n\n<div style=\"height:40px\" aria-hidden=\"true\" class=\"wp-block-spacer\"><\/div>\n\n\n\n<div class=\"wp-block-media-text alignwide is-stacked-on-mobile\"><figure class=\"wp-block-media-text__media\"><img loading=\"lazy\" decoding=\"async\" width=\"1600\" height=\"1066\" src=\"http:\/\/www.berin.fo\/wp-content\/uploads\/2022\/10\/DSC_1302-1-1600x1066.jpg\" alt=\"\" class=\"wp-image-1202 size-full\" srcset=\"https:\/\/www.berin.fo\/wp-content\/uploads\/2022\/10\/DSC_1302-1-1600x1066.jpg 1600w, https:\/\/www.berin.fo\/wp-content\/uploads\/2022\/10\/DSC_1302-1-800x533.jpg 800w, https:\/\/www.berin.fo\/wp-content\/uploads\/2022\/10\/DSC_1302-1-768x512.jpg 768w, https:\/\/www.berin.fo\/wp-content\/uploads\/2022\/10\/DSC_1302-1-200x133.jpg 200w, https:\/\/www.berin.fo\/wp-content\/uploads\/2022\/10\/DSC_1302-1-1536x1024.jpg 1536w, https:\/\/www.berin.fo\/wp-content\/uploads\/2022\/10\/DSC_1302-1-600x400.jpg 600w, https:\/\/www.berin.fo\/wp-content\/uploads\/2022\/10\/DSC_1302-1.jpg 2048w\" sizes=\"auto, (max-width: 1600px) 100vw, 1600px\" \/><\/figure><div class=\"wp-block-media-text__content\">\n<p class=\"has-green-color has-text-color\"><strong>Berin offers professional support and help for:<\/strong><\/p>\n\n\n\n<ul class=\"wp-block-list\">\n<li>children and young people, who have lost a parent or sibling.<\/li>\n\n\n\n<li>children and young people, who have a seriously ill parent or sibling.<\/li>\n\n\n\n<li>parents, who have lost a child\/baby<\/li>\n<\/ul>\n\n\n\n<p class=\"has-green-color has-text-color\"><strong>The group and counselling sessions in Berin are for:<\/strong><\/p>\n\n\n\n<ul class=\"wp-block-list\">\n<li>children and youth aged 0-29 years of age.<\/li>\n\n\n\n<li>parents who have lost a child from the womb and up to 29 years.<\/li>\n<\/ul>\n<\/div><\/div>\n\n\n\n<div style=\"height:40px\" aria-hidden=\"true\" class=\"wp-block-spacer\"><\/div>\n\n\n\n<h2 class=\"wp-block-heading has-text-align-left has-green-color has-text-color\">Our story<\/h2>\n\n\n\n<p>Berin\u2019s story begins in 2002 when Anna Dalsgaard, teacher, and J\u00f3nger\u00f0 Poulsen, health visitor, through their work realise that there is an unmet need for support tailored to children who have lost a parent to death. In March 2003 they founded \u2018self-help groups for children and young persons, who have lost parents.\u2019 They designed the groups as a nationwide, interdisciplinary support measure. In august 2003 Oddv\u00f8r Poulsen, pedagogue, joined them as a group facilitator. From 2004 there were four group facilitators and the offer was expanded to children who had experienced the loss of a sibling. There were also ad-hoc groups for adults. That same year a meeting of interested parties was called and from it Berin was born.<\/p>\n\n\n\n<p>In 2014 Oddv\u00f8r Poulsen was appointed manager. Her first task was to oversee a transition to a formal structure taking Berin beyond a volunteer grouping. In March 2014 a general meeting was convened and Berin was founded as an association with a board and management. The next step was to coordinate group activities and expand the support offered to include individual and family counselling. Since then we have worked systematically to strengthen Berin\u2019s foundation and develop our work further. In 2015 the age limit of participants was expanded to youth in upper secondary education and later up to 29 years.<\/p>\n\n\n\n<p>The following year, in 2016, the group <em>Pinkubarnadey\u00f0i<\/em> (Infant Death) with Gunnv\u00e1 H\u00f8jgaard Mohr, teacher and Elin Ziska, health visitor, became part of Berin. With this we also developed regular support initiatives for parents, who had lost babies. Later the offer was expanded to parents, who have lost older children. Since 2016 we have gradually worked towards also encompassing children and youth, who have seriously ill parents or siblings. From longstanding experience we knew that in case of long-term illness, the grief begins long before the loss, this is known as anticipatory grief. Over the years Berin has also built up a larger network linking to other practitioners working in the field of grief, both abroad and nationally.<\/p>\n\n\n\n<p>In 2019 Frida Poulsen started working as a psychologist at Berin. As a teenager she lost her mother and took part in one of Berin\u2019s groups when she was younger. Since 2002 L\u00edv H\u00f8jsted Horsdal, chartered psychologist, has been appointed on a project basis at Berin.<\/p>\n\n\n\n<p>All these years we have worked systematically to raise awareness of the need for and the preventive and health promoting significance of this work. Another change that has occurred over these years is a shift in mentality in society, where grief has become less of a taboo.<\/p>\n\n\n\n<div style=\"height:40px\" aria-hidden=\"true\" class=\"wp-block-spacer\"><\/div>\n\n\n\n<h2 class=\"wp-block-heading has-green-color has-text-color\">&#8220;In the darkest moments, it is possible to look for a break in the clouds&#8221;<\/h2>\n\n\n\n<div class=\"wp-block-columns is-layout-flex wp-container-core-columns-is-layout-9d6595d7 wp-block-columns-is-layout-flex\">\n<div class=\"wp-block-column is-layout-flow wp-block-column-is-layout-flow\">\n<div style=\"height:20px\" aria-hidden=\"true\" class=\"wp-block-spacer\"><\/div>\n\n\n<div class=\"wp-block-image\">\n<figure class=\"aligncenter size-full is-resized\"><img loading=\"lazy\" decoding=\"async\" width=\"567\" height=\"567\" src=\"https:\/\/www.berin.fo\/wp-content\/uploads\/2023\/02\/Berin_logo_svart@1x-1.png\" alt=\"\" class=\"wp-image-1757\" style=\"width:260px;height:260px\" srcset=\"https:\/\/www.berin.fo\/wp-content\/uploads\/2023\/02\/Berin_logo_svart@1x-1.png 567w, https:\/\/www.berin.fo\/wp-content\/uploads\/2023\/02\/Berin_logo_svart@1x-1-300x300.png 300w, https:\/\/www.berin.fo\/wp-content\/uploads\/2023\/02\/Berin_logo_svart@1x-1-200x200.png 200w, https:\/\/www.berin.fo\/wp-content\/uploads\/2023\/02\/Berin_logo_svart@1x-1-100x100.png 100w\" sizes=\"auto, (max-width: 567px) 100vw, 567px\" \/><\/figure>\n<\/div><\/div>\n\n\n\n<div class=\"wp-block-column is-layout-flow wp-block-column-is-layout-flow\">\n<p>Our logo, which is a linocut by J\u00f3nger\u00f0 Poulsen, symbolises life with its light and dark sides. It is meant to remind us that even when everything looks the darkest, it is possible to look for a break in the clouds. And when everything looks bright, it is the black stripe that creates the pattern.<\/p>\n<\/div>\n<\/div>\n\n\n\n<div style=\"height:20px\" aria-hidden=\"true\" class=\"wp-block-spacer\"><\/div>\n\n\n\n<p>Berin is staffed by Oddv\u00f8r Poulsen, manager, Frida Poulsen, psychologist, and L\u00edv H\u00f8jsted Horsdal, chartered psychologist. In addition, Berin is made up of an interdisciplinary team of external group facilitators with relevant degrees, skills and training in grief and crisis..<\/p>\n\n\n\n\n\n<div id=\"people-block_43a1a3cbcaea969ba6a9c2e55d308294\" class=\"lunnar-people\">\n\t \n    <div class=\"people-cards\">\n        \n<div class=\"people-card people-id-4480\">\n    <div class=\"people-card--content-image\">\n                    <img\n                src='https:\/\/www.berin.fo\/wp-content\/uploads\/2021\/09\/Frida-533x800.jpg'\n                style='object-position: 50% 50%; object-fit: cover;'\n            \/>\n            <\/div>\n\t\n\t<div class=\"people-card--content-text\">\n        <h4>Frida Poulsen<\/h4>\n        <p>Psychologist<\/p>\n\t<\/div>\n<\/div>\n\n<div class=\"people-card people-id-5298\">\n    <div class=\"people-card--content-image\">\n                    <img\n                src='https:\/\/www.berin.fo\/wp-content\/uploads\/2023\/06\/Var-533x800.jpg'\n                style='object-position: 50% 50%; object-fit: cover;'\n            \/>\n            <\/div>\n\t\n\t<div class=\"people-card--content-text\">\n        <h4>V\u00e1r Vang H\u00f8jsted<\/h4>\n        <p>Psychologist<\/p>\n\t<\/div>\n<\/div>\n\n<div class=\"people-card people-id-4562\">\n    <div class=\"people-card--content-image\">\n                    <img\n                src='https:\/\/www.berin.fo\/wp-content\/uploads\/2021\/09\/DSC_5532-533x800.jpg'\n                style='object-position: 50% 50%; object-fit: cover;'\n            \/>\n            <\/div>\n\t\n\t<div class=\"people-card--content-text\">\n        <h4>Oddv\u00f8r Poulsen<\/h4>\n        <p>Manager<\/p>\n\t<\/div>\n<\/div>\n    <\/div>\n<\/div>\n\n\n\n<p>At the moment around 30 children and young people are in Berin\u2019s groups divided by age. In addition, Berin organises groups for parents who have lost a child, as well as for children with seriously ill parents.<\/p>\n\n\n\n<p>Berin also offers guidance and advice to next of kin and people who come into contact with people who are grieving through their work, we offer this support via e-mail, telephone and one-on-one conversations. In addition, Berin works with prevention and to raise awareness, for example through regular presentations in schools and kindergartens. We also sometimes visit the school classes of children who are linked to Berin. This is to foster understanding among classmates and teachers, and we provide guidance in how they can best support the child who has suffered a loss.<\/p>\n\n\n\n<div style=\"height:40px\" aria-hidden=\"true\" class=\"wp-block-spacer\"><\/div>\n\n\n\n<h2 class=\"wp-block-heading has-green-color has-text-color\">&#8216;The burden is easier if we <em>bear<\/em> it together&#8217;<\/h2>\n\n\n\n<p>It is always good to know someone who has been through the same as you. That is why Berin strives to create a community. <\/p>\n\n\n\n<p><\/p>\n\n\n\n<div style=\"height:20px\" aria-hidden=\"true\" class=\"wp-block-spacer\"><\/div>\n\n\n\n<p class=\"has-green-color has-text-color\"><strong>Family course<\/strong><\/p>\n\n\n\n<p>Every year since 2013 we have arranged an annual course at the folk high school, F\u00f8roya F\u00f3lkah\u00e1sk\u00fali, where anyone who has been associated with Berin has the opportunity to meet again and take part with their family. On the course there is scope for both fun and serious contemplation. Our very capable workshop leaders organise creative workshops that offer an opportunity to work in a different way with the thoughts and feelings that surface in the grief. There will be talks where young people and adults who have experienced loss tell their story, and experts will also shed light on relevant topics. There will also be room for fun and entertainment, including music, dancing and games.<\/p>\n\n\n\n<div style=\"height:20px\" aria-hidden=\"true\" class=\"wp-block-spacer\"><\/div>\n\n\n\n<p class=\"has-green-color has-text-color\"><strong>Youth caf\u00e9 evening<\/strong><\/p>\n\n\n\n<p>In 2015 we organised our first youth caf\u00e9 evening. The purpose of the initiative is to enable young people to meet and talk to other young people in a similar situation. The evening is for young people aged 16-28, who have lost one of their nearest, or know someone who has, this could be a friend, class mate or girlfriend\/boyfriend. The caf\u00e9 evenings are a regular arrangement and relevant topics about loss are on the programme each evening.<\/p>\n\n\n\n<div style=\"height:0px\" aria-hidden=\"true\" class=\"wp-block-spacer\"><\/div>\n\n\n\n<div style=\"height:60px\" aria-hidden=\"true\" class=\"wp-block-spacer\"><\/div>\n","protected":false},"excerpt":{"rendered":"<p>&#8220;A place where the light always gets in&#8221; The name Berin&nbsp;means clearing in English. Often used about \u2018a clearing in the woods\u2019 a place where the sun always gets through. In Faroese we can also use the concept \u2018sita \u00e1 beraj\u00f3lum,\u2019 meaning to be defenceless, unsheltered out in the open. This is a sensation that [&hellip;]<\/p>\n","protected":false},"author":3,"featured_media":0,"parent":3703,"menu_order":2,"comment_status":"closed","ping_status":"closed","template":"","meta":{"_acf_changed":false,"footnotes":"","_links_to":"","_links_to_target":""},"class_list":["post-3700","page","type-page","status-publish","hentry"],"acf":[],"yoast_head":"<!-- This site is optimized with the Yoast SEO plugin v27.4 - https:\/\/yoast.com\/product\/yoast-seo-wordpress\/ -->\n<title>What is Berin? - Berin<\/title>\n<meta name=\"robots\" content=\"index, follow, max-snippet:-1, max-image-preview:large, max-video-preview:-1\" \/>\n<link rel=\"canonical\" href=\"https:\/\/www.berin.fo\/en\/about-berin\/what-is-berin\/\" \/>\n<meta property=\"og:locale\" content=\"en_US\" \/>\n<meta property=\"og:type\" content=\"article\" \/>\n<meta property=\"og:title\" content=\"What is Berin? - Berin\" \/>\n<meta property=\"og:description\" content=\"&#8220;A place where the light always gets in&#8221; The name Berin&nbsp;means clearing in English. Often used about \u2018a clearing in the woods\u2019 a place where the sun always gets through. In Faroese we can also use the concept \u2018sita \u00e1 beraj\u00f3lum,\u2019 meaning to be defenceless, unsheltered out in the open. This is a sensation that [&hellip;]\" \/>\n<meta property=\"og:url\" content=\"https:\/\/www.berin.fo\/en\/about-berin\/what-is-berin\/\" \/>\n<meta property=\"og:site_name\" content=\"Berin\" \/>\n<meta property=\"article:modified_time\" content=\"2024-07-11T13:50:52+00:00\" \/>\n<meta property=\"og:image\" content=\"http:\/\/www.berin.fo\/wp-content\/uploads\/2022\/08\/DSC_1328.jpg\" \/>\n<meta name=\"twitter:card\" content=\"summary_large_image\" \/>\n<meta name=\"twitter:label1\" content=\"Est. reading time\" \/>\n\t<meta name=\"twitter:data1\" content=\"7 minutes\" \/>\n<script type=\"application\/ld+json\" class=\"yoast-schema-graph\">{\"@context\":\"https:\\\/\\\/schema.org\",\"@graph\":[{\"@type\":\"WebPage\",\"@id\":\"https:\\\/\\\/www.berin.fo\\\/en\\\/about-berin\\\/what-is-berin\\\/\",\"url\":\"https:\\\/\\\/www.berin.fo\\\/en\\\/about-berin\\\/what-is-berin\\\/\",\"name\":\"What is Berin? - Berin\",\"isPartOf\":{\"@id\":\"https:\\\/\\\/www.berin.fo\\\/#website\"},\"primaryImageOfPage\":{\"@id\":\"https:\\\/\\\/www.berin.fo\\\/en\\\/about-berin\\\/what-is-berin\\\/#primaryimage\"},\"image\":{\"@id\":\"https:\\\/\\\/www.berin.fo\\\/en\\\/about-berin\\\/what-is-berin\\\/#primaryimage\"},\"thumbnailUrl\":\"http:\\\/\\\/www.berin.fo\\\/wp-content\\\/uploads\\\/2022\\\/08\\\/DSC_1328.jpg\",\"datePublished\":\"2021-10-14T21:37:17+00:00\",\"dateModified\":\"2024-07-11T13:50:52+00:00\",\"breadcrumb\":{\"@id\":\"https:\\\/\\\/www.berin.fo\\\/en\\\/about-berin\\\/what-is-berin\\\/#breadcrumb\"},\"inLanguage\":\"en-US\",\"potentialAction\":[{\"@type\":\"ReadAction\",\"target\":[\"https:\\\/\\\/www.berin.fo\\\/en\\\/about-berin\\\/what-is-berin\\\/\"]}]},{\"@type\":\"ImageObject\",\"inLanguage\":\"en-US\",\"@id\":\"https:\\\/\\\/www.berin.fo\\\/en\\\/about-berin\\\/what-is-berin\\\/#primaryimage\",\"url\":\"http:\\\/\\\/www.berin.fo\\\/wp-content\\\/uploads\\\/2022\\\/08\\\/DSC_1328.jpg\",\"contentUrl\":\"http:\\\/\\\/www.berin.fo\\\/wp-content\\\/uploads\\\/2022\\\/08\\\/DSC_1328.jpg\"},{\"@type\":\"BreadcrumbList\",\"@id\":\"https:\\\/\\\/www.berin.fo\\\/en\\\/about-berin\\\/what-is-berin\\\/#breadcrumb\",\"itemListElement\":[{\"@type\":\"ListItem\",\"position\":1,\"name\":\"Home\",\"item\":\"https:\\\/\\\/www.berin.fo\\\/en\\\/\"},{\"@type\":\"ListItem\",\"position\":2,\"name\":\"About Berin\",\"item\":\"https:\\\/\\\/www.berin.fo\\\/en\\\/about-berin\\\/\"},{\"@type\":\"ListItem\",\"position\":3,\"name\":\"What is Berin?\"}]},{\"@type\":\"WebSite\",\"@id\":\"https:\\\/\\\/www.berin.fo\\\/#website\",\"url\":\"https:\\\/\\\/www.berin.fo\\\/\",\"name\":\"Berin\",\"description\":\"Berin\",\"potentialAction\":[{\"@type\":\"SearchAction\",\"target\":{\"@type\":\"EntryPoint\",\"urlTemplate\":\"https:\\\/\\\/www.berin.fo\\\/?s={search_term_string}\"},\"query-input\":{\"@type\":\"PropertyValueSpecification\",\"valueRequired\":true,\"valueName\":\"search_term_string\"}}],\"inLanguage\":\"en-US\"}]}<\/script>\n<!-- \/ Yoast SEO plugin. -->","yoast_head_json":{"title":"What is Berin? - Berin","robots":{"index":"index","follow":"follow","max-snippet":"max-snippet:-1","max-image-preview":"max-image-preview:large","max-video-preview":"max-video-preview:-1"},"canonical":"https:\/\/www.berin.fo\/en\/about-berin\/what-is-berin\/","og_locale":"en_US","og_type":"article","og_title":"What is Berin? - Berin","og_description":"&#8220;A place where the light always gets in&#8221; The name Berin&nbsp;means clearing in English. Often used about \u2018a clearing in the woods\u2019 a place where the sun always gets through. In Faroese we can also use the concept \u2018sita \u00e1 beraj\u00f3lum,\u2019 meaning to be defenceless, unsheltered out in the open. This is a sensation that [&hellip;]","og_url":"https:\/\/www.berin.fo\/en\/about-berin\/what-is-berin\/","og_site_name":"Berin","article_modified_time":"2024-07-11T13:50:52+00:00","og_image":[{"url":"http:\/\/www.berin.fo\/wp-content\/uploads\/2022\/08\/DSC_1328.jpg","type":"","width":"","height":""}],"twitter_card":"summary_large_image","twitter_misc":{"Est. reading time":"7 minutes"},"schema":{"@context":"https:\/\/schema.org","@graph":[{"@type":"WebPage","@id":"https:\/\/www.berin.fo\/en\/about-berin\/what-is-berin\/","url":"https:\/\/www.berin.fo\/en\/about-berin\/what-is-berin\/","name":"What is Berin? - Berin","isPartOf":{"@id":"https:\/\/www.berin.fo\/#website"},"primaryImageOfPage":{"@id":"https:\/\/www.berin.fo\/en\/about-berin\/what-is-berin\/#primaryimage"},"image":{"@id":"https:\/\/www.berin.fo\/en\/about-berin\/what-is-berin\/#primaryimage"},"thumbnailUrl":"http:\/\/www.berin.fo\/wp-content\/uploads\/2022\/08\/DSC_1328.jpg","datePublished":"2021-10-14T21:37:17+00:00","dateModified":"2024-07-11T13:50:52+00:00","breadcrumb":{"@id":"https:\/\/www.berin.fo\/en\/about-berin\/what-is-berin\/#breadcrumb"},"inLanguage":"en-US","potentialAction":[{"@type":"ReadAction","target":["https:\/\/www.berin.fo\/en\/about-berin\/what-is-berin\/"]}]},{"@type":"ImageObject","inLanguage":"en-US","@id":"https:\/\/www.berin.fo\/en\/about-berin\/what-is-berin\/#primaryimage","url":"http:\/\/www.berin.fo\/wp-content\/uploads\/2022\/08\/DSC_1328.jpg","contentUrl":"http:\/\/www.berin.fo\/wp-content\/uploads\/2022\/08\/DSC_1328.jpg"},{"@type":"BreadcrumbList","@id":"https:\/\/www.berin.fo\/en\/about-berin\/what-is-berin\/#breadcrumb","itemListElement":[{"@type":"ListItem","position":1,"name":"Home","item":"https:\/\/www.berin.fo\/en\/"},{"@type":"ListItem","position":2,"name":"About Berin","item":"https:\/\/www.berin.fo\/en\/about-berin\/"},{"@type":"ListItem","position":3,"name":"What is Berin?"}]},{"@type":"WebSite","@id":"https:\/\/www.berin.fo\/#website","url":"https:\/\/www.berin.fo\/","name":"Berin","description":"Berin","potentialAction":[{"@type":"SearchAction","target":{"@type":"EntryPoint","urlTemplate":"https:\/\/www.berin.fo\/?s={search_term_string}"},"query-input":{"@type":"PropertyValueSpecification","valueRequired":true,"valueName":"search_term_string"}}],"inLanguage":"en-US"}]}},"_links":{"self":[{"href":"https:\/\/www.berin.fo\/en\/wp-json\/wp\/v2\/pages\/3700","targetHints":{"allow":["GET"]}}],"collection":[{"href":"https:\/\/www.berin.fo\/en\/wp-json\/wp\/v2\/pages"}],"about":[{"href":"https:\/\/www.berin.fo\/en\/wp-json\/wp\/v2\/types\/page"}],"author":[{"embeddable":true,"href":"https:\/\/www.berin.fo\/en\/wp-json\/wp\/v2\/users\/3"}],"replies":[{"embeddable":true,"href":"https:\/\/www.berin.fo\/en\/wp-json\/wp\/v2\/comments?post=3700"}],"version-history":[{"count":12,"href":"https:\/\/www.berin.fo\/en\/wp-json\/wp\/v2\/pages\/3700\/revisions"}],"predecessor-version":[{"id":4880,"href":"https:\/\/www.berin.fo\/en\/wp-json\/wp\/v2\/pages\/3700\/revisions\/4880"}],"up":[{"embeddable":true,"href":"https:\/\/www.berin.fo\/en\/wp-json\/wp\/v2\/pages\/3703"}],"wp:attachment":[{"href":"https:\/\/www.berin.fo\/en\/wp-json\/wp\/v2\/media?parent=3700"}],"curies":[{"name":"wp","href":"https:\/\/api.w.org\/{rel}","templated":true}]}}